{"id":903,"date":"2025-03-19T06:11:26","date_gmt":"2025-03-19T10:11:26","guid":{"rendered":"https:\/\/www.graymont.com\/?page_id=903"},"modified":"2026-01-21T16:13:23","modified_gmt":"2026-01-21T21:13:23","slug":"communaute","status":"publish","type":"page","link":"https:\/\/www.graymont.com\/fr\/communaute\/","title":{"rendered":"Communaut\u00e9"},"content":{"rendered":"<div class=\"wpb-content-wrapper\"><p>[vc_row full_width=\u00a0\u00bbstretch_row\u00a0\u00bb el_class=\u00a0\u00bbsubheader-hero two acf-hero\u00a0\u00bb][vc_column width=\u00a0\u00bb2\/3&Prime;][vc_column_text css=\u00a0\u00bb\u00a0\u00bb]<\/p>\n<h1 class=\"title\" style=\"text-align: left;\"><span style=\"color: #e86e25;\">COMMUNAUT\u00c9<\/span><\/h1>\n<h4 style=\"text-align: left;\">Des communaut\u00e9s fortes rendent tout ce que nous faisons possible. C\u2019est pourquoi nous nous engageons activement, pas seulement comme entreprise, mais aussi comme voisin, partenaire et alli\u00e9 du bien-\u00eatre local \u00e0 long terme.<\/h4>\n<p>[\/vc_column_text][vc_row_inner el_class=\u00a0\u00bbno-margin-bottom-mobile\u00a0\u00bb][vc_column_inner el_class=\u00a0\u00bbdisplay-flex-side-subheader\u00a0\u00bb][vc_btn title=\u00a0\u00bbSoutenir nos communaut\u00e9s\u00a0\u00bb align=\u00a0\u00bbleft\u00a0\u00bb css=\u00a0\u00bb\u00a0\u00bb el_class=\u00a0\u00bbfull-width-mobile\u00a0\u00bb link=\u00a0\u00bburl:%2Ffr%2Fsupporting-our-communities%2F\u00a0\u00bb][vc_btn title=\u00a0\u00bbNous contacter\u00a0\u00bb align=\u00a0\u00bbright\u00a0\u00bb css=\u00a0\u00bb\u00a0\u00bb el_class=\u00a0\u00bbfull-width-mobile blue-btn\u00a0\u00bb link=\u00a0\u00bburl:%2Ffr%2Fcontactez-nous%2F\u00a0\u00bb][\/vc_column_inner][\/vc_row_inner][\/vc_column][vc_column width=\u00a0\u00bb1\/3&Prime;][\/vc_column][\/vc_row][vc_row full_width=\u00a0\u00bbstretch_row\u00a0\u00bb css=\u00a0\u00bb.vc_custom_1743247052450{background-color: #E86E25 !important;}\u00a0\u00bb el_class=\u00a0\u00bbdark-bg\u00a0\u00bb el_id=\u00a0\u00bbsticky-bar-ref\u00a0\u00bb][vc_column css=\u00a0\u00bb.vc_custom_1741989651784{padding-top: 15px !important;}\u00a0\u00bb][vc_column_text css=\u00a0\u00bb.vc_custom_1769029991400{margin-bottom: 0px !important;}\u00a0\u00bb el_class=\u00a0\u00bbdisplay-flex links-list-top-bar\u00a0\u00bb]<\/p>\n<h6 class=\"orange-text\" style=\"text-align: left;\"><a href=\"#engagement\">ENGAGEMENT CONCRET<\/a><\/h6>\n<h6 class=\"orange-text\" style=\"text-align: left;\"><a href=\"#partnership\">PARTENARIATS LOCAUX<\/a><\/h6>\n<h6 class=\"orange-text\" style=\"text-align: left;\"><a href=\"#indigenous-people-community\">POLITIQUE RELATIVE AUX PEUPLES AUTOCHTONES<\/a><\/h6>\n<h6 class=\"orange-text\" style=\"text-align: left;\"><a href=\"#giving-back\">PARTICIPATION DES EMPLOY\u00c9S<\/a><\/h6>\n<h6 class=\"orange-text\" style=\"text-align: left;\"><a href=\"#well-being\">INVESTIR DANS LE BIEN-\u00caTRE<\/a><\/h6>\n<p>[\/vc_column_text][\/vc_column][\/vc_row][vc_section full_width=\u00a0\u00bbstretch_row\u00a0\u00bb css=\u00a0\u00bb.vc_custom_1742031307796{margin-top: 20px !important;}\u00a0\u00bb el_class=\u00a0\u00bbicon-bg-top-right\u00a0\u00bb][vc_row css=\u00a0\u00bb.vc_custom_1741986757463{margin-top: 45px !important;}\u00a0\u00bb][vc_column width=\u00a0\u00bb11\/12&Prime;][vc_column_text css=\u00a0\u00bb\u00a0\u00bb]<\/p>\n<h2 style=\"text-align: left;\">Tisser des relations durables<\/h2>\n<p>Nous sommes l\u00e0 pour rester. Nous nous investissons partout o\u00f9 nous sommes pr\u00e9sents. Cela signifie soutenir des projets communautaires, contribuer au d\u00e9veloppement local et cr\u00e9er des occasions de collaboration. Nous sommes fiers de participer \u00e0 l\u2019\u00e9panouissement des communaut\u00e9s, sur les plans \u00e9conomique, social et humain.[\/vc_column_text][\/vc_column][vc_column width=\u00a0\u00bb1\/12&Prime;][\/vc_column][\/vc_row][vc_row content_placement=\u00a0\u00bbmiddle\u00a0\u00bb el_id=\u00a0\u00bbengagement\u00a0\u00bb][vc_column width=\u00a0\u00bb1\/2&Prime; el_class=\u00a0\u00bbfade-in-on-view slide-right delay-300 delay-mobile-50&Prime;][vc_single_image image=\u00a0\u00bb1180&Prime; img_size=\u00a0\u00bbfull\u00a0\u00bb css=\u00a0\u00bb.vc_custom_1742530102384{margin-bottom: 0px !important;}\u00a0\u00bb el_class=\u00a0\u00bbcorner-bottom-right-cut\u00a0\u00bb][\/vc_column][vc_column width=\u00a0\u00bb1\/2&Prime; el_class=\u00a0\u00bbfade-in-on-view slide-left delay-300 delay-mobile-50&Prime;][vc_column_text css=\u00a0\u00bb\u00a0\u00bb]<\/p>\n<h2 style=\"text-align: left;\">S\u2019engager concr\u00e8tement dans la communaut\u00e9<\/h2>\n<p>Les liens durables se construisent avec le temps. Tout commence par l\u2019\u00e9coute. En collaborant avec les leaders locaux, les organismes et les r\u00e9sident\u00b7e\u00b7s, nous b\u00e2tissons un climat de confiance et cherchons ensemble \u00e0 cr\u00e9er un impact positif.[\/vc_column_text][\/vc_column][\/vc_row][vc_row content_placement=\u00a0\u00bbmiddle\u00a0\u00bb el_id=\u00a0\u00bbpartnership\u00a0\u00bb el_class=\u00a0\u00bbinvert-cl-mobile\u00a0\u00bb][vc_column width=\u00a0\u00bb1\/2&Prime; el_class=\u00a0\u00bbfade-in-on-view slide-right delay-300 delay-mobile-50&Prime;][vc_column_text css=\u00a0\u00bb\u00a0\u00bb]<\/p>\n<h2 style=\"text-align: left;\">Partenariats locaux<\/h2>\n<p>Chaque communaut\u00e9 est unique. Notre approche l\u2019est aussi. Nous prenons le temps de comprendre ce qui importe aux gens qui vivent et travaillent pr\u00e8s de nos installations, et nous b\u00e2tissons des partenariats qui refl\u00e8tent leurs priorit\u00e9s. Qu\u2019il s\u2019agisse de parrainages, de programmes organis\u00e9s ou de b\u00e9n\u00e9volat d\u2019\u00e9quipe, nous faisons partie int\u00e9grante des milieux o\u00f9 nous sommes pr\u00e9sents.[\/vc_column_text][\/vc_column][vc_column width=\u00a0\u00bb1\/2&Prime; el_class=\u00a0\u00bbfade-in-on-view slide-left delay-300 delay-mobile-50&Prime;][vc_single_image image=\u00a0\u00bb1142&Prime; img_size=\u00a0\u00bbfull\u00a0\u00bb css=\u00a0\u00bb.vc_custom_1742527653822{margin-bottom: 0px !important;}\u00a0\u00bb el_class=\u00a0\u00bbcorner-top-left-cut\u00a0\u00bb][\/vc_column][\/vc_row][\/vc_section][vc_row equal_height=\u00a0\u00bbyes\u00a0\u00bb el_class=\u00a0\u00bbindigenous-people-section\u00a0\u00bb css=\u00a0\u00bb.vc_custom_1742381254765{padding-top: 35px !important;padding-bottom: 35px !important;background-color: #F7F6F2 !important;}\u00a0\u00bb el_id=\u00a0\u00bbindigenous-people-community\u00a0\u00bb][vc_column width=\u00a0\u00bb2\/6&Prime; css=\u00a0\u00bb.vc_custom_1741987498736{margin-top: 0px !important;padding-top: 0px !important;background-color: #50748A !important;}\u00a0\u00bb el_class=\u00a0\u00bbour-people-careers dark-bg fade-in-on-view slide-right delay-300 delay-mobile-20&Prime;][vc_single_image image=\u00a0\u00bb1130&Prime; img_size=\u00a0\u00bbfull\u00a0\u00bb css=\u00a0\u00bb.vc_custom_1742526355058{margin-top: 0px !important;margin-bottom: 0px !important;padding-top: 0px !important;}\u00a0\u00bb el_class=\u00a0\u00bbcorner-bottom-right-cut\u00a0\u00bb][vc_column_text css=\u00a0\u00bb\u00a0\u00bb el_class=\u00a0\u00bbextra-padding-l\u00a0\u00bb]<\/p>\n<h2 style=\"text-align: left;\">RESPECT &amp; UNDERSTANDING<\/h2>\n<p>[\/vc_column_text][\/vc_column][vc_column width=\u00a0\u00bb4\/6&Prime; el_class=\u00a0\u00bbtext-block minimal-toggle\u00a0\u00bb][vc_column_text css=\u00a0\u00bb\u00a0\u00bb]<\/p>\n<h2>Politique sur les peuples autochtones et les Premi\u00e8res Nations<\/h2>\n<h4>Les principes suivants guident nos efforts pour cr\u00e9er et maintenir des relations \u00e0 long terme efficaces :<\/h4>\n<p><strong>Respect mutuel<\/strong><\/p>\n<ul>\n<li>Graymont s\u2019engage \u00e0 reconna\u00eetre les droits uniques des peuples autochtones et des Premi\u00e8res Nations ainsi qu\u2019\u00e0 comprendre et \u00e0 respecter leur histoire, leurs coutumes, leurs croyances et leurs traditions.<\/li>\n<li>Graymont s\u2019engage \u00e0 gagner le respect des peuples autochtones et des Premi\u00e8res Nations.<\/li>\n<\/ul>\n<p><strong>Communication<\/strong><\/p>\n<ul>\n<li>Graymont s\u2019engage \u00e0 \u00e9couter et \u00e0 communiquer ouvertement et honn\u00eatement.<\/li>\n<li>Graymont s\u2019engage \u00e0 consulter en temps opportun et de mani\u00e8re adapt\u00e9e \u00e0 la culture et s\u2019engage \u00e0 impliquer proactivement les peuples autochtones et les Premi\u00e8res Nations pour assurer la protection et le d\u00e9veloppement de leurs communaut\u00e9s.<\/li>\n<\/ul>\n<p>[\/vc_column_text][vc_toggle title=\u00a0\u00bbContinue \u00e0 lire\u00a0\u00bb css=\u00a0\u00bb\u00a0\u00bb]<strong>Environnement<\/strong><\/p>\n<ul>\n<li>Graymont reconna\u00eet et respecte la relation sp\u00e9ciale des peuples autochtones et des Premi\u00e8res Nations avec le territoire et l\u2019environnement. Nous prenons au s\u00e9rieux nos obligations envers le territoire et notre responsabilit\u00e9 de fonctionner dans le respect de l\u2019environnement.<\/li>\n<\/ul>\n<p>Graymont s\u2019engage \u00e0 \u00e9tablir avec les peuples autochtones et les Premi\u00e8res Nations des relations \u00e0 long terme qui sont fond\u00e9es sur le respect et la confiance et\u00a0sont mutuellement b\u00e9n\u00e9fiques.<\/p>\n<p>Nous nous concentrons sur la cr\u00e9ation de valeur dans de nombreux domaines, dont les suivants\u00a0:<\/p>\n<p><strong>\u00c9ducation et emploi<\/strong><\/p>\n<ul>\n<li>Soutenir les peuples autochtones et les Premi\u00e8res Nations dans le d\u00e9veloppement de leur potentiel et l\u2019am\u00e9lioration de leur capacit\u00e9 \u00e0 poursuivre une carri\u00e8re enrichissante avec Graymont et dans d\u2019autres domaines.<\/li>\n<\/ul>\n<p><strong>D\u00e9veloppement de l\u2019entreprise<\/strong><\/p>\n<ul>\n<li>Collaborer \u00e9troitement avec les entreprises des peuples autochtones et des Premi\u00e8res Nations afin de d\u00e9couvrir des opportunit\u00e9s mutuellement favorables pour l\u2019approvisionnement de nos\u00a0\u00e9tablissements en biens et en services.<\/li>\n<\/ul>\n<p><strong>D\u00e9veloppement communautaire<\/strong><\/p>\n<ul>\n<li>Investir dans la cr\u00e9ation de capacit\u00e9 pour des progr\u00e8s futurs, tout en appuyant les cultures, les traditions et les priorit\u00e9s des peuples autochtones et des Premi\u00e8res Nations.<\/li>\n<\/ul>\n<p>[\/vc_toggle][\/vc_column][\/vc_row][vc_section full_width=\u00a0\u00bbstretch_row\u00a0\u00bb el_class=\u00a0\u00bbicon-bg-bottom-left\u00a0\u00bb css=\u00a0\u00bb.vc_custom_1742031622619{margin-top: 35px !important;}\u00a0\u00bb][vc_row content_placement=\u00a0\u00bbmiddle\u00a0\u00bb el_id=\u00a0\u00bbgiving-back\u00a0\u00bb][vc_column width=\u00a0\u00bb1\/2&Prime; el_class=\u00a0\u00bbfade-in-on-view slide-right delay-300 delay-mobile-50&Prime;][vc_column_text css=\u00a0\u00bb\u00a0\u00bb]<\/p>\n<h2 style=\"text-align: left;\">Participation des employ\u00e9\u00b7e\u00b7s<\/h2>\n<p>Chez Graymont, redonner est une affaire personnelle. Gr\u00e2ce au b\u00e9n\u00e9volat, \u00e0 la direction d\u2019initiatives locales et au soutien apport\u00e9 \u00e0 nos voisin\u00b7e\u00b7s, les employ\u00e9\u00b7e\u00b7s de Graymont contribuent \u00e0 g\u00e9n\u00e9rer des retomb\u00e9es durables et \u00e0 cr\u00e9er des milieux de vie viables partout o\u00f9 nous sommes \u00e9tablis.[\/vc_column_text][\/vc_column][vc_column width=\u00a0\u00bb1\/2&Prime; el_class=\u00a0\u00bbfade-in-on-view slide-left delay-300 delay-mobile-50&Prime;][vc_single_image image=\u00a0\u00bb1305&Prime; img_size=\u00a0\u00bbfull\u00a0\u00bb css=\u00a0\u00bb.vc_custom_1743063635158{margin-bottom: 0px !important;}\u00a0\u00bb el_class=\u00a0\u00bbcorner-bottom-left-cut\u00a0\u00bb][\/vc_column][\/vc_row][vc_row content_placement=\u00a0\u00bbmiddle\u00a0\u00bb el_id=\u00a0\u00bbwell-being\u00a0\u00bb el_class=\u00a0\u00bbinvert-cl-mobile\u00a0\u00bb][vc_column width=\u00a0\u00bb1\/2&Prime; el_class=\u00a0\u00bbfade-in-on-view slide-right delay-300 delay-mobile-50&Prime;][vc_single_image image=\u00a0\u00bb1303&Prime; img_size=\u00a0\u00bbfull\u00a0\u00bb css=\u00a0\u00bb.vc_custom_1743063559142{margin-bottom: 0px !important;}\u00a0\u00bb el_class=\u00a0\u00bbcorner-top-right-cut\u00a0\u00bb][\/vc_column][vc_column width=\u00a0\u00bb1\/2&Prime; el_class=\u00a0\u00bbfade-in-on-view slide-left delay-300 delay-mobile-50&Prime;][vc_column_text css=\u00a0\u00bb\u00a0\u00bb]<\/p>\n<h2 style=\"text-align: left;\">Investir dans le bien-\u00eatre local<\/h2>\n<p>Par ses contributions cibl\u00e9es et ses partenariats ax\u00e9s sur l\u2019am\u00e9lioration de la sant\u00e9, de l\u2019\u00e9ducation et du d\u00e9veloppement \u00e9conomique, Graymont renforce les communaut\u00e9s locales et b\u00e2tit un climat de confiance fond\u00e9 sur le respect mutuel.[\/vc_column_text][\/vc_column][\/vc_row][\/vc_section][vc_row full_width=\u00a0\u00bbstretch_row_content\u00a0\u00bb equal_height=\u00a0\u00bbyes\u00a0\u00bb content_placement=\u00a0\u00bbmiddle\u00a0\u00bb el_class=\u00a0\u00bbtwo-cols-boxed dark-bg hover-fade-effects\u00a0\u00bb css=\u00a0\u00bb.vc_custom_1742403512755{background-color: #50748A !important;}\u00a0\u00bb][vc_column width=\u00a0\u00bb1\/2&Prime; el_class=\u00a0\u00bbfirst-sade\u00a0\u00bb css=\u00a0\u00bb.vc_custom_1742525653454{background-image: url(https:\/\/www.graymont.com\/wp-content\/uploads\/2025\/03\/cf8bf8e7-1f2e-429f-823d-bd7df68e7f8d-min.png?id=1120) !important;}\u00a0\u00bb][vc_column_text css=\u00a0\u00bb\u00a0\u00bb el_class=\u00a0\u00bbleft-margin-fullwidth\u00a0\u00bb]<\/p>\n<h2 style=\"text-align: left;\">R\u00e9seau d\u2019approvisionnement mondial<\/h2>\n<p>Cliquez ci-dessous pour d\u00e9couvrir les sites de Graymont ainsi que nos terminaux de transbordement rail-camion strat\u00e9giquement situ\u00e9s, qui assurent un approvisionnement fiable en produits pour nos client\u00b7e\u00b7s.[\/vc_column_text][vc_btn title=\u00a0\u00bbNos emplacements\u00a0\u00bb css=\u00a0\u00bb\u00a0\u00bb link=\u00a0\u00bburl:%2Ffr%2Finstallations%2F\u00a0\u00bb el_class=\u00a0\u00bbleft-margin-fullwidth\u00a0\u00bb][\/vc_column][vc_column width=\u00a0\u00bb1\/2&Prime; css=\u00a0\u00bb.vc_custom_1742525637247{background-image: url(https:\/\/www.graymont.com\/wp-content\/uploads\/2025\/03\/bg-boxed-community.jpg?id=938) !important;background-position: center !important;background-repeat: no-repeat !important;background-size: cover !important;}\u00a0\u00bb el_class=\u00a0\u00bbsecond-sade\u00a0\u00bb][vc_column_text css=\u00a0\u00bb\u00a0\u00bb el_class=\u00a0\u00bbright-margin-fullwidth\u00a0\u00bb]<\/p>\n<h2 style=\"text-align: left;\">Engagement communautaire<\/h2>\n<p>Cliquez ci-dessous pour en savoir plus sur les projets qui apportent des changements positifs dans les communaut\u00e9s o\u00f9 nous vivons et travaillons.[\/vc_column_text][vc_btn title=\u00a0\u00bbNos projets\u00a0\u00bb css=\u00a0\u00bb\u00a0\u00bb link=\u00a0\u00bburl:%2Fsupporting-our-communities%2F\u00a0\u00bb el_class=\u00a0\u00bbright-margin-fullwidth\u00a0\u00bb][\/vc_column][\/vc_row]<\/p>\n<\/div>","protected":false},"excerpt":{"rendered":"<p>[vc_row full_width=\u00a0\u00bbstretch_row\u00a0\u00bb el_class=\u00a0\u00bbsubheader-hero two acf-hero\u00a0\u00bb][vc_column width=\u00a0\u00bb2\/3&Prime;][vc_column_text css=\u00a0\u00bb\u00a0\u00bb] COMMUNAUT\u00c9 Des communaut\u00e9s fortes rendent tout ce que nous faisons possible. C\u2019est pourquoi nous nous engageons activement, pas seulement<span class=\"excerpt-hellip\"> [\u2026]<\/span><\/p>\n","protected":false},"author":1,"featured_media":-1,"parent":0,"menu_order":0,"comment_status":"closed","ping_status":"closed","template":"","meta":{"_acf_changed":false,"footnotes":""},"class_list":["post-903","page","type-page","status-publish","has-post-thumbnail","hentry"],"acf":[],"_links":{"self":[{"href":"https:\/\/www.graymont.com\/fr\/wp-json\/wp\/v2\/pages\/903","targetHints":{"allow":["GET"]}}],"collection":[{"href":"https:\/\/www.graymont.com\/fr\/wp-json\/wp\/v2\/pages"}],"about":[{"href":"https:\/\/www.graymont.com\/fr\/wp-json\/wp\/v2\/types\/page"}],"author":[{"embeddable":true,"href":"https:\/\/www.graymont.com\/fr\/wp-json\/wp\/v2\/users\/1"}],"replies":[{"embeddable":true,"href":"https:\/\/www.graymont.com\/fr\/wp-json\/wp\/v2\/comments?post=903"}],"version-history":[{"count":2,"href":"https:\/\/www.graymont.com\/fr\/wp-json\/wp\/v2\/pages\/903\/revisions"}],"predecessor-version":[{"id":8027,"href":"https:\/\/www.graymont.com\/fr\/wp-json\/wp\/v2\/pages\/903\/revisions\/8027"}],"wp:featuredmedia":[{"embeddable":true,"href":"https:\/\/www.graymont.com\/fr\/wp-json\/"}],"wp:attachment":[{"href":"https:\/\/www.graymont.com\/fr\/wp-json\/wp\/v2\/media?parent=903"}],"curies":[{"name":"wp","href":"https:\/\/api.w.org\/{rel}","templated":true}]}}