{"id":7955,"date":"2026-01-05T14:04:12","date_gmt":"2026-01-05T19:04:12","guid":{"rendered":"https:\/\/www.graymont.com\/?page_id=7955"},"modified":"2026-01-22T16:25:06","modified_gmt":"2026-01-22T21:25:06","slug":"code-de-conduite-de-graymont","status":"publish","type":"page","link":"https:\/\/www.graymont.com\/fr\/rapport-de-transparence\/code-de-conduite-de-graymont\/","title":{"rendered":"Code de conduite de Graymont"},"content":{"rendered":"<div class=\"wpb-content-wrapper\"><p>[vc_row][vc_column][vc_column_text css=\u00a0\u00bb\u00a0\u00bb]<\/p>\n<h2><span class=\"field field--name-title field--type-string field--label-hidden\">Code de conduite en anglais<\/span><\/h2>\n<p>Veuillez <a href=\"https:\/\/www.graymont.com\/wp-content\/uploads\/2026\/01\/Graymont-CoE-EN-effective-2025Dec.pdf\" target=\"_blank\" rel=\"noopener\">cliquer ici<\/a> pour t\u00e9l\u00e9charger le Code de conduite en anglais.<\/p>\n<hr \/>\n<h2>Code de conduite en fran\u00e7ais canadien<\/h2>\n<p>Veuillez <a href=\"https:\/\/www.graymont.com\/wp-content\/uploads\/2026\/01\/Graymont-CoE-FR-effective-2025Dec.pdf\" target=\"_blank\" rel=\"noopener\">cliquer ici<\/a> pour t\u00e9l\u00e9charger le Code de conduite de Graymont en fran\u00e7ais canadien.<\/p>\n<hr \/>\n<h2>Code de conduite en malais<\/h2>\n<p>Veuillez <a href=\"https:\/\/www.graymont.com\/wp-content\/uploads\/2026\/01\/Graymont-CoE-MS-1.pdf\" target=\"_blank\" rel=\"noopener\">cliquer ici<\/a> pour t\u00e9l\u00e9charger le Code de conduite de Graymont en malais.<\/p>\n<hr \/>\n<h2>Code de conduite en tagalog<\/h2>\n<p>Veuillez <a href=\"https:\/\/www.graymont.com\/wp-content\/uploads\/2026\/01\/Graymont-CoE-TL-1.pdf\" target=\"_blank\" rel=\"noopener\">cliquer ici<\/a> pour t\u00e9l\u00e9charger le Code de conduite de Graymont en tagalog.[\/vc_column_text][\/vc_column][\/vc_row]<\/p>\n<\/div>","protected":false},"excerpt":{"rendered":"<p>[vc_row][vc_column][vc_column_text css=\u00a0\u00bb\u00a0\u00bb] Code de conduite en anglais Veuillez cliquer ici pour t\u00e9l\u00e9charger le Code de conduite en anglais. Code de conduite en fran\u00e7ais canadien Veuillez cliquer<span class=\"excerpt-hellip\"> [\u2026]<\/span><\/p>\n","protected":false},"author":1,"featured_media":-1,"parent":7986,"menu_order":0,"comment_status":"closed","ping_status":"closed","template":"","meta":{"_acf_changed":false,"footnotes":""},"class_list":["post-7955","page","type-page","status-publish","has-post-thumbnail","hentry"],"acf":[],"_links":{"self":[{"href":"https:\/\/www.graymont.com\/fr\/wp-json\/wp\/v2\/pages\/7955","targetHints":{"allow":["GET"]}}],"collection":[{"href":"https:\/\/www.graymont.com\/fr\/wp-json\/wp\/v2\/pages"}],"about":[{"href":"https:\/\/www.graymont.com\/fr\/wp-json\/wp\/v2\/types\/page"}],"author":[{"embeddable":true,"href":"https:\/\/www.graymont.com\/fr\/wp-json\/wp\/v2\/users\/1"}],"replies":[{"embeddable":true,"href":"https:\/\/www.graymont.com\/fr\/wp-json\/wp\/v2\/comments?post=7955"}],"version-history":[{"count":7,"href":"https:\/\/www.graymont.com\/fr\/wp-json\/wp\/v2\/pages\/7955\/revisions"}],"predecessor-version":[{"id":8034,"href":"https:\/\/www.graymont.com\/fr\/wp-json\/wp\/v2\/pages\/7955\/revisions\/8034"}],"up":[{"embeddable":true,"href":"https:\/\/www.graymont.com\/fr\/wp-json\/wp\/v2\/pages\/7986"}],"wp:featuredmedia":[{"embeddable":true,"href":"https:\/\/www.graymont.com\/fr\/wp-json\/"}],"wp:attachment":[{"href":"https:\/\/www.graymont.com\/fr\/wp-json\/wp\/v2\/media?parent=7955"}],"curies":[{"name":"wp","href":"https:\/\/api.w.org\/{rel}","templated":true}]}}