{"id":7480,"date":"2025-08-29T09:37:17","date_gmt":"2025-08-29T13:37:17","guid":{"rendered":"https:\/\/www.graymont.com\/?page_id=7480"},"modified":"2026-04-09T13:51:32","modified_gmt":"2026-04-09T17:51:32","slug":"declaration-relatives-a-lesclavage-moderne","status":"publish","type":"page","link":"https:\/\/www.graymont.com\/fr\/durabilite\/divulgations\/declaration-relatives-a-lesclavage-moderne\/","title":{"rendered":"D\u00e9clarations relatives \u00e0 l\u2019esclavage moderne"},"content":{"rendered":"<div class=\"wpb-content-wrapper\"><p>[vc_row full_width=&#8221;stretch_row&#8221; el_class=&#8221;subheader-hero acf-hero&#8221;][vc_column width=&#8221;2\/3&#8243;][vc_column_text css=&#8221;&#8221;]<\/p>\n<h2>D\u00e9clarations relatives \u00e0 l\u2019esclavage moderne<\/h2>\n<p>[\/vc_column_text][\/vc_column][vc_column width=&#8221;1\/3&#8243;][\/vc_column][\/vc_row][vc_section full_width=&#8221;stretch_row&#8221; css=&#8221;.vc_custom_1742031307796{margin-top: 20px !important;}&#8221; el_class=&#8221;icon-bg-top-right&#8221;][vc_row css=&#8221;.vc_custom_1741986757463{margin-top: 45px !important;}&#8221;][vc_column width=&#8221;1\/4&#8243;][vc_column_text css=&#8221;&#8221;]<\/p>\n<h5 class=\"light-blue-text\" style=\"text-align: left;\">CHOISIR UN RAPPORT:<\/h5>\n<div id=\"mds-links-page\">\n                    <div class=\"parent-top-link\">\n                <a href=\"https:\/\/www.graymont.com\/fr\/durabilite\/divulgations\/\">Divulgations<\/a>\n            <\/div>\n                <ul><li class=\"\"><a href=\"https:\/\/www.graymont.com\/fr\/durabilite\/divulgations\/secteur-extractif-du-canada\/\">Secteur extractif du Canada<\/a><\/li><li class=\"\"><a href=\"https:\/\/www.graymont.com\/fr\/durabilite\/divulgations\/chaines-dapprovisionnement-de-californie\/\">Cha\u00eenes d\u2019approvisionnement de Californie<\/a><\/li><li class=\"\"><a href=\"https:\/\/www.graymont.com\/fr\/durabilite\/divulgations\/rehabilitation-des-mines-nouvelle-galles-du-sud\/\">R\u00e9habilitation des mines \u2013 Nouvelle-Galles du Sud<\/a><\/li><li class=\"\"><a href=\"https:\/\/www.graymont.com\/fr\/durabilite\/divulgations\/rapports-nouvelle-galles-du-sud\/\">Rapports \u2013 Nouvelle-Galles du Sud<\/a><\/li><li class=\"\"><a href=\"https:\/\/www.graymont.com\/fr\/durabilite\/divulgations\/code-de-conduite-des-fournisseurs\/\">Code de conduite des fournisseurs<\/a><\/li><li class=\"\"><a href=\"https:\/\/www.graymont.com\/fr\/durabilite\/divulgations\/modification-de-lee-de-la-carriere-calliope\/\">Modification de l\u2019\u00c9E de la carri\u00e8re Calliope<\/a><\/li><li class=\"\"><a href=\"https:\/\/www.graymont.com\/fr\/durabilite\/divulgations\/modification-de-levaluation-environnementale-de-la-carriere-de-murgon-forage\/\">Modification de l&#8217;\u00e9valuation environnementale de la carri\u00e8re de Murgon (forage)<\/a><\/li><li class=\"\"><a href=\"https:\/\/www.graymont.com\/fr\/durabilite\/divulgations\/rapports-tasmanie\/\">Rapports \u2013 Tasmanie<\/a><\/li><li class=\"\"><a href=\"https:\/\/www.graymont.com\/fr\/durabilite\/divulgations\/rapport-annuel-loi-canadienne-sur-la-chaine-dapprovisionnement\/\">Rapport annuel \u2013 Loi canadienne sur la cha\u00eene d\u2019approvisionnement<\/a><\/li><li class=\"\"><a href=\"https:\/\/www.graymont.com\/fr\/durabilite\/divulgations\/australia-whistleblower-policy\/\">Politique de d\u00e9nonciation en Australie<\/a><\/li><li class=\"highlited\"><a href=\"https:\/\/www.graymont.com\/fr\/durabilite\/divulgations\/declaration-relatives-a-lesclavage-moderne\/\">D\u00e9clarations relatives \u00e0 l\u2019esclavage moderne<\/a><\/li><li class=\"\"><a href=\"https:\/\/www.graymont.com\/fr\/durabilite\/divulgations\/declaration-australienne-sur-lesclavage-moderne\/\">D\u00e9claration australienne sur l\u2019esclavage moderne<\/a><\/li><li class=\"\"><a href=\"https:\/\/www.graymont.com\/fr\/durabilite\/divulgations\/malaysia-whistleblower-policy\/\">Politique de d\u00e9nonciation en Malaisie<\/a><\/li><li class=\"\"><a href=\"https:\/\/www.graymont.com\/fr\/durabilite\/divulgations\/rapports-de-consultation-communautaire\/\">Rapports de consultation communautaire<\/a><\/li><li class=\"\"><a href=\"https:\/\/www.graymont.com\/fr\/durabilite\/divulgations\/permis-dexploitation-usine-de-chaux-de-galong\/\">Permis d\u2019exploitation \u2013 Usine de chaux de Galong<\/a><\/li><\/ul>    <\/div>\n    [\/vc_column_text][\/vc_column][vc_column width=&#8221;3\/4&#8243; el_id=&#8221;jump-to-content&#8221;][vc_column_text css=&#8221;&#8221;]<\/p>\n<h4>Graymont s\u2019engage \u00e0 atteindre un leadership sectorial en mati\u00e8re de durabilit\u00e9, de relations communautaires et de performance sociale, conform\u00e9ment \u00e0 notre mission d\u2019am\u00e9liorer le monde en r\u00e9pondant de mani\u00e8re responsable aux besoins de la soci\u00e9t\u00e9 en solutions de haute qualit\u00e9 \u00e0 base de calcium.<\/h4>\n<p>Nous soutenons pleinement les exigences de d\u00e9claration \u00e9tablies par la loi australienne sur l\u2019esclavage moderne (Cth) ainsi que par la loi canadienne de 2023 visant \u00e0 lutter contre le travail forc\u00e9 et le travail des enfants dans les cha\u00eenes d\u2019approvisionnement du Canada. Nous consid\u00e9rons qu\u2019il s\u2019agit d\u2019une \u00e9tape cruciale dans la lutte contre l\u2019exploitation des individus dans les cha\u00eenes d\u2019approvisionnement nationales et mondiales.<\/p>\n<p>En tant qu\u2019entreprise, nous nous engageons \u00e0 sensibiliser le public au probl\u00e8me mondial de l\u2019esclavage moderne. Nous continuons \u00e0 travailler en \u00e9troite collaboration avec nos employ\u00e9s, consultants, agents, fournisseurs et partenaires pour nous assurer que nos activit\u00e9s n\u2019ont pas d\u2019impact n\u00e9gatif sur les droits de la personne de nos employ\u00e9s, des membres de la communaut\u00e9 et d\u2019autres parties prenantes. Nous nous effor\u00e7ons \u00e9galement de maintenir les normes \u00e9thiques les plus \u00e9lev\u00e9es dans toutes nos op\u00e9rations.<\/p>\n<h3>Rapport combin\u00e9\u00a02024<\/h3>\n<p>[\/vc_column_text][vc_column_text css=&#8221;&#8221;]<!-- Gridbuilder \u1d42\u1d3e Plugin (https:\/\/wpgridbuilder.com) -->\n<div class=\"wp-grid-builder wpgb-grid-35\" data-options=\"{&quot;id&quot;:35,&quot;type&quot;:&quot;masonry&quot;,&quot;source&quot;:&quot;post_type&quot;,&quot;loader&quot;:false,&quot;layout&quot;:&quot;vertical&quot;,&quot;reveal&quot;:0,&quot;isMainQuery&quot;:0,&quot;lazyLoad&quot;:false,&quot;cardSizes&quot;:{&quot;9999&quot;:{&quot;columns&quot;:3,&quot;height&quot;:240,&quot;gutter&quot;:16,&quot;ratio&quot;:&quot;1.33333&quot;},&quot;1280&quot;:{&quot;columns&quot;:3,&quot;height&quot;:220,&quot;gutter&quot;:16,&quot;ratio&quot;:&quot;1.33333&quot;},&quot;1024&quot;:{&quot;columns&quot;:2,&quot;height&quot;:200,&quot;gutter&quot;:16,&quot;ratio&quot;:&quot;1.33333&quot;},&quot;640&quot;:{&quot;columns&quot;:1,&quot;height&quot;:200,&quot;gutter&quot;:16,&quot;ratio&quot;:&quot;1.33333&quot;}},&quot;fitRows&quot;:false,&quot;equalRows&quot;:0,&quot;equalColumns&quot;:true,&quot;fillLastRow&quot;:0,&quot;centerLastRow&quot;:0,&quot;horizontalOrder&quot;:false,&quot;fullWidth&quot;:false,&quot;transitionDelay&quot;:100,&quot;gallerySlideshow&quot;:false,&quot;rowsNumber&quot;:1,&quot;slideAlign&quot;:&quot;left&quot;,&quot;groupCells&quot;:1,&quot;draggable&quot;:true,&quot;initialIndex&quot;:0,&quot;contain&quot;:false,&quot;freeScroll&quot;:false,&quot;freeFriction&quot;:&quot;0.075&quot;,&quot;friction&quot;:&quot;0.285&quot;,&quot;attraction&quot;:&quot;0.025&quot;,&quot;autoPlay&quot;:0,&quot;pageDotAriaLabel&quot;:&quot;Point de page %d&quot;,&quot;isPreview&quot;:false,&quot;isGutenberg&quot;:false,&quot;rightToLeft&quot;:false}\"><div class=\"wpgb-svg-icons\" hidden>\n\t<svg viewBox=\"0 0 120 24\" width=\"0\" height=\"0\">\n\t<defs>\n        <polygon id=\"wpgb-star-svg\" points=\"12 2.5 15.1 8.8 22 9.8 17 14.6 18.2 21.5 12 18.3 5.8 21.5 7 14.6 2 9.8 8.9 8.8\"><\/polygon>\n    <\/defs>\n    <symbol id=\"wpgb-rating-stars-svg\">\n        <use xlink:href=\"#wpgb-star-svg\"><\/use>\n        <use xlink:href=\"#wpgb-star-svg\" x=\"24\"><\/use>\n        <use xlink:href=\"#wpgb-star-svg\" x=\"48\"><\/use>\n        <use xlink:href=\"#wpgb-star-svg\" x=\"72\"><\/use>\n        <use xlink:href=\"#wpgb-star-svg\" x=\"96\"><\/use>\n    <\/symbol>\n<\/svg>\n<\/div>\n<div class=\"wpgb-wrapper\">\n\t<div class=\"wpgb-main\">\n\t<div class=\"wpgb-area wpgb-area-top-1\">\n\t<div class=\"wpgb-facet wpgb-loading wpgb-facet-1\" data-facet=\"1\" data-grid=\"35\">\t<fieldset>\n\t\t<legend class=\"wpgb-facet-title wpgb-sr-only\">Search Field<\/legend>\n\t\t<div class=\"wpgb-search-facet\"><label>\n\t\t\t\t<span class=\"wpgb-sr-only\">Rechercher<\/span>\n\t\t\t\t<input class=\"wpgb-input\" type=\"search\" name=\"search_field\" placeholder=\"Rechercher...\" value=\"\" autocomplete=\"off\">\n\t\t\t\t<svg class=\"wpgb-input-icon\" viewBox=\"0 0 24 24\" height=\"16\" width=\"16\" aria-hidden=\"true\" focusable=\"false\"><path d=\"M17.5 17.5 23 23Zm-16-7a9 9 0 1 1 9 9 9 9 0 0 1-9-9Z\"\/><\/svg>\n\t\t\t<\/label><button type=\"button\" class=\"wpgb-clear-button\" hidden><span class=\"wpgb-sr-only\">Effacer<\/span><svg viewBox=\"0 0 24 24\" height=\"24\" width=\"24\" aria-hidden=\"true\" focusable=\"false\"><path d=\"m12 12-4.25 4.75L12.001 12 7.75 7.25 12.001 12l4.249-4.75L12 12l4.25 4.75Z\"\/><\/svg><\/button><\/div>\t<\/fieldset>\n\t<\/div><div class=\"wpgb-facet wpgb-loading wpgb-facet-30\" data-facet=\"30\" data-grid=\"35\">\t<fieldset>\n\t\t<legend class=\"wpgb-facet-title wpgb-sr-only\">Modern Slavery Filters<\/legend>\n\t\t<div class=\"wpgb-select-facet\"><label><span class=\"wpgb-sr-only\">S\u00e9lectionnez le contenu<\/span><select class=\"wpgb-select\" name=\"modern_slavery_filters\"><option value=\"\">Choose a Report Option<\/option><option value=\"rapport-annuel-loi-canadienne-sur-la-chaine-dapprovisionnement\">Rapport annuel \u2013 Loi canadienne sur la cha\u00eene d\u2019approvisionnement<\/option><option value=\"declaration-relatives-a-lesclavage-moderne\">D\u00e9clarations relatives \u00e0 l\u2019esclavage moderne<\/option><option value=\"declaration-australienne-sur-lesclavage-moderne\">D\u00e9claration australienne sur l\u2019esclavage moderne<\/option><\/select><span class=\"wpgb-select-controls\"><span class=\"wpgb-select-separator\"><\/span><svg class=\"wpgb-select-toggle\" viewBox=\"0 0 24 24\" height=\"24\" width=\"24\" aria-hidden=\"true\" focusable=\"false\"><path d=\"m12 14.536-.045.043.045-.043-5.3-5.114 5.3 5.114 5.3-5.114-5.3 5.114.045.043Z\"\/><\/svg><\/span><\/label><\/div>\t<\/fieldset>\n\t<\/div><div class=\"wpgb-facet wpgb-loading wpgb-facet-5\" data-facet=\"5\" data-grid=\"35\">\t<fieldset>\n\t\t<legend class=\"wpgb-facet-title wpgb-sr-only\">Year<\/legend>\n\t\t<div class=\"wpgb-select-facet\"><label><span class=\"wpgb-sr-only\">S\u00e9lectionnez le contenu<\/span><select class=\"wpgb-select\" name=\"years\"><option value=\"\">S\u00e9lectionner une ann\u00e9e<\/option><option value=\"2024\">2024<\/option><option value=\"2023\">2023<\/option><option value=\"2022\">2022<\/option><option value=\"2021\">2021<\/option><option value=\"2020\">2020<\/option><\/select><span class=\"wpgb-select-controls\"><span class=\"wpgb-select-separator\"><\/span><svg class=\"wpgb-select-toggle\" viewBox=\"0 0 24 24\" height=\"24\" width=\"24\" aria-hidden=\"true\" focusable=\"false\"><path d=\"m12 14.536-.045.043.045-.043-5.3-5.114 5.3 5.114 5.3-5.114-5.3 5.114.045.043Z\"\/><\/svg><\/span><\/label><\/div>\t<\/fieldset>\n\t<\/div><\/div>\n<div class=\"wpgb-layout\">\n\t<div class=\"wpgb-viewport\">\n\t\t<div class=\"wpgb-masonry\">\n\t\t\t<article class=\"wpgb-card wpgb-card-3 wpgb-post-5870\" data-col=\"1\" data-row=\"1\" data-format=\"standard\"><div class=\"wpgb-card-wrapper\"><div class=\"wpgb-card-inner\" data-action><div class=\"wpgb-card-content wpgb-scheme-dark\"><div class=\"wpgb-card-body\"><h3 class=\"wpgb-block-1\"><a href=\"https:\/\/www.graymont.com\/fr\/rapport-transparence\/declaration-de-graymont-sur-lesclavage-moderne-2024\/\">D\u00e9claration de Graymont sur l\u2019esclavage moderne\u00a02024<\/a><\/h3><div class=\"wpgb-block-5\"><span class=\"wpgb-block-term\" data-id=\"568\">D\u00e9clarations relatives \u00e0 l\u2019esclavage moderne<\/span><\/div><\/div><\/div><a class=\"wpgb-card-layer-link\" target=\"_blank\" rel=\"external noopener noreferrer\" href=\"https:\/\/www.graymont.com\/fr\/rapport-transparence\/declaration-de-graymont-sur-lesclavage-moderne-2024\/\"><\/a><\/div><\/div><\/article><article class=\"wpgb-card wpgb-card-3 wpgb-post-5996\" data-col=\"1\" data-row=\"1\" data-format=\"standard\"><div class=\"wpgb-card-wrapper\"><div class=\"wpgb-card-inner\" data-action><div class=\"wpgb-card-content wpgb-scheme-dark\"><div class=\"wpgb-card-body\"><h3 class=\"wpgb-block-1\"><a href=\"https:\/\/www.graymont.com\/fr\/rapport-transparence\/graymont-modern-slavery-statement-2023\/\">D\u00e9claration sur l\u2019esclavage moderne 2023<\/a><\/h3><div class=\"wpgb-block-5\"><span class=\"wpgb-block-term\" data-id=\"343\">D\u00e9claration australienne sur l\u2019esclavage moderne<\/span><\/div><\/div><\/div><a class=\"wpgb-card-layer-link\" target=\"_blank\" rel=\"external noopener noreferrer\" href=\"https:\/\/www.graymont.com\/fr\/rapport-transparence\/graymont-modern-slavery-statement-2023\/\"><\/a><\/div><\/div><\/article><article class=\"wpgb-card wpgb-card-3 wpgb-post-6000\" data-col=\"1\" data-row=\"1\" data-format=\"standard\"><div class=\"wpgb-card-wrapper\"><div class=\"wpgb-card-inner\" data-action><div class=\"wpgb-card-content wpgb-scheme-dark\"><div class=\"wpgb-card-body\"><h3 class=\"wpgb-block-1\"><a href=\"https:\/\/www.graymont.com\/fr\/rapport-transparence\/declaration-de-graymont-sur-lesclavage-moderne-2022\/\">D\u00e9claration de Graymont sur l\u2019esclavage moderne\u00a02022<\/a><\/h3><div class=\"wpgb-block-5\"><span class=\"wpgb-block-term\" data-id=\"343\">D\u00e9claration australienne sur l\u2019esclavage moderne<\/span><\/div><\/div><\/div><a class=\"wpgb-card-layer-link\" target=\"_blank\" rel=\"external noopener noreferrer\" href=\"https:\/\/www.graymont.com\/fr\/rapport-transparence\/declaration-de-graymont-sur-lesclavage-moderne-2022\/\"><\/a><\/div><\/div><\/article><article class=\"wpgb-card wpgb-card-3 wpgb-post-6001\" data-col=\"1\" data-row=\"1\" data-format=\"standard\"><div class=\"wpgb-card-wrapper\"><div class=\"wpgb-card-inner\" data-action><div class=\"wpgb-card-content wpgb-scheme-dark\"><div class=\"wpgb-card-body\"><h3 class=\"wpgb-block-1\"><a href=\"https:\/\/www.graymont.com\/fr\/rapport-transparence\/graymont-modern-slavery-statement-2021\/\">D\u00e9claration de Graymont sur l\u2019esclavage moderne\u00a02021<\/a><\/h3><div class=\"wpgb-block-5\"><span class=\"wpgb-block-term\" data-id=\"343\">D\u00e9claration australienne sur l\u2019esclavage moderne<\/span><\/div><\/div><\/div><a class=\"wpgb-card-layer-link\" target=\"_blank\" rel=\"external noopener noreferrer\" href=\"https:\/\/www.graymont.com\/fr\/rapport-transparence\/graymont-modern-slavery-statement-2021\/\"><\/a><\/div><\/div><\/article><article class=\"wpgb-card wpgb-card-3 wpgb-post-6002\" data-col=\"1\" data-row=\"1\" data-format=\"standard\"><div class=\"wpgb-card-wrapper\"><div class=\"wpgb-card-inner\" data-action><div class=\"wpgb-card-content wpgb-scheme-dark\"><div class=\"wpgb-card-body\"><h3 class=\"wpgb-block-1\"><a href=\"https:\/\/www.graymont.com\/fr\/rapport-transparence\/declaration-de-graymont-sur-lesclavage-moderne-2020\/\">D\u00e9claration de Graymont sur l\u2019esclavage moderne\u00a02020<\/a><\/h3><div class=\"wpgb-block-5\"><span class=\"wpgb-block-term\" data-id=\"343\">D\u00e9claration australienne sur l\u2019esclavage moderne<\/span><\/div><\/div><\/div><a class=\"wpgb-card-layer-link\" target=\"_blank\" rel=\"external noopener noreferrer\" href=\"https:\/\/www.graymont.com\/fr\/rapport-transparence\/declaration-de-graymont-sur-lesclavage-moderne-2020\/\"><\/a><\/div><\/div><\/article><article class=\"wpgb-card wpgb-card-3 wpgb-post-7627\" data-col=\"1\" data-row=\"1\" data-format=\"standard\"><div class=\"wpgb-card-wrapper\"><div class=\"wpgb-card-inner\" data-action><div class=\"wpgb-card-content wpgb-scheme-dark\"><div class=\"wpgb-card-body\"><h3 class=\"wpgb-block-1\"><a href=\"https:\/\/www.graymont.com\/fr\/rapport-transparence\/loi-sur-les-chaines-dapprovisionnement-2024\/\">Loi sur les cha\u00eenes d\u2019approvisionnement 2024<\/a><\/h3><div class=\"wpgb-block-5\"><span class=\"wpgb-block-term\" data-id=\"568\">D\u00e9clarations relatives \u00e0 l\u2019esclavage moderne<\/span><\/div><\/div><\/div><a class=\"wpgb-card-layer-link\" target=\"_blank\" rel=\"external noopener noreferrer\" href=\"https:\/\/www.graymont.com\/fr\/rapport-transparence\/loi-sur-les-chaines-dapprovisionnement-2024\/\"><\/a><\/div><\/div><\/article><article class=\"wpgb-card wpgb-card-3 wpgb-post-6049\" data-col=\"1\" data-row=\"1\" data-format=\"standard\"><div class=\"wpgb-card-wrapper\"><div class=\"wpgb-card-inner\" data-action><div class=\"wpgb-card-content wpgb-scheme-dark\"><div class=\"wpgb-card-body\"><h3 class=\"wpgb-block-1\"><a href=\"https:\/\/www.graymont.com\/fr\/rapport-transparence\/supply-chains-act-report-2023\/\">Rapport 2023 \u2013 Loi sur la cha\u00eene d\u2019approvisionnement<\/a><\/h3><div class=\"wpgb-block-5\"><span class=\"wpgb-block-term\" data-id=\"568\">D\u00e9clarations relatives \u00e0 l\u2019esclavage moderne<\/span><\/div><\/div><\/div><a class=\"wpgb-card-layer-link\" target=\"_blank\" rel=\"external noopener noreferrer\" href=\"https:\/\/www.graymont.com\/fr\/rapport-transparence\/supply-chains-act-report-2023\/\"><\/a><\/div><\/div><\/article>\t\t<\/div>\n\t<\/div>\n\t<\/div>\n<div class=\"wpgb-area wpgb-area-bottom-1\">\n\t<div class=\"wpgb-facet wpgb-loading wpgb-facet-3\" data-facet=\"3\" data-grid=\"35\"><\/div><\/div>\n\t<\/div>\n\t\t<\/div>\n<\/div>\n[\/vc_column_text][\/vc_column][\/vc_row][\/vc_section][vc_row][vc_column][vc_column_text css=&#8221;.vc_custom_1746723357998{margin-bottom: 0px !important;}&#8221;]<style><\/style>[\/vc_column_text][\/vc_column][\/vc_row]<\/p>\n<\/div>","protected":false},"excerpt":{"rendered":"<p>[vc_row full_width=&#8221;stretch_row&#8221; el_class=&#8221;subheader-hero acf-hero&#8221;][vc_column width=&#8221;2\/3&#8243;][vc_column_text css=&#8221;&#8221;] D\u00e9clarations relatives \u00e0 l\u2019esclavage moderne [\/vc_column_text][\/vc_column][vc_column width=&#8221;1\/3&#8243;][\/vc_column][\/vc_row][vc_section full_width=&#8221;stretch_row&#8221; css=&#8221;.vc_custom_1742031307796{margin-top: 20px !important;}&#8221; el_class=&#8221;icon-bg-top-right&#8221;][vc_row css=&#8221;.vc_custom_1741986757463{margin-top: 45px !important;}&#8221;][vc_column width=&#8221;1\/4&#8243;][vc_column_text css=&#8221;&#8221;] CHOISIR UN RAPPORT:<span class=\"excerpt-hellip\"> [\u2026]<\/span><\/p>\n","protected":false},"author":1,"featured_media":-1,"parent":1464,"menu_order":270,"comment_status":"closed","ping_status":"closed","template":"","meta":{"_acf_changed":false,"footnotes":""},"class_list":["post-7480","page","type-page","status-publish","has-post-thumbnail","hentry"],"acf":[],"_links":{"self":[{"href":"https:\/\/www.graymont.com\/fr\/wp-json\/wp\/v2\/pages\/7480","targetHints":{"allow":["GET"]}}],"collection":[{"href":"https:\/\/www.graymont.com\/fr\/wp-json\/wp\/v2\/pages"}],"about":[{"href":"https:\/\/www.graymont.com\/fr\/wp-json\/wp\/v2\/types\/page"}],"author":[{"embeddable":true,"href":"https:\/\/www.graymont.com\/fr\/wp-json\/wp\/v2\/users\/1"}],"replies":[{"embeddable":true,"href":"https:\/\/www.graymont.com\/fr\/wp-json\/wp\/v2\/comments?post=7480"}],"version-history":[{"count":6,"href":"https:\/\/www.graymont.com\/fr\/wp-json\/wp\/v2\/pages\/7480\/revisions"}],"predecessor-version":[{"id":8231,"href":"https:\/\/www.graymont.com\/fr\/wp-json\/wp\/v2\/pages\/7480\/revisions\/8231"}],"up":[{"embeddable":true,"href":"https:\/\/www.graymont.com\/fr\/wp-json\/wp\/v2\/pages\/1464"}],"wp:featuredmedia":[{"embeddable":true,"href":"https:\/\/www.graymont.com\/fr\/wp-json\/"}],"wp:attachment":[{"href":"https:\/\/www.graymont.com\/fr\/wp-json\/wp\/v2\/media?parent=7480"}],"curies":[{"name":"wp","href":"https:\/\/api.w.org\/{rel}","templated":true}]}}