{"id":678,"date":"2025-03-14T16:43:33","date_gmt":"2025-03-14T20:43:33","guid":{"rendered":"https:\/\/www.graymont.com\/?page_id=678"},"modified":"2025-06-03T05:15:51","modified_gmt":"2025-06-03T09:15:51","slug":"durabilite","status":"publish","type":"page","link":"https:\/\/www.graymont.com\/fr\/durabilite\/","title":{"rendered":"Durabilit\u00e9"},"content":{"rendered":"<div class=\"wpb-content-wrapper\"><p>[vc_row full_width=\u00a0\u00bbstretch_row\u00a0\u00bb el_class=\u00a0\u00bbsubheader-hero acf-hero\u00a0\u00bb][vc_column width=\u00a0\u00bb2\/3&Prime;][vc_column_text css=\u00a0\u00bb\u00a0\u00bb]<\/p>\n<h1 class=\"title\" style=\"text-align: left;\"><span style=\"color: #e86e25;\">Notre engagement<\/span><\/h1>\n<h4 style=\"text-align: left;\">Graymont s\u2019engage \u00e0 \u00eatre un leader en termes de durabilit\u00e9 \u2014 conform\u00e9ment \u00e0 notre mission Fournir des solutions \u00e0 base de calcium essentielles \u00e0 un monde en \u00e9volution.<\/h4>\n<p>[\/vc_column_text][vc_row_inner el_class=\u00a0\u00bbno-margin-bottom-mobile\u00a0\u00bb][vc_column_inner el_class=\u00a0\u00bbdisplay-flex-side-subheader\u00a0\u00bb][vc_btn title=\u00a0\u00bbRapport sur le d\u00e9veloppement durable 2024&Prime; align=\u00a0\u00bbleft\u00a0\u00bb css=\u00a0\u00bb\u00a0\u00bb el_class=\u00a0\u00bbfull-width-mobile\u00a0\u00bb link=\u00a0\u00bburl:https%3A%2F%2Fgraymont.com%2F%3Fpost_type%3Dreport%26p%3D1490|\u00a0\u00bb][vc_btn title=\u00a0\u00bbContactez-nous\u00a0\u00bb align=\u00a0\u00bbright\u00a0\u00bb css=\u00a0\u00bb\u00a0\u00bb el_class=\u00a0\u00bbfull-width-mobile blue-btn\u00a0\u00bb link=\u00a0\u00bburl:https%3A%2F%2Fgraymont.com%2Ffr%2Fcontact-us%2F|\u00a0\u00bb][\/vc_column_inner][\/vc_row_inner][\/vc_column][vc_column width=\u00a0\u00bb1\/3&Prime;][\/vc_column][\/vc_row][vc_row full_width=\u00a0\u00bbstretch_row\u00a0\u00bb css=\u00a0\u00bb.vc_custom_1743247184632{background-color: #E86E25 !important;}\u00a0\u00bb el_class=\u00a0\u00bbdark-bg\u00a0\u00bb el_id=\u00a0\u00bbsticky-bar-ref\u00a0\u00bb][vc_column css=\u00a0\u00bb.vc_custom_1741989651784{padding-top: 15px !important;}\u00a0\u00bb][vc_column_text css=\u00a0\u00bb.vc_custom_1748867274207{margin-bottom: 0px !important;}\u00a0\u00bb el_class=\u00a0\u00bbdisplay-flex links-list-top-bar\u00a0\u00bb]<\/p>\n<h6 class=\"orange-text\" style=\"text-align: left;\"><a href=\"#community\">Relations avec la communaut\u00e9<\/a><\/h6>\n<h6 class=\"orange-text\" style=\"text-align: left;\"><a href=\"#workforce-culture\">Culture de travail<\/a><\/h6>\n<h6 class=\"orange-text\" style=\"text-align: left;\"><a href=\"#disclosures\">Divulgations<\/a><\/h6>\n<h6 class=\"orange-text\" style=\"text-align: left;\"><a href=\"#reports\">Rapports<\/a><\/h6>\n<p>[\/vc_column_text][\/vc_column][\/vc_row][vc_section full_width=\u00a0\u00bbstretch_row\u00a0\u00bb css=\u00a0\u00bb.vc_custom_1742031307796{margin-top: 20px !important;}\u00a0\u00bb el_class=\u00a0\u00bbicon-bg-top-right\u00a0\u00bb][vc_row css=\u00a0\u00bb.vc_custom_1747209591790{margin-top: 45px !important;}\u00a0\u00bb el_id=\u00a0\u00bbenviroment\u00a0\u00bb][vc_column width=\u00a0\u00bb11\/12&Prime;][vc_column_text css=\u00a0\u00bb\u00a0\u00bb]<\/p>\n<h2 style=\"text-align: left;\">Protection de l&rsquo;environnement<\/h2>\n<p>Bien que nous soyons fiers que les produits de Graymont fassent partie de la solution lorsqu\u2019il est question de r\u00e9pondre aux nombreux d\u00e9fis environnementaux contemporains, nous reconnaissons les impacts environnementaux in\u00e9vitables qui r\u00e9sultent des\u00a0activit\u00e9s d\u2019extraction et de transformation de Graymont.<\/p>\n<p>La strat\u00e9gie de l&rsquo;entreprise en mati\u00e8re d\u2019environnement cible principalement trois aspects cl\u00e9s qui forment les piliers environnementaux du syst\u00e8me de gestion SSE de Graymont : les \u00e9missions atmosph\u00e9riques, l&rsquo;efficacit\u00e9 \u00e9nerg\u00e9tique et la r\u00e9duction des d\u00e9chets.<\/p>\n<p>Les \u00e9missions atmosph\u00e9riques sont caus\u00e9es en grande partie par le processus de combustion utilis\u00e9 dans les fours \u00e0 chaux de Graymont ainsi que par les poussi\u00e8res diffuses non contenues qui\u00a0se retrouvent\u00a0en suspension dans l&rsquo;air. Cela requiert en\u00a0premier lieu des investissement dans des technologies d&rsquo;efficacit\u00e9 \u00e9nerg\u00e9tique pour les installations de production nouvelles ou r\u00e9nov\u00e9es,\u00a0ainsi que\u00a0des pratiques exemplaires et des technologies de r\u00e9duction des \u00e9missions de poussi\u00e8res.<\/p>\n<p>La calcination du calcaire pour produire de la chaux vive est un processus \u00e9nergivore. Une meilleure efficacit\u00e9 \u00e9nerg\u00e9tique se traduit par des niveaux r\u00e9duits de polluants dans l&rsquo;air et d&rsquo;\u00e9missions de gaz \u00e0 effet de serre (GES).\u00a0L\u2019utilisation responsable de nos ressources nous permet de prolonger leur dur\u00e9e de vie\u00a0et de r\u00e9duire l&rsquo;impact de l&rsquo;entreprise sur l\u2019environnement.[\/vc_column_text][vc_btn title=\u00a0\u00bbL\u2019action climatique de Graymont\u00a0\u00bb css=\u00a0\u00bb\u00a0\u00bb link=\u00a0\u00bburl:%2Ffr%2Fdurabilite%2Faction-climatique%2F\u00a0\u00bb el_class=\u00a0\u00bbarrow-link\u00a0\u00bb][\/vc_column][vc_column width=\u00a0\u00bb1\/12&Prime;][\/vc_column][\/vc_row][vc_row content_placement=\u00a0\u00bbmiddle\u00a0\u00bb disable_element=\u00a0\u00bbyes\u00a0\u00bb el_id=\u00a0\u00bbclimate-action\u00a0\u00bb][vc_column width=\u00a0\u00bb1\/2&Prime; el_class=\u00a0\u00bbfade-in-on-view slide-right delay-300 delay-mobile-50&Prime;][vc_single_image image=\u00a0\u00bb1313&Prime; img_size=\u00a0\u00bbfull\u00a0\u00bb css=\u00a0\u00bb.vc_custom_1742573276273{margin-bottom: 0px !important;}\u00a0\u00bb el_class=\u00a0\u00bbcorner-bottom-right-cut\u00a0\u00bb][\/vc_column][vc_column width=\u00a0\u00bb1\/2&Prime; el_class=\u00a0\u00bbfade-in-on-view slide-left delay-300 delay-mobile-50&Prime;][vc_column_text css=\u00a0\u00bb\u00a0\u00bb]<\/p>\n<h2 style=\"text-align: left;\">Graymont and Climate Action<\/h2>\n<p>As an industry leader in the global lime industry, in business for over 70 years, Graymont has the privilege of supplying products and solutions that are essential to healthy, modern societies and crucial to a decarbonized economy.\u00a0 Notwithstanding its positive contributions to the global economy, and society at large, the lime industry is facing a climate-change challenge: the \u2018calcination\u2019, or burning, of limestone to produce quicklime is an emission-intensive process. With climate change at the forefront of today\u2019s environmental concerns, Graymont recognizes its responsibility to further reduce its carbon footprint \u2014 and to collaboratively work with other industry participants to help secure a place for lime as a vital element of tomorrow\u2019s decarbonized world.\u00a0 <a href=\"#expand-text\">Keep Reading<\/a>[\/vc_column_text][vc_column_text css=\u00a0\u00bb\u00a0\u00bb el_class=\u00a0\u00bbexpand-text\u00a0\u00bb]The lime industry, along with steel, cement, and other industries with hard-to-abate emissions, is a significant source of GHG emissions.<\/p>\n<p>To that end, Graymont supports the Paris Agreement and is committed to actively participating in the realization of its goal to limit global warming to well below 2, preferably to 1.5 degrees Celsius, compared to pre-industrial levels. We are working to further reduce our Company\u2019s carbon footprint, with the aim of achieving net-zero GHG emissions by the year 2050.<\/p>\n<p>Given the magnitude of the challenge and the complexity of today\u2019s global supply chains, achieving the Paris Agreement targets will require a collaborative effort by individual businesses, industry associations, various levels of governments, and society at large.<\/p>\n<p>The most-critical element of the challenges facing the lime industry is posed by its difficult-to-abate process emissions. Graymont has succeeded in recent years in improving its fuel efficiency and steadily reducing its combustion-related emissions intensity. However, to markedly reduce their process emissions, lime producers will need to deploy step-change technologies on a commercial scale.<\/p>\n<p>Graymont believes that the most promising technologies involve carbon capture, and usage or sequestration (CCS). Given the magnitude of the capital investment required to accelerate the commercialization and deployment of CCS technologies on a large scale, the lime industry will need to work with various levels of government and other stakeholders to facilitate their implementation. We believe governments will need to establish a reliable, long-term market price for carbon, create a level playing field in terms of the regulatory framework with respect to tariffs and taxes in various jurisdictions, and promote and develop carbon transportation and sequestration infrastructure that is open to all. In addition, financial incentive programs will be needed to accelerate the development of these technologies.<\/p>\n<p>In return, Graymont and the lime industry can both decarbonize and continue to provide societal benefits as providers of environmental solutions and facilitators of global economic growth. Furthermore, the employment and economic opportunities available to the members of the communities where Graymont operates will be enhanced.<\/p>\n<p>And finally, Graymont\u2019s customers will directly benefit from the availability of calcium-based solutions that will help them meet their own climate-action targets.[\/vc_column_text][\/vc_column][\/vc_row][vc_row content_placement=\u00a0\u00bbmiddle\u00a0\u00bb disable_element=\u00a0\u00bbyes\u00a0\u00bb el_id=\u00a0\u00bbemissions\u00a0\u00bb el_class=\u00a0\u00bbinvert-cl-mobile\u00a0\u00bb][vc_column width=\u00a0\u00bb1\/2&Prime; el_class=\u00a0\u00bbfade-in-on-view slide-right delay-300 delay-mobile-50&Prime;][vc_column_text css=\u00a0\u00bb\u00a0\u00bb]<\/p>\n<h2 style=\"text-align: left;\">Emissions Profile<\/h2>\n<p>The \u2018calcination\u2019 or burning of limestone to produce quicklime is an energy-intensive process that has categorized the lime industry, along with steel, cement and others, as significant sources of GHG emissions.<\/p>\n<p><strong>2024 Performance<\/strong><\/p>\n<p>Graymont\u2019s overall emissions intensity, that is the volume of GHG emissions per tonne of lime produced (including both process and combustion emissions), decreased by more than 2% from 2023 levels. Our combustion-only emissions decreased by 6% percent from 2023 levels, more than 24% below our 2004 baseline level. This decrease was driven by the increased use of natural gas as opposed to solid fuels.\u00a0 <a href=\"#expand-text\">Keep Reading<\/a>[\/vc_column_text][vc_column_text css=\u00a0\u00bb\u00a0\u00bb el_class=\u00a0\u00bbexpand-text\u00a0\u00bb]In 2024, Graymont emitted 5.2 million tonnes of CO2 equivalent from its facilities. CO2 comes directly out of the stone during the chemical transformation process, accounting for the largest portion of Graymont\u2019s GHG emissions. The fossil fuels most commonly utilized to fire our lime kilns represent the second largest source of CO2 emissions. Fuel consumed by machinery and equipment as well as indirect emissions from electricity account for the balance of the company\u2019s CO2 emissions[\/vc_column_text][\/vc_column][vc_column width=\u00a0\u00bb1\/2&Prime; el_class=\u00a0\u00bbfade-in-on-view slide-left delay-300 delay-mobile-50&Prime;][vc_single_image image=\u00a0\u00bb5117&Prime; img_size=\u00a0\u00bbfull\u00a0\u00bb css=\u00a0\u00bb.vc_custom_1747175275652{margin-bottom: 0px !important;}\u00a0\u00bb el_class=\u00a0\u00bbcorner-top-left-cut\u00a0\u00bb][\/vc_column][\/vc_row][\/vc_section][vc_row full_width=\u00a0\u00bbstretch_row\u00a0\u00bb equal_height=\u00a0\u00bbyes\u00a0\u00bb el_class=\u00a0\u00bbour-people-section\u00a0\u00bb css=\u00a0\u00bb.vc_custom_1747209624818{padding-top: 35px !important;padding-bottom: 35px !important;background-color: #F7F6F2 !important;}\u00a0\u00bb el_id=\u00a0\u00bbcommunity\u00a0\u00bb][vc_column width=\u00a0\u00bb2\/5&Prime; css=\u00a0\u00bb.vc_custom_1741987498736{margin-top: 0px !important;padding-top: 0px !important;background-color: #50748A !important;}\u00a0\u00bb el_class=\u00a0\u00bbour-people-careers dark-bg fade-in-on-view slide-right delay-300 delay-mobile-20&Prime;][vc_single_image image=\u00a0\u00bb873&Prime; img_size=\u00a0\u00bbfull\u00a0\u00bb css=\u00a0\u00bb.vc_custom_1747174038807{margin-top: 0px !important;margin-bottom: 0px !important;padding-top: 0px !important;}\u00a0\u00bb el_class=\u00a0\u00bbcorner-bottom-right-cut\u00a0\u00bb][vc_column_text css=\u00a0\u00bb\u00a0\u00bb el_class=\u00a0\u00bbextra-padding-l\u00a0\u00bb]<\/p>\n<h6 style=\"text-align: center;\">Aire de repos touristique pittoresque, surnomm\u00e9e \u00ab Le Hangar \u00bb, construite dans le cadre du projet Harmonie de Marbleton<\/h6>\n<p>[\/vc_column_text][\/vc_column][vc_column width=\u00a0\u00bb3\/5&Prime;][vc_column_text css=\u00a0\u00bb\u00a0\u00bb]<\/p>\n<h2 style=\"text-align: left;\">Relations avec la communaut\u00e9<\/h2>\n<p data-start=\"749\" data-end=\"959\">Un engagement concret aupr\u00e8s des principales parties prenantes telles que les gouvernements, les organismes non gouvernementaux (ONG) et les communaut\u00e9s \u2014 y compris les Premi\u00e8res Nations et\u00a0peuples autochtones\u00a0\u2014 est indispensable\u00a0pour exploiter\u00a0les installations de l&rsquo;entreprise et b\u00e2tir un avenir durable pour notre organisation.<\/p>\n<p>Graymont croit qu\u2019une communication ouverte et honn\u00eate est \u00e0 la base de toute bonne relation de voisinage. Fort de ce principe, nous nous effor\u00e7ons de communiquer activement nos plans et de recueillir l\u2019opinion de la communaut\u00e9 afin de cerner\u00a0et de traiter les probl\u00e8mes et les id\u00e9es d\u00e8s le d\u00e9but.<\/p>\n<p>Comme toutes les entreprises, Graymont est quelque peu limit\u00e9e en termes de temps et de ressources disponibles, alors qu&rsquo;elle doit traiter plusieurs priorit\u00e9s \u00e0 la fois. N\u00e9anmoins, Graymont s&rsquo;efforce de contribuer au bien-\u00eatre et \u00e0 la qualit\u00e9 de vie gr\u00e2ce \u00e0 des investissements dans des programmes communautaires, des projets et des activit\u00e9s, et en encourageant et en appuyant la participation\u00a0des travailleurs dans la communaut\u00e9 \u00e9largie.[\/vc_column_text][vc_btn title=\u00a0\u00bbApprendre encore plus\u00a0\u00bb css=\u00a0\u00bb\u00a0\u00bb link=\u00a0\u00bburl:https%3A%2F%2Fgraymont.com%2Ffr%2Fcommunity%2F|\u00a0\u00bb el_class=\u00a0\u00bbarrow-link\u00a0\u00bb][\/vc_column][\/vc_row][vc_section full_width=\u00a0\u00bbstretch_row\u00a0\u00bb el_class=\u00a0\u00bbicon-bg-bottom-left\u00a0\u00bb css=\u00a0\u00bb.vc_custom_1742031622619{margin-top: 35px !important;}\u00a0\u00bb][vc_row content_placement=\u00a0\u00bbmiddle\u00a0\u00bb el_id=\u00a0\u00bbworkforce-culture\u00a0\u00bb][vc_column width=\u00a0\u00bb1\/2&Prime; el_class=\u00a0\u00bbfade-in-on-view slide-right delay-300 delay-mobile-50&Prime;][vc_column_text css=\u00a0\u00bb\u00a0\u00bb]<\/p>\n<h2 style=\"text-align: left;\">Culture de travail<\/h2>\n<p>L&rsquo;avantage concurrentiel de Graymont provient en grande partie des quelque 1\u00a0750 hommes et femmes remarquables qui mettent \u00e0 profit leurs comp\u00e9tences et leur \u00e9nergie quotidiennement dans nos bureaux et nos usines\u00a0de l&rsquo;Am\u00e9rique du Nord et de l&rsquo;Asie-Pacifique.<\/p>\n<p>En \u00e9change de leur travail et de leur engagement, Graymont aspire \u00e0 leur offrir une r\u00e9mun\u00e9ration et des avantages concurrentiels, un milieu de travail o\u00f9 les employ\u00e9s assument chaque jour leurs responsabilit\u00e9s, sans incident, au sein duquel\u00a0les occasions d&rsquo;apprentissage et de perfectionnement des comp\u00e9tences leur permettent de r\u00e9aliser leur plein potentiel.[\/vc_column_text][vc_btn title=\u00a0\u00bbExplorez la vie \u00e0 Graymont\u00a0\u00bb css=\u00a0\u00bb\u00a0\u00bb link=\u00a0\u00bburl:https%3A%2F%2Fgraymont.com%2Ffr%2Fcareers%2F%23workforce-culture|\u00a0\u00bb el_class=\u00a0\u00bbarrow-link\u00a0\u00bb][\/vc_column][vc_column width=\u00a0\u00bb1\/2&Prime; el_class=\u00a0\u00bbfade-in-on-view slide-left delay-300 delay-mobile-50&Prime;][vc_single_image image=\u00a0\u00bb5130&Prime; img_size=\u00a0\u00bbfull\u00a0\u00bb css=\u00a0\u00bb.vc_custom_1747176001589{margin-bottom: 0px !important;}\u00a0\u00bb el_class=\u00a0\u00bbcorner-bottom-left-cut\u00a0\u00bb][\/vc_column][\/vc_row][vc_row content_placement=\u00a0\u00bbmiddle\u00a0\u00bb el_id=\u00a0\u00bbdisclosures\u00a0\u00bb el_class=\u00a0\u00bbinvert-cl-mobile\u00a0\u00bb][vc_column width=\u00a0\u00bb1\/2&Prime; el_class=\u00a0\u00bbfade-in-on-view slide-right delay-300 delay-mobile-50&Prime;][vc_single_image image=\u00a0\u00bb5578&Prime; img_size=\u00a0\u00bbfull\u00a0\u00bb css=\u00a0\u00bb.vc_custom_1747737069684{margin-bottom: 0px !important;}\u00a0\u00bb el_class=\u00a0\u00bbcorner-top-right-cut\u00a0\u00bb][\/vc_column][vc_column width=\u00a0\u00bb1\/2&Prime; el_class=\u00a0\u00bbfade-in-on-view slide-left delay-300 delay-mobile-50&Prime;][vc_column_text css=\u00a0\u00bb\u00a0\u00bb]<\/p>\n<h2 style=\"text-align: left;\">Divulgations<\/h2>\n<p>Graymont s&rsquo;acquitte de ses obligations de divulgation conform\u00e9ment aux lois et r\u00e9glementations en vigueur dans les territoires o\u00f9 elle exerce ses activit\u00e9s. Ces exigences r\u00e9glementaires peuvent comprendre des renseignements sur les permis environnementaux, des politiques de d\u00e9nonciation, des responsabilit\u00e9s li\u00e9es \u00e0 la cha\u00eene d&rsquo;approvisionnement ou d&rsquo;autres donn\u00e9es propres \u00e0 chaque site. L&rsquo;acc\u00e8s \u00e0 ces renseignements t\u00e9moigne de notre engagement envers des op\u00e9rations responsables et le respect de la r\u00e9glementation.[\/vc_column_text][vc_btn title=\u00a0\u00bbConsultez nos renseignements\u00a0\u00bb css=\u00a0\u00bb\u00a0\u00bb link=\u00a0\u00bburl:https%3A%2F%2Fgraymont.com%2Ffr%2Fdurabilite%2Fdisclosures%2F|\u00a0\u00bb el_class=\u00a0\u00bbarrow-link\u00a0\u00bb][\/vc_column][\/vc_row][\/vc_section][vc_row full_width=\u00a0\u00bbstretch_row\u00a0\u00bb css=\u00a0\u00bb.vc_custom_1747209748339{background-image: url(https:\/\/www.graymont.com\/wp-content\/uploads\/2025\/03\/subheader-sust-report.jpg?id=715) !important;background-position: center !important;background-repeat: no-repeat !important;background-size: cover !important;}\u00a0\u00bb el_class=\u00a0\u00bbdark-bg\u00a0\u00bb el_id=\u00a0\u00bbreports\u00a0\u00bb][vc_column][vc_empty_space height=\u00a0\u00bb84px\u00a0\u00bb el_class=\u00a0\u00bbhide-mobile\u00a0\u00bb][vc_empty_space el_class=\u00a0\u00bbshow-mobile\u00a0\u00bb][vc_column_text css=\u00a0\u00bb\u00a0\u00bb]<\/p>\n<h3 class=\"orange-text\" style=\"text-align: left;\">Rapports de d\u00e9veloppement durable de Graymont<\/h3>\n<p>[\/vc_column_text][vc_row_inner][vc_column_inner el_class=\u00a0\u00bbdisplay-flex-side-subheader\u00a0\u00bb][vc_btn title=\u00a0\u00bbAfficher les rapports\u00a0\u00bb align=\u00a0\u00bbleft\u00a0\u00bb css=\u00a0\u00bb\u00a0\u00bb el_class=\u00a0\u00bbfull-width-mobile\u00a0\u00bb link=\u00a0\u00bburl:https%3A%2F%2Fgraymont.com%2Ffr%2Fsustainability-reports%2F|\u00a0\u00bb][vc_btn title=\u00a0\u00bbContactez-nous\u00a0\u00bb align=\u00a0\u00bbright\u00a0\u00bb css=\u00a0\u00bb\u00a0\u00bb el_class=\u00a0\u00bbfull-width-mobile cream-btn\u00a0\u00bb link=\u00a0\u00bburl:https%3A%2F%2Fgraymont.com%2Ffr%2Fcontact-us%2F|\u00a0\u00bb][\/vc_column_inner][\/vc_row_inner][vc_empty_space el_class=\u00a0\u00bbshow-mobile\u00a0\u00bb][vc_empty_space height=\u00a0\u00bb84px\u00a0\u00bb el_class=\u00a0\u00bbhide-mobile\u00a0\u00bb][\/vc_column][\/vc_row]<\/p>\n<\/div>","protected":false},"excerpt":{"rendered":"<p>[vc_row full_width=\u00a0\u00bbstretch_row\u00a0\u00bb el_class=\u00a0\u00bbsubheader-hero acf-hero\u00a0\u00bb][vc_column width=\u00a0\u00bb2\/3&Prime;][vc_column_text css=\u00a0\u00bb\u00a0\u00bb] Notre engagement Graymont s\u2019engage \u00e0 \u00eatre un leader en termes de durabilit\u00e9 \u2014 conform\u00e9ment \u00e0 notre mission Fournir des solutions<span class=\"excerpt-hellip\"> [\u2026]<\/span><\/p>\n","protected":false},"author":1,"featured_media":-1,"parent":0,"menu_order":0,"comment_status":"closed","ping_status":"closed","template":"","meta":{"_acf_changed":false,"footnotes":""},"class_list":["post-678","page","type-page","status-publish","has-post-thumbnail","hentry"],"acf":[],"_links":{"self":[{"href":"https:\/\/www.graymont.com\/fr\/wp-json\/wp\/v2\/pages\/678","targetHints":{"allow":["GET"]}}],"collection":[{"href":"https:\/\/www.graymont.com\/fr\/wp-json\/wp\/v2\/pages"}],"about":[{"href":"https:\/\/www.graymont.com\/fr\/wp-json\/wp\/v2\/types\/page"}],"author":[{"embeddable":true,"href":"https:\/\/www.graymont.com\/fr\/wp-json\/wp\/v2\/users\/1"}],"replies":[{"embeddable":true,"href":"https:\/\/www.graymont.com\/fr\/wp-json\/wp\/v2\/comments?post=678"}],"version-history":[{"count":0,"href":"https:\/\/www.graymont.com\/fr\/wp-json\/wp\/v2\/pages\/678\/revisions"}],"wp:featuredmedia":[{"embeddable":true,"href":"https:\/\/www.graymont.com\/fr\/wp-json\/"}],"wp:attachment":[{"href":"https:\/\/www.graymont.com\/fr\/wp-json\/wp\/v2\/media?parent=678"}],"curies":[{"name":"wp","href":"https:\/\/api.w.org\/{rel}","templated":true}]}}