{"id":6439,"date":"2025-06-02T16:41:45","date_gmt":"2025-06-02T20:41:45","guid":{"rendered":"https:\/\/www.graymont.com\/?page_id=6439"},"modified":"2025-07-15T11:41:30","modified_gmt":"2025-07-15T15:41:30","slug":"accessibilite","status":"publish","type":"page","link":"https:\/\/www.graymont.com\/fr\/accessibilite\/","title":{"rendered":"Accessibilit\u00e9"},"content":{"rendered":"<div class=\"wpb-content-wrapper\"><p>[vc_row][vc_column][vc_column_text css=\u00a0\u00bb\u00a0\u00bb]<strong>Graymont.com<\/strong><\/p>\n<p><strong>27\u00a0novembre\u00a02024<\/strong><\/p>\n<p><strong>Publi\u00e9 par<\/strong><\/p>\n<h3><strong>\u00c9tat de conformit\u00e9<\/strong><\/h3>\n<p>Nous nous engageons \u00e0 offrir un site Web accessible au plus grand nombre. Pour ce faire, nous visons \u00e0 respecter le plus rigoureusement possible les R\u00e8gles pour l\u2019accessibilit\u00e9 des contenus Web\u00a02.1 (WCAG\u00a02.1) du World Wide Web Consortium (W3C), niveau\u00a0AA. Ces lignes directrices expliquent comment rendre le contenu Web accessible aux personnes ayant divers types de handicaps. Leur respect nous permet de garantir que le site est utilisable par les personnes aveugles, celles ayant une d\u00e9ficience motrice, visuelle ou cognitive, et plus encore. Le site Web utilise diff\u00e9rentes technologies visant \u00e0 assurer un niveau d\u2019accessibilit\u00e9 optimal en tout temps. Il int\u00e8gre notamment une interface d\u2019accessibilit\u00e9 permettant aux personnes ayant des besoins particuliers d\u2019ajuster l\u2019interface utilisateur (UI) du site Web selon leurs pr\u00e9f\u00e9rences. De plus, une application aliment\u00e9e par l\u2019intelligence artificielle fonctionne en arri\u00e8re-plan pour optimiser en continu le niveau d\u2019accessibilit\u00e9. Cette application ajuste le HTML du site Web et adapte ses fonctionnalit\u00e9s et son comportement aux lecteurs d\u2019\u00e9cran utilis\u00e9s par les personnes aveugles, ainsi qu\u2019aux fonctions de navigation au clavier pour les personnes ayant une d\u00e9ficience motrice.<\/p>\n<h3><strong>Lecteurs d\u2019\u00e9cran et navigation au clavier<\/strong><\/h3>\n<p>Notre site Web applique la technologie ARIA (Accessible Rich Internet Applications), en combinaison avec diff\u00e9rents ajustements comportementaux, afin d\u2019assurer aux utilisateurs de lecteurs d\u2019\u00e9cran une exp\u00e9rience fluide et compr\u00e9hensible. D\u00e8s qu\u2019un utilisateur acc\u00e8de au site avec un lecteur d\u2019\u00e9cran, une invitation lui est automatiquement pr\u00e9sent\u00e9e pour activer le profil lecteur d\u2019\u00e9cran, facilitant ainsi la navigation et l\u2019utilisation du site. Voici comment nous r\u00e9pondons aux principales exigences en mati\u00e8re d\u2019accessibilit\u00e9 avec lecteur d\u2019\u00e9cran\u00a0:<\/p>\n<ol>\n<li><strong>Optimisation pour les lecteurs d\u2019\u00e9cran\u00a0:<\/strong> un processus automatis\u00e9 analyse l\u2019ensemble des composantes du site Web, afin d\u2019en maintenir la conformit\u00e9, m\u00eame apr\u00e8s des mises \u00e0 jour. Gr\u00e2ce aux attributs ARIA, nous fournissons aux lecteurs d\u2019\u00e9cran des informations structur\u00e9es et pertinentes, notamment\u00a0: des \u00e9tiquettes pr\u00e9cises pour les champs de formulaire; des descriptions pour les ic\u00f4nes interactives (r\u00e9seaux sociaux, recherche, panier, etc.); des indications de validation pour les champs de formulaire; des r\u00f4les d\u00e9finis pour les \u00e9l\u00e9ments comme les boutons, menus, fen\u00eatres contextuelles (modales), et autres. Le processus d\u2019arri\u00e8re-plan analyse \u00e9galement toutes les images du site Web. Il g\u00e9n\u00e8re une description pertinente \u00e0 l\u2019aide de la reconnaissance d\u2019image et l\u2019associe \u00e0 une balise ALT (texte alternatif), lorsqu\u2019aucune description n\u2019est fournie. Il peut aussi extraire tout texte inclus dans les images gr\u00e2ce \u00e0 la technologie de reconnaissance optique de caract\u00e8res (OCR). Pour activer les r\u00e9glages du lecteur d\u2019\u00e9cran \u00e0 tout moment, les utilisateurs peuvent appuyer sur la combinaison de touches Alt\u00a0+\u00a01. D\u00e8s leur entr\u00e9e sur le site Web, les utilisateurs de lecteurs d\u2019\u00e9cran recevront \u00e9galement une annonce automatique leur sugg\u00e9rant d\u2019activer le mode lecteur d\u2019\u00e9cran. Ces fonctionnalit\u00e9s sont compatibles avec les lecteurs d\u2019\u00e9cran les plus utilis\u00e9s, tels que JAWS, NVDA, VoiceOver et TalkBack.<\/li>\n<li><strong>Optimisation de la navigation au clavier\u00a0:<\/strong> le processus d\u2019arri\u00e8re-plan modifie \u00e9galement le HTML du site et applique divers comportements \u00e0 l\u2019aide de scripts JavaScript pour le rendre enti\u00e8rement navigable au clavier. Cela inclut notamment\u00a0: la navigation par les touches Tab et Maj\u00a0+\u00a0Tab; l\u2019utilisation des touches fl\u00e9ch\u00e9es pour naviguer dans les menus d\u00e9roulants; la fermeture des menus avec la touche \u00c9chap; l\u2019activation des liens et des boutons avec la touche Entr\u00e9e; la navigation entre les boutons radio et les cases \u00e0 cocher avec les fl\u00e8ches, et leur s\u00e9lection avec Espace ou Entr\u00e9e. Des menus de saut de contenu sont \u00e9galement accessibles \u00e0 tout moment via la combinaison Alt\u00a0+\u00a02, ou en tant que premier \u00e9l\u00e9ment affich\u00e9 lors d\u2019une navigation au clavier. Enfin, le processus d\u2019arri\u00e8re-plan g\u00e8re automatiquement le focus du clavier pour les fen\u00eatres contextuelles, en le d\u00e9pla\u00e7ant vers ces derni\u00e8res d\u00e8s leur apparition, afin d\u2019\u00e9viter toute perte de focalisation. Des raccourcis clavier permettent \u00e9galement un acc\u00e8s rapide \u00e0 certains \u00e9l\u00e9ments\u00a0: M (menus), H (titres), F (formulaires), B (boutons), G (\u00e9l\u00e9ments graphiques).<\/li>\n<\/ol>\n<h3><strong>Profils de handicap pris en charge sur notre site Web<\/strong><\/h3>\n<ul>\n<li>Profil S\u00e9curit\u00e9 \u00e9pilepsie\u00a0: ce profil permet aux personnes atteintes d\u2019\u00e9pilepsie d\u2019utiliser le site Web en toute s\u00e9curit\u00e9, en \u00e9liminant les risques de crises li\u00e9s aux animations clignotantes ou scintillantes ainsi qu\u2019aux combinaisons de couleurs \u00e0 risque.<\/li>\n<li>Profil D\u00e9ficience visuelle\u00a0: ce profil adapte l\u2019affichage du site Web afin de le rendre accessible \u00e0 la plupart des troubles visuels, notamment la baisse de la vision, la vision en tunnel, la cataracte, le glaucome et d\u2019autres pathologies.<\/li>\n<li>Profil D\u00e9ficience cognitive\u00a0: ce profil active diverses fonctionnalit\u00e9s d\u2019assistance destin\u00e9es \u00e0 faciliter la navigation des personnes ayant des troubles cognitifs tels que l\u2019autisme, la dyslexie, les AVC, etc., en mettant l\u2019accent sur les \u00e9l\u00e9ments essentiels.<\/li>\n<li>Profil Adapt\u00e9 au TDAH\u00a0: ce profil r\u00e9duit fortement les distractions visuelles et sonores afin d\u2019aider les personnes atteintes de TDAH ou de troubles neurod\u00e9veloppementaux \u00e0 naviguer, \u00e0 lire et \u00e0 se concentrer plus facilement.<\/li>\n<li>Profil Utilisateurs aveugles (lecteurs d\u2019\u00e9cran)\u00a0: ce profil ajuste le site Web pour le rendre compatible avec les lecteurs d\u2019\u00e9cran comme JAWS, NVDA, VoiceOver et TalkBack. Un lecteur d\u2019\u00e9cran \u00e9tant install\u00e9 sur l\u2019ordinateur de l\u2019utilisateur, notre site est con\u00e7u pour y \u00eatre pleinement compatible.<\/li>\n<li>Profil Navigation au clavier (personnes \u00e0 mobilit\u00e9 r\u00e9duite)\u00a0: ce profil permet aux personnes ayant une mobilit\u00e9 r\u00e9duite de naviguer sur le site Web \u00e0 l\u2019aide des touches Tab, Maj\u00a0+\u00a0Tab et Entr\u00e9e. Des raccourcis clavier permettent \u00e9galement un acc\u00e8s rapide \u00e0 certains \u00e9l\u00e9ments\u00a0: M (menus), H (titres), F (formulaires), B (boutons), G (\u00e9l\u00e9ments graphiques).<\/li>\n<\/ul>\n<h3><strong>Ajustements suppl\u00e9mentaires de l\u2019interface utilisateur, du design et de la lisibilit\u00e9<\/strong><\/h3>\n<ol>\n<li><strong>Ajustements de la police<\/strong>: les utilisateurs peuvent agrandir ou r\u00e9duire la taille de la police, changer sa famille (type), ajuster l\u2019espacement, l\u2019alignement, l\u2019interligne, etc.<\/li>\n<li><strong>R\u00e9glages de couleurs<\/strong>: il est possible de choisir parmi plusieurs profils de contraste (clair, fonc\u00e9, invers\u00e9, monochrome), et de personnaliser les couleurs des titres, textes et arri\u00e8re-plans avec plus de sept combinaisons disponibles.<\/li>\n<li><strong>Animations<\/strong>: les utilisateurs photosensibles peuvent d\u00e9sactiver en un clic toutes les animations, y compris les vid\u00e9os, les GIF et les transitions CSS clignotantes.<\/li>\n<li><strong>Mise en \u00e9vidence du contenu<\/strong>: les utilisateurs peuvent choisir de surligner les \u00e9l\u00e9ments essentiels tels que les liens et les titres, ou uniquement ceux survol\u00e9s ou cibl\u00e9s.<\/li>\n<li><strong>Mise en sourdine<\/strong>: pour \u00e9viter les d\u00e9sagr\u00e9ments caus\u00e9s par la lecture automatique de sons, notamment pour les personnes appareill\u00e9es, cette option permet de couper instantan\u00e9ment tous les sons du site Web.<\/li>\n<li><strong>Troubles cognitifs<\/strong>: un moteur de recherche int\u00e9gr\u00e9 \u00e0 Wikip\u00e9dia et au Wiktionnaire aide les utilisateurs \u00e0 mieux comprendre le sens de certains termes, acronymes, expressions ou argot.<\/li>\n<li><strong>Fonctions suppl\u00e9mentaires<\/strong>: les utilisateurs peuvent modifier la couleur et la taille du curseur, activer un clavier virtuel, utiliser un mode impression et acc\u00e9der \u00e0 de nombreuses autres fonctions d\u2019accessibilit\u00e9.<\/li>\n<\/ol>\n<h3><strong>Technologies d\u2019assistance et compatibilit\u00e9 avec les navigateurs<\/strong><\/h3>\n<p>Nous nous effor\u00e7ons de rendre notre site compatible avec un maximum de navigateurs et de technologies d\u2019assistance, afin que chaque utilisateur puisse utiliser les outils qui lui conviennent le mieux, sans restrictions. C\u2019est pourquoi nous avons travaill\u00e9 activement pour assurer la compatibilit\u00e9 avec l\u2019ensemble des principaux navigateurs repr\u00e9sentant plus de 95\u00a0% du march\u00e9\u00a0: Google\u00a0Chrome, Mozilla\u00a0Firefox, Apple\u00a0Safari, Opera et Microsoft\u00a0Edge, ainsi qu\u2019avec les lecteurs d\u2019\u00e9cran JAWS et NVDA, aussi bien pour les utilisateurs Windows que Mac.<\/p>\n<h3><strong>Notes, commentaires et feedback<\/strong><\/h3>\n<p>Malgr\u00e9 tous nos efforts pour permettre \u00e0 chacun d\u2019adapter le site Web \u00e0 ses besoins, certaines ressources, pages ou sections peuvent ne pas encore \u00eatre pleinement accessibles, \u00eatre en cours de mise \u00e0 niveau, ou ne pas encore disposer de solution technologique ad\u00e9quate. Nous poursuivons continuellement l\u2019am\u00e9lioration de l\u2019accessibilit\u00e9 de notre site\u00a0: en ajoutant, en mettant \u00e0 jour et en enrichissant nos fonctionnalit\u00e9s, tout en d\u00e9veloppant et en adoptant de nouvelles technologies. Notre objectif est d\u2019atteindre le plus haut niveau d\u2019accessibilit\u00e9, \u00e0 mesure que les technologies \u00e9voluent.[\/vc_column_text][\/vc_column][\/vc_row]<\/p>\n<\/div>","protected":false},"excerpt":{"rendered":"<p>[vc_row][vc_column][vc_column_text css=\u00a0\u00bb\u00a0\u00bb]Graymont.com 27\u00a0novembre\u00a02024 Publi\u00e9 par \u00c9tat de conformit\u00e9 Nous nous engageons \u00e0 offrir un site Web accessible au plus grand nombre. Pour ce faire, nous visons<span class=\"excerpt-hellip\"> [\u2026]<\/span><\/p>\n","protected":false},"author":1,"featured_media":0,"parent":0,"menu_order":0,"comment_status":"closed","ping_status":"closed","template":"","meta":{"_acf_changed":false,"footnotes":""},"class_list":["post-6439","page","type-page","status-publish","hentry"],"acf":[],"_links":{"self":[{"href":"https:\/\/www.graymont.com\/fr\/wp-json\/wp\/v2\/pages\/6439","targetHints":{"allow":["GET"]}}],"collection":[{"href":"https:\/\/www.graymont.com\/fr\/wp-json\/wp\/v2\/pages"}],"about":[{"href":"https:\/\/www.graymont.com\/fr\/wp-json\/wp\/v2\/types\/page"}],"author":[{"embeddable":true,"href":"https:\/\/www.graymont.com\/fr\/wp-json\/wp\/v2\/users\/1"}],"replies":[{"embeddable":true,"href":"https:\/\/www.graymont.com\/fr\/wp-json\/wp\/v2\/comments?post=6439"}],"version-history":[{"count":0,"href":"https:\/\/www.graymont.com\/fr\/wp-json\/wp\/v2\/pages\/6439\/revisions"}],"wp:attachment":[{"href":"https:\/\/www.graymont.com\/fr\/wp-json\/wp\/v2\/media?parent=6439"}],"curies":[{"name":"wp","href":"https:\/\/api.w.org\/{rel}","templated":true}]}}