{"id":6433,"date":"2025-06-02T14:32:40","date_gmt":"2025-06-02T18:32:40","guid":{"rendered":"https:\/\/www.graymont.com\/?page_id=6433"},"modified":"2025-07-18T06:11:16","modified_gmt":"2025-07-18T10:11:16","slug":"temoins","status":"publish","type":"page","link":"https:\/\/www.graymont.com\/fr\/temoins\/","title":{"rendered":"T\u00e9moins"},"content":{"rendered":"<div class=\"wpb-content-wrapper\"><p>[vc_row][vc_column][vc_column_text css=\u00a0\u00bb\u00a0\u00bb]<strong>Derni\u00e8re mise \u00e0 jour : juillet 2025<\/strong><\/p>\n<p>La pr\u00e9sente Politique explique comment Graymont\u00a0Limited et ses filiales (\u00ab\u00a0Graymont\u00a0\u00bb, \u00ab\u00a0nous\u00a0\u00bb, \u00ab\u00a0notre\u00a0\u00bb ou \u00ab\u00a0nos\u00a0\u00bb) utilisent des cookies et d\u2019autres technologies de suivi similaires lorsque vous visitez nos sites Web, y compris www.graymont.com, www.graybond.com et www.calcimate.com.au (collectivement, le \u00ab\u00a0Site\u00a0\u00bb).<\/p>\n<p>En poursuivant votre navigation sur notre site ou en l\u2019utilisant, vous consentez \u00e0 ce que nous stockions et acc\u00e9dions \u00e0 des cookies et \u00e0 des technologies similaires, comme d\u00e9crit dans la pr\u00e9sente politique, sous r\u00e9serve de vos pr\u00e9f\u00e9rences et des lois applicables.<\/p>\n<p>Nous tenons \u00e0 faire preuve de transparence quant aux donn\u00e9es que nous recueillons avec nos partenaires et \u00e0 la fa\u00e7on dont nous les utilisons, afin de vous permettre d\u2019exercer un meilleur contr\u00f4le sur vos renseignements personnels. Certaines des donn\u00e9es recueillies \u00e0 l\u2019aide de cookies peuvent constituer des renseignements personnels. Pour en savoir plus, veuillez consulter notre Politique de confidentialit\u00e9.<\/p>\n<p>Nous utilisons les cat\u00e9gories de cookies suivantes afin d\u2019am\u00e9liorer votre exp\u00e9rience de navigation sur le Web. Ces outils peuvent \u00e9galement recourir \u00e0 d\u2019autres m\u00e9canismes pour vous connecter \u00e0 vos r\u00e9seaux sociaux ou personnaliser la publicit\u00e9 en fonction de vos centres d\u2019int\u00e9r\u00eat. Vous pouvez refuser la collecte de ces renseignements en modifiant vos pr\u00e9f\u00e9rences dans notre plateforme de gestion du consentement. Pour les utilisateurs du Qu\u00e9bec, les cookies permettant d\u2019identifier, de localiser ou de profiler une personne sont d\u00e9sactiv\u00e9s par d\u00e9faut et ne peuvent \u00eatre activ\u00e9s que si l\u2019utilisateur choisit d\u2019y consentir.<\/p>\n<h2><strong>Types de cookies que nous utilisons<\/strong><\/h2>\n<ul>\n<li><strong>Cookies analytiques<\/strong><br \/>\nNous utilisons ces cookies pour analyser la mani\u00e8re dont vous utilisez notre site Web, dans le but de l\u2019am\u00e9liorer en continu. Par exemple, ils nous permettent de reconna\u00eetre et de compter le nombre de visiteurs, et d\u2019identifier les pages consult\u00e9es.<\/li>\n<li>Nous pouvons \u00e9galement utiliser Google Analytics pour mieux comprendre l\u2019exp\u00e9rience utilisateur et optimiser nos publicit\u00e9s. Ce logiciel de suivi recueille et analyse diff\u00e9rents types d\u2019informations, y compris les cookies, les adresses IP, les identifiants d\u2019appareil et de logiciel, les URL de provenance et de sortie, les comportements de navigation et autres donn\u00e9es similaires. Pour en savoir plus sur la collecte et l\u2019utilisation des donn\u00e9es par Google, consultez : https:\/\/policies.google.com\/privacy?hl=en-US<\/li>\n<li><strong>Cookies fonctionnels et de performance<\/strong><br \/>\nCes cookies nous aident \u00e0 \u00e9valuer les performances de notre site Web et \u00e0 am\u00e9liorer votre exp\u00e9rience. Les renseignements recueillis sont utilis\u00e9s uniquement sous forme agr\u00e9g\u00e9e et anonymis\u00e9e, sans stockage de donn\u00e9es personnelles.<\/li>\n<li><strong>Cookies de marketing et de personnalisation<\/strong><br \/>\nCes cookies permettent de suivre l\u2019activit\u00e9 des visiteurs et leurs sessions afin de proposer une exp\u00e9rience personnalis\u00e9e. Par exemple, ils peuvent m\u00e9moriser votre langue pr\u00e9f\u00e9r\u00e9e si vous choisissez de sauvegarder ce param\u00e8tre (option facultative). Ils peuvent \u00eatre d\u00e9finis par nous ou par des fournisseurs tiers dont les services sont int\u00e9gr\u00e9s \u00e0 nos pages.<\/li>\n<li><strong>Cookies essentiels (requis)<\/strong><br \/>\nCes cookies sont indispensables au bon fonctionnement du site Web. Ils assurent des fonctions de base telles que la gestion du r\u00e9seau et l\u2019accessibilit\u00e9. Ces cookies ne peuvent pas \u00eatre d\u00e9sactiv\u00e9s.<\/li>\n<\/ul>\n<h2><strong>Gestion des cookies<\/strong><\/h2>\n<p>Vous pouvez g\u00e9rer ou modifier vos pr\u00e9f\u00e9rences en tout temps en <a class=\"cky-banner-element\" style=\"cursor: pointer;\">acc\u00e9dant \u00e0 la banni\u00e8re de consentement aux cookies<\/a> ou au panneau de configuration des param\u00e8tres. La plupart des navigateurs permettent \u00e9galement de bloquer ou de supprimer les cookies via leurs param\u00e8tres.<\/p>\n<p>Veuillez noter que la d\u00e9sactivation de certains types de cookies peut nuire \u00e0 votre exp\u00e9rience sur le site et limiter l\u2019acc\u00e8s \u00e0 certains services.<\/p>\n<h2><strong>Modifications apport\u00e9es \u00e0 la pr\u00e9sente Politique<\/strong><\/h2>\n<p>Nous pouvons mettre \u00e0 jour la pr\u00e9sente Politique de temps \u00e0 autre. Toute modification sera publi\u00e9e sur cette page avec une nouvelle date de r\u00e9vision. Nous vous encourageons \u00e0 consulter cette politique r\u00e9guli\u00e8rement pour rester inform\u00e9(e) de notre utilisation des cookies.<\/p>\n<h2><strong>Nous joindre<\/strong><\/h2>\n<p>Pour toute question concernant la pr\u00e9sente Politique ou notre utilisation des cookies, vous pouvez nous contacter\u00a0:<\/p>\n<p><strong>Courriel\u00a0:<\/strong> privacy@graymont.com<br \/>\n<strong>Adresse postale\u00a0:<\/strong> \u00c0 l\u2019attention de\u00a0: Agent de protection de la vie priv\u00e9e<br \/>\n200-10991 Shellbridge\u00a0Way<br \/>\nRichmond, C.-B., V6X\u00a03C6<br \/>\nCANADA[\/vc_column_text][\/vc_column][\/vc_row]<\/p>\n<\/div>","protected":false},"excerpt":{"rendered":"<p>[vc_row][vc_column][vc_column_text css=\u00a0\u00bb\u00a0\u00bb]Derni\u00e8re mise \u00e0 jour : juillet 2025 La pr\u00e9sente Politique explique comment Graymont\u00a0Limited et ses filiales (\u00ab\u00a0Graymont\u00a0\u00bb, \u00ab\u00a0nous\u00a0\u00bb, \u00ab\u00a0notre\u00a0\u00bb ou \u00ab\u00a0nos\u00a0\u00bb) utilisent des cookies et<span class=\"excerpt-hellip\"> [\u2026]<\/span><\/p>\n","protected":false},"author":1,"featured_media":-1,"parent":0,"menu_order":0,"comment_status":"closed","ping_status":"closed","template":"","meta":{"_acf_changed":false,"footnotes":""},"class_list":["post-6433","page","type-page","status-publish","has-post-thumbnail","hentry"],"acf":[],"_links":{"self":[{"href":"https:\/\/www.graymont.com\/fr\/wp-json\/wp\/v2\/pages\/6433","targetHints":{"allow":["GET"]}}],"collection":[{"href":"https:\/\/www.graymont.com\/fr\/wp-json\/wp\/v2\/pages"}],"about":[{"href":"https:\/\/www.graymont.com\/fr\/wp-json\/wp\/v2\/types\/page"}],"author":[{"embeddable":true,"href":"https:\/\/www.graymont.com\/fr\/wp-json\/wp\/v2\/users\/1"}],"replies":[{"embeddable":true,"href":"https:\/\/www.graymont.com\/fr\/wp-json\/wp\/v2\/comments?post=6433"}],"version-history":[{"count":1,"href":"https:\/\/www.graymont.com\/fr\/wp-json\/wp\/v2\/pages\/6433\/revisions"}],"predecessor-version":[{"id":7176,"href":"https:\/\/www.graymont.com\/fr\/wp-json\/wp\/v2\/pages\/6433\/revisions\/7176"}],"wp:featuredmedia":[{"embeddable":true,"href":"https:\/\/www.graymont.com\/fr\/wp-json\/"}],"wp:attachment":[{"href":"https:\/\/www.graymont.com\/fr\/wp-json\/wp\/v2\/media?parent=6433"}],"curies":[{"name":"wp","href":"https:\/\/api.w.org\/{rel}","templated":true}]}}