{"id":636,"date":"2025-03-14T11:17:38","date_gmt":"2025-03-14T15:17:38","guid":{"rendered":"https:\/\/www.graymont.com\/?page_id=636"},"modified":"2025-05-22T09:29:45","modified_gmt":"2025-05-22T13:29:45","slug":"communiques-de-presse","status":"publish","type":"page","link":"https:\/\/www.graymont.com\/fr\/communiques-de-presse\/","title":{"rendered":"Communiqu\u00e9s de presse"},"content":{"rendered":"<div class=\"wpb-content-wrapper\"><p>[vc_row][vc_column][vc_column_text css=\u00a0\u00bb\u00a0\u00bb]<!-- Gridbuilder \u1d42\u1d3e Plugin (https:\/\/wpgridbuilder.com) -->\n<div class=\"wp-grid-builder wpgb-grid-1\" data-options=\"{&quot;id&quot;:1,&quot;type&quot;:&quot;masonry&quot;,&quot;source&quot;:&quot;post_type&quot;,&quot;loader&quot;:false,&quot;layout&quot;:&quot;vertical&quot;,&quot;reveal&quot;:0,&quot;isMainQuery&quot;:0,&quot;lazyLoad&quot;:false,&quot;cardSizes&quot;:{&quot;9999&quot;:{&quot;columns&quot;:3,&quot;height&quot;:240,&quot;gutter&quot;:16,&quot;ratio&quot;:&quot;1.33333&quot;},&quot;1280&quot;:{&quot;columns&quot;:3,&quot;height&quot;:220,&quot;gutter&quot;:16,&quot;ratio&quot;:&quot;1.33333&quot;},&quot;1024&quot;:{&quot;columns&quot;:3,&quot;height&quot;:200,&quot;gutter&quot;:16,&quot;ratio&quot;:&quot;1.33333&quot;},&quot;959&quot;:{&quot;columns&quot;:2,&quot;height&quot;:200,&quot;gutter&quot;:16,&quot;ratio&quot;:&quot;1.33333&quot;},&quot;767&quot;:{&quot;columns&quot;:1,&quot;height&quot;:200,&quot;gutter&quot;:16,&quot;ratio&quot;:&quot;1.33333&quot;}},&quot;fitRows&quot;:false,&quot;equalRows&quot;:0,&quot;equalColumns&quot;:true,&quot;fillLastRow&quot;:0,&quot;centerLastRow&quot;:0,&quot;horizontalOrder&quot;:false,&quot;fullWidth&quot;:false,&quot;transitionDelay&quot;:100,&quot;gallerySlideshow&quot;:false,&quot;rowsNumber&quot;:1,&quot;slideAlign&quot;:&quot;left&quot;,&quot;groupCells&quot;:1,&quot;draggable&quot;:true,&quot;initialIndex&quot;:0,&quot;contain&quot;:false,&quot;freeScroll&quot;:false,&quot;freeFriction&quot;:&quot;0.075&quot;,&quot;friction&quot;:&quot;0.285&quot;,&quot;attraction&quot;:&quot;0.025&quot;,&quot;autoPlay&quot;:0,&quot;pageDotAriaLabel&quot;:&quot;Point de page %d&quot;,&quot;isPreview&quot;:false,&quot;isGutenberg&quot;:false,&quot;rightToLeft&quot;:false}\"><div class=\"wpgb-svg-icons\" hidden>\n\t<svg viewBox=\"0 0 120 24\" width=\"0\" height=\"0\">\n\t<defs>\n        <polygon id=\"wpgb-star-svg\" points=\"12 2.5 15.1 8.8 22 9.8 17 14.6 18.2 21.5 12 18.3 5.8 21.5 7 14.6 2 9.8 8.9 8.8\"><\/polygon>\n    <\/defs>\n    <symbol id=\"wpgb-rating-stars-svg\">\n        <use xlink:href=\"#wpgb-star-svg\"><\/use>\n        <use xlink:href=\"#wpgb-star-svg\" x=\"24\"><\/use>\n        <use xlink:href=\"#wpgb-star-svg\" x=\"48\"><\/use>\n        <use xlink:href=\"#wpgb-star-svg\" x=\"72\"><\/use>\n        <use xlink:href=\"#wpgb-star-svg\" x=\"96\"><\/use>\n    <\/symbol>\n<\/svg>\n<\/div>\n<div class=\"wpgb-wrapper\">\n\t<div class=\"wpgb-main\">\n\t<div class=\"wpgb-area wpgb-area-top-1\">\n\t<div class=\"wpgb-facet wpgb-loading wpgb-facet-1\" data-facet=\"1\" data-grid=\"1\">\t<fieldset>\n\t\t<legend class=\"wpgb-facet-title wpgb-sr-only\">Search Field<\/legend>\n\t\t<div class=\"wpgb-search-facet\"><label>\n\t\t\t\t<span class=\"wpgb-sr-only\">Rechercher<\/span>\n\t\t\t\t<input class=\"wpgb-input\" type=\"search\" name=\"search_field\" placeholder=\"Rechercher...\" value=\"\" autocomplete=\"off\">\n\t\t\t\t<svg class=\"wpgb-input-icon\" viewBox=\"0 0 24 24\" height=\"16\" width=\"16\" aria-hidden=\"true\" focusable=\"false\"><path d=\"M17.5 17.5 23 23Zm-16-7a9 9 0 1 1 9 9 9 9 0 0 1-9-9Z\"\/><\/svg>\n\t\t\t<\/label><button type=\"button\" class=\"wpgb-clear-button\" hidden><span class=\"wpgb-sr-only\">Effacer<\/span><svg viewBox=\"0 0 24 24\" height=\"24\" width=\"24\" aria-hidden=\"true\" focusable=\"false\"><path d=\"m12 12-4.25 4.75L12.001 12 7.75 7.25 12.001 12l4.249-4.75L12 12l4.25 4.75Z\"\/><\/svg><\/button><\/div>\t<\/fieldset>\n\t<\/div><div class=\"wpgb-facet wpgb-loading wpgb-facet-2\" data-facet=\"2\" data-grid=\"1\">\t<fieldset>\n\t\t<legend class=\"wpgb-facet-title wpgb-sr-only\">Sub Category<\/legend>\n\t\t<div class=\"wpgb-select-facet\"><label><span class=\"wpgb-sr-only\">S\u00e9lectionnez le contenu<\/span><select class=\"wpgb-select\" name=\"sub_category\"><option value=\"\">S\u00e9lectionner<\/option><option value=\"rapport\">Rapport<\/option><option value=\"expansion-fr\">Expansion<\/option><option value=\"etape\">\u00c9tape<\/option><option value=\"communaute\">communaut\u00e9<\/option><\/select><span class=\"wpgb-select-controls\"><span class=\"wpgb-select-separator\"><\/span><svg class=\"wpgb-select-toggle\" viewBox=\"0 0 24 24\" height=\"24\" width=\"24\" aria-hidden=\"true\" focusable=\"false\"><path d=\"m12 14.536-.045.043.045-.043-5.3-5.114 5.3 5.114 5.3-5.114-5.3 5.114.045.043Z\"\/><\/svg><\/span><\/label><\/div>\t<\/fieldset>\n\t<\/div><div class=\"wpgb-facet wpgb-loading wpgb-facet-5\" data-facet=\"5\" data-grid=\"1\">\t<fieldset>\n\t\t<legend class=\"wpgb-facet-title wpgb-sr-only\">Year<\/legend>\n\t\t<div class=\"wpgb-select-facet\"><label><span class=\"wpgb-sr-only\">S\u00e9lectionnez le contenu<\/span><select class=\"wpgb-select\" name=\"years\"><option value=\"\">S\u00e9lectionner une ann\u00e9e<\/option><option value=\"2025\">2025<\/option><option value=\"2025-2\">2025<\/option><option value=\"2024\">2024<\/option><option value=\"2023\">2023<\/option><option value=\"2022\">2022<\/option><option value=\"2020\">2020<\/option><option value=\"2019\">2019<\/option><option value=\"2018\">2018<\/option><option value=\"2017\">2017<\/option><option value=\"2016\">2016<\/option><option value=\"2015\">2015<\/option><option value=\"2014\">2014<\/option><\/select><span class=\"wpgb-select-controls\"><span class=\"wpgb-select-separator\"><\/span><svg class=\"wpgb-select-toggle\" viewBox=\"0 0 24 24\" height=\"24\" width=\"24\" aria-hidden=\"true\" focusable=\"false\"><path d=\"m12 14.536-.045.043.045-.043-5.3-5.114 5.3 5.114 5.3-5.114-5.3 5.114.045.043Z\"\/><\/svg><\/span><\/label><\/div>\t<\/fieldset>\n\t<\/div><\/div>\n<div class=\"wpgb-layout\">\n\t<div class=\"wpgb-viewport\">\n\t\t<div class=\"wpgb-masonry\">\n\t\t\t<article class=\"wpgb-card wpgb-card-1 wpgb-post-7536\" data-col=\"1\" data-row=\"1\" data-format=\"standard\"><div class=\"wpgb-card-wrapper\"><div class=\"wpgb-card-inner\" data-action><div class=\"wpgb-card-content wpgb-scheme-dark\"><div class=\"wpgb-card-body\"><time class=\"wpgb-block-2\" datetime=\"2025-09-02T17:10:00-04:00\">2 septembre 2025<\/time><div class=\"wpgb-block-5\"><span class=\"wpgb-block-term\" data-id=\"319\">Expansion<\/span><\/div><\/div><div class=\"wpgb-card-footer\"><h3 class=\"wpgb-block-1\"><a href=\"https:\/\/www.graymont.com\/fr\/presse\/graymont-conclut-lacquisition-dune-importante-installation-de-transformation-de-chaux-en-malaisie\/\">Graymont conclut l\u2019acquisition d\u2019une importante installation de transformation de chaux en Malaisie<\/a><\/h3><\/div><\/div><a class=\"wpgb-card-layer-link\" href=\"https:\/\/www.graymont.com\/fr\/presse\/graymont-conclut-lacquisition-dune-importante-installation-de-transformation-de-chaux-en-malaisie\/\"><\/a><\/div><\/div><\/article><article class=\"wpgb-card wpgb-card-1 wpgb-post-7307\" data-col=\"1\" data-row=\"1\" data-format=\"standard\"><div class=\"wpgb-card-wrapper\"><div class=\"wpgb-card-inner\" data-action><div class=\"wpgb-card-content wpgb-scheme-dark\"><div class=\"wpgb-card-body\"><time class=\"wpgb-block-2\" datetime=\"2025-08-06T12:39:16-04:00\">6 ao\u00fbt 2025<\/time><div class=\"wpgb-block-5\"><span class=\"wpgb-block-term\" data-id=\"132\">Product Launch<\/span><\/div><\/div><div class=\"wpgb-card-footer\"><h3 class=\"wpgb-block-1\"><a href=\"https:\/\/www.graymont.com\/fr\/presse\/graymont-et-fortera-vont-deployer-a-lechelle-mondiale-une-technologie-inedite-de-ciment-a-faible-teneur-en-carbone\/\">Graymont et Fortera vont d\u00e9ployer \u00e0 l&rsquo;\u00e9chelle mondiale une technologie in\u00e9dite de ciment \u00e0 faible teneur en carbone.<\/a><\/h3><\/div><\/div><a class=\"wpgb-card-layer-link\" href=\"https:\/\/www.graymont.com\/fr\/presse\/graymont-et-fortera-vont-deployer-a-lechelle-mondiale-une-technologie-inedite-de-ciment-a-faible-teneur-en-carbone\/\"><\/a><\/div><\/div><\/article><article class=\"wpgb-card wpgb-card-1 wpgb-post-6912\" data-col=\"1\" data-row=\"1\" data-format=\"standard\"><div class=\"wpgb-card-wrapper\"><div class=\"wpgb-card-inner\" data-action><div class=\"wpgb-card-content wpgb-scheme-dark\"><div class=\"wpgb-card-body\"><time class=\"wpgb-block-2\" datetime=\"2025-07-15T05:01:53-04:00\">15 juillet 2025<\/time><div class=\"wpgb-block-5\"><span class=\"wpgb-block-term\" data-id=\"320\">Rapport<\/span><\/div><\/div><div class=\"wpgb-card-footer\"><h3 class=\"wpgb-block-1\"><a href=\"https:\/\/www.graymont.com\/fr\/presse\/le-parc-heritage-de-graymont-a-bedford-obtient-une-reconnaissance-internationale-pour-son-excellence-en-matiere-de-paysage-et-damenagement-du-territoire\/\">Le parc H\u00e9ritage de Graymont \u00e0 Bedford obtient une reconnaissance internationale pour son excellence en mati\u00e8re de paysage et d&rsquo;am\u00e9nagement du territoire<\/a><\/h3><\/div><\/div><a class=\"wpgb-card-layer-link\" href=\"https:\/\/www.graymont.com\/fr\/presse\/le-parc-heritage-de-graymont-a-bedford-obtient-une-reconnaissance-internationale-pour-son-excellence-en-matiere-de-paysage-et-damenagement-du-territoire\/\"><\/a><\/div><\/div><\/article><article class=\"wpgb-card wpgb-card-1 wpgb-post-5890\" data-col=\"1\" data-row=\"1\" data-format=\"standard\"><div class=\"wpgb-card-wrapper\"><div class=\"wpgb-card-inner\" data-action><div class=\"wpgb-card-content wpgb-scheme-dark\"><div class=\"wpgb-card-body\"><time class=\"wpgb-block-2\" datetime=\"2025-05-22T16:18:58-04:00\">22 mai 2025<\/time><div class=\"wpgb-block-5\"><span class=\"wpgb-block-term\" data-id=\"320\">Rapport<\/span><\/div><\/div><div class=\"wpgb-card-footer\"><h3 class=\"wpgb-block-1\"><a href=\"https:\/\/www.graymont.com\/fr\/presse\/rapport-2024-sur-la-durabilite-de-graymont\/\">Rapport 2024 sur la durabilit\u00e9 de Graymont<\/a><\/h3><\/div><\/div><a class=\"wpgb-card-layer-link\" href=\"https:\/\/www.graymont.com\/fr\/presse\/rapport-2024-sur-la-durabilite-de-graymont\/\"><\/a><\/div><\/div><\/article><article class=\"wpgb-card wpgb-card-1 wpgb-post-4288\" data-col=\"1\" data-row=\"1\" data-format=\"standard\"><div class=\"wpgb-card-wrapper\"><div class=\"wpgb-card-inner\" data-action><div class=\"wpgb-card-content wpgb-scheme-dark\"><div class=\"wpgb-card-body\"><time class=\"wpgb-block-2\" datetime=\"2025-04-04T10:45:56-04:00\">4 avril 2025<\/time><div class=\"wpgb-block-5\"><span class=\"wpgb-block-term\" data-id=\"321\">\u00c9tape<\/span><\/div><\/div><div class=\"wpgb-card-footer\"><h3 class=\"wpgb-block-1\"><a href=\"https:\/\/www.graymont.com\/fr\/presse\/graymont-annonce-un-nouvel-investissement-dans-la-production-de-chaux-dans-letat-de-victoria-3\/\">Graymont annonce un nouvel investissement dans la production de chaux dans l\u2019\u00c9tat de Victoria<\/a><\/h3><\/div><\/div><a class=\"wpgb-card-layer-link\" href=\"https:\/\/www.graymont.com\/fr\/presse\/graymont-annonce-un-nouvel-investissement-dans-la-production-de-chaux-dans-letat-de-victoria-3\/\"><\/a><\/div><\/div><\/article><article class=\"wpgb-card wpgb-card-1 wpgb-post-4320\" data-col=\"1\" data-row=\"1\" data-format=\"standard\"><div class=\"wpgb-card-wrapper\"><div class=\"wpgb-card-inner\" data-action><div class=\"wpgb-card-content wpgb-scheme-dark\"><div class=\"wpgb-card-body\"><time class=\"wpgb-block-2\" datetime=\"2024-08-29T06:20:00-04:00\">29 ao\u00fbt 2024<\/time><div class=\"wpgb-block-5\"><span class=\"wpgb-block-term\" data-id=\"321\">\u00c9tape<\/span><\/div><\/div><div class=\"wpgb-card-footer\"><h3 class=\"wpgb-block-1\"><a href=\"https:\/\/www.graymont.com\/fr\/presse\/graymont-renforce-son-image-de-marque-avec-des-solutions-a-base-de-calcium-8\/\">Graymont renforce son image de marque avec des solutions \u00e0 base de calcium<\/a><\/h3><\/div><\/div><a class=\"wpgb-card-layer-link\" href=\"https:\/\/www.graymont.com\/fr\/presse\/graymont-renforce-son-image-de-marque-avec-des-solutions-a-base-de-calcium-8\/\"><\/a><\/div><\/div><\/article><article class=\"wpgb-card wpgb-card-1 wpgb-post-4324\" data-col=\"1\" data-row=\"1\" data-format=\"standard\"><div class=\"wpgb-card-wrapper\"><div class=\"wpgb-card-inner\" data-action><div class=\"wpgb-card-content wpgb-scheme-dark\"><div class=\"wpgb-card-body\"><time class=\"wpgb-block-2\" datetime=\"2024-06-06T11:02:17-04:00\">6 juin 2024<\/time><div class=\"wpgb-block-5\"><span class=\"wpgb-block-term\" data-id=\"320\">Rapport<\/span><\/div><\/div><div class=\"wpgb-card-footer\"><h3 class=\"wpgb-block-1\"><a href=\"https:\/\/www.graymont.com\/fr\/presse\/graymont-renforce-son-image-de-marque-avec-des-solutions-a-base-de-calcium-9\/\">Rapport 2023 sur la durabilit\u00e9 de Graymont<\/a><\/h3><\/div><\/div><a class=\"wpgb-card-layer-link\" href=\"https:\/\/www.graymont.com\/fr\/presse\/graymont-renforce-son-image-de-marque-avec-des-solutions-a-base-de-calcium-9\/\"><\/a><\/div><\/div><\/article><article class=\"wpgb-card wpgb-card-1 wpgb-post-107\" data-col=\"1\" data-row=\"1\" data-format=\"standard\"><div class=\"wpgb-card-wrapper\"><div class=\"wpgb-card-inner\" data-action><div class=\"wpgb-card-content wpgb-scheme-dark\"><div class=\"wpgb-card-body\"><time class=\"wpgb-block-2\" datetime=\"2023-09-01T17:37:00-04:00\">1 septembre 2023<\/time><div class=\"wpgb-block-5\"><span class=\"wpgb-block-term\" data-id=\"319\">Expansion<\/span><\/div><\/div><div class=\"wpgb-card-footer\"><h3 class=\"wpgb-block-1\"><a href=\"https:\/\/www.graymont.com\/fr\/presse\/graymont-poursuit-son-expansion-en-asie-du-sud-est-avec-lacquisition-dune-importante-installation-de-transformation-de-chaux-en-malaisie\/\">Graymont poursuit son expansion en Asie du Sud-Est avec l\u2019acquisition d\u2019une importante installation de transformation de chaux en Malaisie<\/a><\/h3><\/div><\/div><a class=\"wpgb-card-layer-link\" href=\"https:\/\/www.graymont.com\/fr\/presse\/graymont-poursuit-son-expansion-en-asie-du-sud-est-avec-lacquisition-dune-importante-installation-de-transformation-de-chaux-en-malaisie\/\"><\/a><\/div><\/div><\/article><article class=\"wpgb-card wpgb-card-1 wpgb-post-4317\" data-col=\"1\" data-row=\"1\" data-format=\"standard\"><div class=\"wpgb-card-wrapper\"><div class=\"wpgb-card-inner\" data-action><div class=\"wpgb-card-content wpgb-scheme-dark\"><div class=\"wpgb-card-body\"><time class=\"wpgb-block-2\" datetime=\"2023-06-20T07:44:00-04:00\">20 juin 2023<\/time><div class=\"wpgb-block-5\"><span class=\"wpgb-block-term\" data-id=\"322\">communaut\u00e9<\/span><\/div><\/div><div class=\"wpgb-card-footer\"><h3 class=\"wpgb-block-1\"><a href=\"https:\/\/www.graymont.com\/fr\/presse\/graymont-inaugurates-the-bedford-heritage-park\/\">Graymont inaugure le Projet H\u00e9ritage de Bedford<\/a><\/h3><\/div><\/div><a class=\"wpgb-card-layer-link\" href=\"https:\/\/www.graymont.com\/fr\/presse\/graymont-inaugurates-the-bedford-heritage-park\/\"><\/a><\/div><\/div><\/article><article class=\"wpgb-card wpgb-card-1 wpgb-post-4315\" data-col=\"1\" data-row=\"1\" data-format=\"standard\"><div class=\"wpgb-card-wrapper\"><div class=\"wpgb-card-inner\" data-action><div class=\"wpgb-card-content wpgb-scheme-dark\"><div class=\"wpgb-card-body\"><time class=\"wpgb-block-2\" datetime=\"2023-05-24T07:46:00-04:00\">24 mai 2023<\/time><div class=\"wpgb-block-5\"><span class=\"wpgb-block-term\" data-id=\"319\">Expansion<\/span><\/div><\/div><div class=\"wpgb-card-footer\"><h3 class=\"wpgb-block-1\"><a href=\"https:\/\/www.graymont.com\/fr\/presse\/graymont-acquires-limestone-quarry-in-perak-malaysia\/\">Graymont fait l\u2019acquisition d\u2019une carri\u00e8re de calcaire \u00e0 Perak, en Malaisie<\/a><\/h3><\/div><\/div><a class=\"wpgb-card-layer-link\" href=\"https:\/\/www.graymont.com\/fr\/presse\/graymont-acquires-limestone-quarry-in-perak-malaysia\/\"><\/a><\/div><\/div><\/article><article class=\"wpgb-card wpgb-card-1 wpgb-post-4313\" data-col=\"1\" data-row=\"1\" data-format=\"standard\"><div class=\"wpgb-card-wrapper\"><div class=\"wpgb-card-inner\" data-action><div class=\"wpgb-card-content wpgb-scheme-dark\"><div class=\"wpgb-card-body\"><time class=\"wpgb-block-2\" datetime=\"2023-05-04T07:51:00-04:00\">4 mai 2023<\/time><div class=\"wpgb-block-5\"><span class=\"wpgb-block-term\" data-id=\"319\">Expansion<\/span><\/div><\/div><div class=\"wpgb-card-footer\"><h3 class=\"wpgb-block-1\"><a href=\"https:\/\/www.graymont.com\/fr\/presse\/graymont-to-expand-its-victoria-australia-operations-to-deliver-higher-lime-volumes-low-emissions\/\">Graymont agrandit ses op\u00e9rations de Victoria en Australie, afin d\u2019augmenter ses capacit\u00e9s de production de chaux vive<\/a><\/h3><\/div><\/div><a class=\"wpgb-card-layer-link\" href=\"https:\/\/www.graymont.com\/fr\/presse\/graymont-to-expand-its-victoria-australia-operations-to-deliver-higher-lime-volumes-low-emissions\/\"><\/a><\/div><\/div><\/article><article class=\"wpgb-card wpgb-card-1 wpgb-post-4311\" data-col=\"1\" data-row=\"1\" data-format=\"standard\"><div class=\"wpgb-card-wrapper\"><div class=\"wpgb-card-inner\" data-action><div class=\"wpgb-card-content wpgb-scheme-dark\"><div class=\"wpgb-card-body\"><time class=\"wpgb-block-2\" datetime=\"2023-05-01T07:52:00-04:00\">1 mai 2023<\/time><div class=\"wpgb-block-5\"><span class=\"wpgb-block-term\" data-id=\"320\">Rapport<\/span><\/div><\/div><div class=\"wpgb-card-footer\"><h3 class=\"wpgb-block-1\"><a href=\"https:\/\/www.graymont.com\/fr\/presse\/graymont-publishes-its-2022-sustainability-report\/\">Rapport\u00a02022 sur la durabilit\u00e9 de Graymont<\/a><\/h3><\/div><\/div><a class=\"wpgb-card-layer-link\" href=\"https:\/\/www.graymont.com\/fr\/presse\/graymont-publishes-its-2022-sustainability-report\/\"><\/a><\/div><\/div><\/article>\t\t<\/div>\n\t<\/div>\n\t<\/div>\n<div class=\"wpgb-area wpgb-area-bottom-1\">\n\t<div class=\"wpgb-facet wpgb-loading wpgb-facet-3\" data-facet=\"3\" data-grid=\"1\"><nav class=\"wpgb-pagination-facet\" aria-label=\"Navigation\"><ul class=\"wpgb-pagination\"><li class=\"wpgb-page\"><a href=\"https:\/\/www.graymont.com\/fr\/communiques-de-presse\/?_pagination=1\" aria-current=\"true\" aria-label=\"Page courante, Page 1\" data-page=\"1\">1<\/a><\/li><li class=\"wpgb-page\"><a href=\"https:\/\/www.graymont.com\/fr\/communiques-de-presse\/?_pagination=2\" aria-label=\"Aller \u00e0 la page 2\" data-page=\"2\">2<\/a><\/li><li class=\"wpgb-page\"><a href=\"https:\/\/www.graymont.com\/fr\/communiques-de-presse\/?_pagination=3\" aria-label=\"Aller \u00e0 la page 3\" data-page=\"3\">3<\/a><\/li><li class=\"wpgb-page\"><a href=\"https:\/\/www.graymont.com\/fr\/communiques-de-presse\/?_pagination=4\" aria-label=\"Aller \u00e0 la page 4\" data-page=\"4\">4<\/a><\/li><li class=\"wpgb-page\"><a href=\"https:\/\/www.graymont.com\/fr\/communiques-de-presse\/?_pagination=5\" aria-label=\"Aller \u00e0 la page 5\" data-page=\"5\">5<\/a><\/li><li class=\"wpgb-page\"><a href=\"https:\/\/www.graymont.com\/fr\/communiques-de-presse\/?_pagination=6\" aria-label=\"Aller \u00e0 la page 6\" data-page=\"6\">6<\/a><\/li><li class=\"wpgb-page\"><a href=\"https:\/\/www.graymont.com\/fr\/communiques-de-presse\/?_pagination=7\" aria-label=\"Aller \u00e0 la page 7\" data-page=\"7\">7<\/a><\/li><li class=\"wpgb-page\"><a href=\"https:\/\/www.graymont.com\/fr\/communiques-de-presse\/?_pagination=8\" aria-label=\"Aller \u00e0 la page 8\" data-page=\"8\">8<\/a><\/li><li class=\"wpgb-page\"><a href=\"https:\/\/www.graymont.com\/fr\/communiques-de-presse\/?_pagination=9\" aria-label=\"Aller \u00e0 la page 9\" data-page=\"9\">9<\/a><\/li><li class=\"wpgb-page\"><a href=\"https:\/\/www.graymont.com\/fr\/communiques-de-presse\/?_pagination=10\" aria-label=\"Aller \u00e0 la page 10\" data-page=\"10\">10<\/a><\/li><li class=\"wpgb-page wpgb-page-next\"><a href=\"https:\/\/www.graymont.com\/fr\/communiques-de-presse\/?_pagination=2\" aria-label=\"Aller \u00e0 la page 2\" data-page=\"2\">Suivant \u00bb<\/a><\/li><\/ul><\/nav><\/div><\/div>\n\t<\/div>\n\t\t<\/div>\n<\/div>\n[\/vc_column_text][\/vc_column][\/vc_row]<\/p>\n<\/div>","protected":false},"excerpt":{"rendered":"<p>[vc_row][vc_column][vc_column_text css=\u00a0\u00bb\u00a0\u00bb][\/vc_column_text][\/vc_column][\/vc_row]<\/p>\n","protected":false},"author":1,"featured_media":-1,"parent":0,"menu_order":0,"comment_status":"closed","ping_status":"closed","template":"","meta":{"_acf_changed":false,"footnotes":""},"class_list":["post-636","page","type-page","status-publish","has-post-thumbnail","hentry"],"acf":[],"_links":{"self":[{"href":"https:\/\/www.graymont.com\/fr\/wp-json\/wp\/v2\/pages\/636","targetHints":{"allow":["GET"]}}],"collection":[{"href":"https:\/\/www.graymont.com\/fr\/wp-json\/wp\/v2\/pages"}],"about":[{"href":"https:\/\/www.graymont.com\/fr\/wp-json\/wp\/v2\/types\/page"}],"author":[{"embeddable":true,"href":"https:\/\/www.graymont.com\/fr\/wp-json\/wp\/v2\/users\/1"}],"replies":[{"embeddable":true,"href":"https:\/\/www.graymont.com\/fr\/wp-json\/wp\/v2\/comments?post=636"}],"version-history":[{"count":0,"href":"https:\/\/www.graymont.com\/fr\/wp-json\/wp\/v2\/pages\/636\/revisions"}],"wp:featuredmedia":[{"embeddable":true,"href":"https:\/\/www.graymont.com\/fr\/wp-json\/"}],"wp:attachment":[{"href":"https:\/\/www.graymont.com\/fr\/wp-json\/wp\/v2\/media?parent=636"}],"curies":[{"name":"wp","href":"https:\/\/api.w.org\/{rel}","templated":true}]}}