{"id":5411,"date":"2025-05-15T18:35:08","date_gmt":"2025-05-15T22:35:08","guid":{"rendered":"https:\/\/www.graymont.com\/?page_id=5411"},"modified":"2025-06-02T15:45:29","modified_gmt":"2025-06-02T19:45:29","slug":"action-climatique","status":"publish","type":"page","link":"https:\/\/www.graymont.com\/fr\/durabilite\/action-climatique\/","title":{"rendered":"L\u2019ACTION CLIMATIQUE DE GRAYMONT"},"content":{"rendered":"<div class=\"wpb-content-wrapper\"><p>[vc_row full_width=\u00a0\u00bbstretch_row\u00a0\u00bb el_class=\u00a0\u00bbsubheader-hero acf-hero\u00a0\u00bb][vc_column width=\u00a0\u00bb2\/3&Prime;][vc_column_text css=\u00a0\u00bb\u00a0\u00bb]<\/p>\n<h1 class=\"title\" style=\"text-align: left;\"><span style=\"color: #e86e25;\">L\u2019ACTION CLIMATIQUE DE GRAYMONT<\/span><\/h1>\n<h4 style=\"text-align: left;\">En tant que chef de file de l\u2019industrie mondiale de la chaux, en activit\u00e9 depuis plus de 70 ans, Graymont a le privil\u00e8ge de fournir des produits et des solutions qui sont essentiels \u00e0 des soci\u00e9t\u00e9s modernes et saines ainsi qu\u2019\u00e0 une \u00e9conomie d\u00e9carbonis\u00e9e.<\/h4>\n<p>[\/vc_column_text][vc_row_inner el_class=\u00a0\u00bbno-margin-bottom-mobile\u00a0\u00bb][vc_column_inner el_class=\u00a0\u00bbdisplay-flex-side-subheader\u00a0\u00bb][vc_btn title=\u00a0\u00bbRapport sur le d\u00e9veloppement durable 2024&Prime; align=\u00a0\u00bbleft\u00a0\u00bb css=\u00a0\u00bb\u00a0\u00bb el_class=\u00a0\u00bbfull-width-mobile\u00a0\u00bb link=\u00a0\u00bburl:%2Ffr%2Frapport-durabilite%2Frapports-de-durabilite-2024%2F\u00a0\u00bb][vc_btn title=\u00a0\u00bbContactez-nous\u00a0\u00bb align=\u00a0\u00bbright\u00a0\u00bb css=\u00a0\u00bb\u00a0\u00bb el_class=\u00a0\u00bbfull-width-mobile blue-btn\u00a0\u00bb link=\u00a0\u00bburl:%2Ffr%2Fcontactez-nous%2F\u00a0\u00bb][\/vc_column_inner][\/vc_row_inner][\/vc_column][vc_column width=\u00a0\u00bb1\/3&Prime;][\/vc_column][\/vc_row][vc_row full_width=\u00a0\u00bbstretch_row\u00a0\u00bb css=\u00a0\u00bb.vc_custom_1743247184632{background-color: #E86E25 !important;}\u00a0\u00bb el_class=\u00a0\u00bbdark-bg\u00a0\u00bb el_id=\u00a0\u00bbsticky-bar-ref\u00a0\u00bb][vc_column css=\u00a0\u00bb.vc_custom_1741989651784{padding-top: 15px !important;}\u00a0\u00bb][vc_column_text css=\u00a0\u00bb.vc_custom_1748893509613{margin-bottom: 0px !important;}\u00a0\u00bb el_class=\u00a0\u00bbdisplay-flex links-list-top-bar\u00a0\u00bb]<\/p>\n<h6 class=\"orange-text\" style=\"text-align: left;\"><a href=\"#progress\">Progr\u00e8s <\/a><\/h6>\n<h6 class=\"orange-text\" style=\"text-align: left;\"><a href=\"#emerging-technologies\">Nouvelles technologies<\/a><\/h6>\n<h6 class=\"orange-text\" style=\"text-align: left;\"><a href=\"#global-economic-growth\">Croissance \u00e9conomique mondiale<\/a><\/h6>\n<h6 class=\"orange-text\" style=\"text-align: left;\"><a href=\"#emissions-profile\">Profil des \u00e9missions<\/a><\/h6>\n<h6 class=\"orange-text\" style=\"text-align: left;\"><a href=\"#reports\">Rapports<\/a><\/h6>\n<p>[\/vc_column_text][\/vc_column][\/vc_row][vc_section full_width=\u00a0\u00bbstretch_row\u00a0\u00bb css=\u00a0\u00bb.vc_custom_1742031307796{margin-top: 20px !important;}\u00a0\u00bb el_class=\u00a0\u00bbicon-bg-top-right\u00a0\u00bb][vc_row css=\u00a0\u00bb.vc_custom_1747669612512{margin-top: 45px !important;}\u00a0\u00bb el_id=\u00a0\u00bbactive-participation\u00a0\u00bb][vc_column width=\u00a0\u00bb11\/12&Prime;][vc_column_text css=\u00a0\u00bb\u00a0\u00bb]<\/p>\n<h2 style=\"text-align: left;\">L\u2019action climatique de Graymont<\/h2>\n<p>Parmi une myriade d\u2019applications cruciales, la chaux est utilis\u00e9e dans la purification de l\u2019eau potable; le traitement des eaux us\u00e9es; l\u2019agriculture; l\u2019\u00e9puration des \u00e9missions atmosph\u00e9riques des incin\u00e9rateurs, des centrales \u00e9lectriques et des usines industrielles; la fabrication de l\u2019acier, du papier et du verre; et dans la production de min\u00e9raux et de mat\u00e9riaux n\u00e9cessaires \u00e0 un monde d\u00e9carbonis\u00e9. La chaux permet \u00e9galement une r\u00e9duction des \u00e9missions de gaz \u00e0 effet de serre (GES), car elle se recarbonise dans certaines circonstances, ce qui \u00e9limine le dioxyde de carbone de l\u2019atmosph\u00e8re.<\/p>\n<p>En d\u00e9pit de ses contributions positives \u00e0 l\u2019\u00e9conomie mondiale et \u00e0 la soci\u00e9t\u00e9 dans son ensemble, l\u2019industrie de la chaux est confront\u00e9e \u00e0 un d\u00e9fi li\u00e9 aux changements climatiques : la \u00ab\u2009calcination\u2009\u00bb, ou la combustion du calcaire pour produire la chaux vive, est un processus \u00e0 \u00e9mission intensive. L\u2019industrie de la chaux, tout comme l\u2019acier, le ciment et d\u2019autres industries qui ont des \u00e9missions difficiles \u00e0 r\u00e9duire, est une source importante d\u2019\u00e9missions de GES. Le changement climatique \u00e9tant \u00e0 l\u2019avant-garde des pr\u00e9occupations environnementales actuelles, Graymont est conscient de la n\u00e9cessit\u00e9 de r\u00e9duire davantage son empreinte carbone \u2014 et de travailler en collaboration avec d\u2019autres participants de l\u2019industrie pour s\u2019assurer que la chaux soit un \u00e9l\u00e9ment essentiel du monde d\u00e9carbonis\u00e9 de demain.[\/vc_column_text][\/vc_column][vc_column width=\u00a0\u00bb1\/12&Prime;][\/vc_column][\/vc_row][vc_row css=\u00a0\u00bb.vc_custom_1747739749338{margin-top: 35px !important;}\u00a0\u00bb el_id=\u00a0\u00bbprogress\u00a0\u00bb][vc_column][vc_separator css=\u00a0\u00bb\u00a0\u00bb el_class=\u00a0\u00bbtop-orange-triangle\u00a0\u00bb][vc_column_text css=\u00a0\u00bb.vc_custom_1748374926692{margin-top: 10px !important;margin-bottom: 0px !important;}\u00a0\u00bb el_class=\u00a0\u00bborange-text\u00a0\u00bb]<\/p>\n<h2 style=\"text-align: center;\">ENGAG\u00c9S DANS UNE D\u00c9MARCHE DE PROGR\u00c8S<\/h2>\n<p>[\/vc_column_text][vc_empty_space height=\u00a0\u00bb12px\u00a0\u00bb][\/vc_column][\/vc_row][vc_row content_placement=\u00a0\u00bbtop\u00a0\u00bb][vc_column width=\u00a0\u00bb1\/2&Prime; el_class=\u00a0\u00bbfade-in-on-view slide-right delay-300 delay-mobile-50&Prime;][vc_single_image image=\u00a0\u00bb5511&Prime; img_size=\u00a0\u00bbfull\u00a0\u00bb css=\u00a0\u00bb.vc_custom_1747661182173{margin-bottom: 0px !important;}\u00a0\u00bb el_class=\u00a0\u00bbcorner-bottom-right-cut\u00a0\u00bb][\/vc_column][vc_column width=\u00a0\u00bb1\/2&Prime; el_class=\u00a0\u00bbfade-in-on-view slide-left delay-300 delay-mobile-50&Prime;][vc_column_text css=\u00a0\u00bb\u00a0\u00bb]\u00c0 cette fin, Graymont soutient l\u2019Accord de Paris et s\u2019engage \u00e0 participer activement \u00e0 la r\u00e9alisation de son objectif de limiter le r\u00e9chauffement plan\u00e9taire bien en dessous de 2 oC, de pr\u00e9f\u00e9rence \u00e0 1,5 oC, par rapport aux niveaux pr\u00e9industriels. Nous nous effor\u00e7ons de r\u00e9duire davantage l\u2019empreinte carbone de notre entreprise dans le but d\u2019atteindre des \u00e9missions nettes de GES nulles d\u2019ici l\u2019an 2050.<\/p>\n<p>Compte tenu de l\u2019ampleur du d\u00e9fi et de la complexit\u00e9 des cha\u00eenes d\u2019approvisionnement mondiales actuelles, la r\u00e9alisation des objectifs de l\u2019Accord de Paris exigera un effort de collaboration de la part des entreprises individuelles, des associations industrielles, des diff\u00e9rents niveaux de gouvernement et de la soci\u00e9t\u00e9 dans son ensemble.<\/p>\n<p>Le plus grand d\u00e9fi auquel l\u2019industrie de la chaux est confront\u00e9e r\u00e9side dans la difficult\u00e9 de r\u00e9duire les \u00e9missions de ses proc\u00e9d\u00e9s. Graymont a r\u00e9ussi ces derni\u00e8res ann\u00e9es \u00e0 am\u00e9liorer son rendement \u00e9nerg\u00e9tique et \u00e0 r\u00e9duire de fa\u00e7on constante l\u2019intensit\u00e9 de ses \u00e9missions li\u00e9es \u00e0 la combustion. Toutefois, pour diminuer de fa\u00e7on marqu\u00e9e les \u00e9missions des proc\u00e9d\u00e9s, les producteurs de chaux devront d\u00e9ployer des technologies innovatrices \u00e0 l\u2019\u00e9chelle commerciale.[\/vc_column_text][\/vc_column][\/vc_row][vc_row css=\u00a0\u00bb.vc_custom_1747739766335{margin-top: 35px !important;}\u00a0\u00bb el_id=\u00a0\u00bbemerging-technologies\u00a0\u00bb][vc_column][vc_separator css=\u00a0\u00bb\u00a0\u00bb el_class=\u00a0\u00bbtop-orange-triangle\u00a0\u00bb][vc_column_text css=\u00a0\u00bb.vc_custom_1748374935824{margin-top: 10px !important;margin-bottom: 0px !important;}\u00a0\u00bb el_class=\u00a0\u00bborange-text\u00a0\u00bb]<\/p>\n<h2 style=\"text-align: center;\">NOUVELLES TECHNOLOGIES<\/h2>\n<p>[\/vc_column_text][vc_empty_space height=\u00a0\u00bb12px\u00a0\u00bb][\/vc_column][\/vc_row][vc_row content_placement=\u00a0\u00bbtop\u00a0\u00bb][vc_column width=\u00a0\u00bb1\/2&Prime; el_class=\u00a0\u00bbfade-in-on-view slide-right delay-300 delay-mobile-50&Prime;][vc_column_text css=\u00a0\u00bb\u00a0\u00bb]Graymont croit que les technologies les plus prometteuses impliquent la capture et l\u2019utilisation ou la s\u00e9questration du carbone.<\/p>\n<p>Compte tenu de l\u2019ampleur des investissements en immobilisations n\u00e9cessaires pour acc\u00e9l\u00e9rer la commercialisation et le d\u00e9ploiement des technologies de capture de carbone \u00e0 grande \u00e9chelle, l\u2019industrie de la chaux devra travailler avec les divers paliers de gouvernement et d\u2019autres intervenants pour faciliter leur mise en \u0153uvre. Nous pensons que les gouvernements devront \u00e9tablir un prix du carbone fiable sur le march\u00e9 \u00e0 long terme, cr\u00e9er des conditions de concurrence \u00e9quitables en termes de cadre r\u00e9glementaire en ce qui concerne les droits de douane et les taxes dans diverses juridictions, et promouvoir et d\u00e9velopper des infrastructures de transport et de s\u00e9questration du carbone disponibles pour tous. En outre, des programmes d\u2019incitation financi\u00e8re seront n\u00e9cessaires pour acc\u00e9l\u00e9rer le d\u00e9veloppement de ces technologies.[\/vc_column_text][\/vc_column][vc_column width=\u00a0\u00bb1\/2&Prime; el_class=\u00a0\u00bbfade-in-on-view slide-left delay-300 delay-mobile-50&Prime;][vc_single_image image=\u00a0\u00bb5513&Prime; img_size=\u00a0\u00bbfull\u00a0\u00bb css=\u00a0\u00bb.vc_custom_1747661208183{margin-bottom: 0px !important;}\u00a0\u00bb el_class=\u00a0\u00bbcorner-bottom-left-cut\u00a0\u00bb][\/vc_column][\/vc_row][vc_row css=\u00a0\u00bb.vc_custom_1747669646184{margin-top: 35px !important;}\u00a0\u00bb el_id=\u00a0\u00bbglobal-economic-growth\u00a0\u00bb][vc_column][vc_separator css=\u00a0\u00bb\u00a0\u00bb el_class=\u00a0\u00bbtop-orange-triangle\u00a0\u00bb][vc_column_text css=\u00a0\u00bb.vc_custom_1748374943988{margin-top: 10px !important;margin-bottom: 0px !important;}\u00a0\u00bb el_class=\u00a0\u00bborange-text\u00a0\u00bb]<\/p>\n<h2 style=\"text-align: center;\">CROISSANCE \u00c9CONOMIQUE MONDIALE<\/h2>\n<p>[\/vc_column_text][vc_empty_space height=\u00a0\u00bb12px\u00a0\u00bb][\/vc_column][\/vc_row][vc_row content_placement=\u00a0\u00bbmiddle\u00a0\u00bb el_class=\u00a0\u00bbinvert-cl-mobile\u00a0\u00bb][vc_column width=\u00a0\u00bb1\/2&Prime; el_class=\u00a0\u00bbfade-in-on-view slide-right delay-300 delay-mobile-50&Prime;][vc_single_image image=\u00a0\u00bb5519&Prime; img_size=\u00a0\u00bbfull\u00a0\u00bb css=\u00a0\u00bb.vc_custom_1747661517765{margin-bottom: 0px !important;}\u00a0\u00bb el_class=\u00a0\u00bbcorner-top-right-cut\u00a0\u00bb][\/vc_column][vc_column width=\u00a0\u00bb1\/2&Prime; el_class=\u00a0\u00bbfade-in-on-view slide-left delay-300 delay-mobile-50&Prime;][vc_column_text css=\u00a0\u00bb\u00a0\u00bb]En retour, Graymont et l\u2019industrie de la chaux peuvent \u00e0 la fois d\u00e9carboniser et continuer \u00e0 fournir des avantages pour la soci\u00e9t\u00e9 en tant que fournisseur de solutions environnementales et moteur de croissance de l\u2019\u00e9conomie mondiale. De plus, les possibilit\u00e9s d\u2019emploi et d\u2019\u00e9conomie offertes aux membres des collectivit\u00e9s o\u00f9 Graymont exerce ses activit\u00e9s seront am\u00e9lior\u00e9es.<\/p>\n<p>Enfin, les clients de Graymont b\u00e9n\u00e9ficieront directement de la disponibilit\u00e9 des solutions \u00e0 base de calcium qui les aideront \u00e0 atteindre leurs propres objectifs d\u2019action climatique.[\/vc_column_text][\/vc_column][\/vc_row][\/vc_section][vc_row css=\u00a0\u00bb.vc_custom_1747739778575{margin-top: 35px !important;}\u00a0\u00bb el_id=\u00a0\u00bbemissions-profile\u00a0\u00bb][vc_column][vc_separator css=\u00a0\u00bb\u00a0\u00bb el_class=\u00a0\u00bbtop-orange-triangle\u00a0\u00bb][vc_column_text css=\u00a0\u00bb.vc_custom_1748374951263{margin-top: 10px !important;margin-bottom: 0px !important;}\u00a0\u00bb el_class=\u00a0\u00bborange-text\u00a0\u00bb]<\/p>\n<h2 style=\"text-align: center;\">PROFIL DES \u00c9MISSIONS DE GRAYMONT<\/h2>\n<p>[\/vc_column_text][vc_empty_space height=\u00a0\u00bb12px\u00a0\u00bb][\/vc_column][\/vc_row][vc_row full_width=\u00a0\u00bbstretch_row\u00a0\u00bb equal_height=\u00a0\u00bbyes\u00a0\u00bb el_class=\u00a0\u00bbour-people-section\u00a0\u00bb css=\u00a0\u00bb.vc_custom_1747209624818{padding-top: 35px !important;padding-bottom: 35px !important;background-color: #F7F6F2 !important;}\u00a0\u00bb el_id=\u00a0\u00bbcommunity\u00a0\u00bb][vc_column width=\u00a0\u00bb2\/5&Prime; css=\u00a0\u00bb.vc_custom_1741987498736{margin-top: 0px !important;padding-top: 0px !important;background-color: #50748A !important;}\u00a0\u00bb el_class=\u00a0\u00bbour-people-careers dark-bg fade-in-on-view slide-right delay-300 delay-mobile-20&Prime;][vc_single_image image=\u00a0\u00bb5715&Prime; img_size=\u00a0\u00bbfull\u00a0\u00bb css=\u00a0\u00bb.vc_custom_1747920480341{margin-bottom: 0px !important;}\u00a0\u00bb el_class=\u00a0\u00bbcorner-top-left-cut\u00a0\u00bb][vc_single_image image=\u00a0\u00bb5713&Prime; img_size=\u00a0\u00bbfull\u00a0\u00bb css=\u00a0\u00bb.vc_custom_1747920441590{margin-bottom: 0px !important;}\u00a0\u00bb el_class=\u00a0\u00bbcorner-top-left-cut\u00a0\u00bb][\/vc_column][vc_column width=\u00a0\u00bb3\/5&Prime;][vc_column_text css=\u00a0\u00bb\u00a0\u00bb]<\/p>\n<h2 style=\"text-align: left;\">Profil d\u2019\u00e9missions<\/h2>\n<p>Depuis 2020, Graymont s\u2019appuie sur deux indicateurs cl\u00e9s pour am\u00e9liorer ses processus d\u00e9cisionnels. Le plan de production pr\u00e9visionnel glissant sur cinq ans int\u00e8gre d\u00e9sormais une composante li\u00e9e au CO\u2082, permettant d\u2019anticiper les \u00e9missions de carbone d\u00e9coulant des choix op\u00e9rationnels \u00e0 moyen terme. De plus, pour une quatri\u00e8me ann\u00e9e cons\u00e9cutive, l\u2019entreprise rend compte de ses \u00e9missions de gaz \u00e0 effet de serre (GES) de champ 2, c\u2019est-\u00e0-dire celles d\u00e9coulant indirectement de la consommation d\u2019\u00e9lectricit\u00e9.<\/p>\n<p>En 2024, les installations de Graymont ont g\u00e9n\u00e9r\u00e9 120 000 tonnes de CO\u2082 \u00e9quivalent en \u00e9missions de champ 2, soit une baisse d\u2019environ 5 % par rapport \u00e0 2023, et de 8 % par rapport \u00e0 2020, ann\u00e9e de r\u00e9f\u00e9rence. \u00c9tant donn\u00e9 que les \u00e9missions directes (champ 1) des installations de production repr\u00e9sentent un volume nettement sup\u00e9rieur, nos efforts de r\u00e9duction continueront de cibler en priorit\u00e9 ces \u00e9missions, tout en saisissant les occasions de diminuer aussi celles de champ 2.<\/p>\n<p><strong>R\u00e9sultats pour 2024<\/strong><\/p>\n<p>En 2024, nos \u00e9missions totales de GES de champ 1 ont diminu\u00e9 de 5 % par rapport \u00e0 2023. Cette baisse s\u2019explique en partie par une diminution de 1 % de la production, elle-m\u00eame li\u00e9e \u00e0 une baisse de 2 % des volumes de vente, mais elle est surtout attribuable \u00e0 notre transition continue du charbon vers le gaz naturel.<\/p>\n<p>L\u2019intensit\u00e9 globale des \u00e9missions de Graymont, c\u2019est-\u00e0-dire le volume de GES \u00e9mis par tonne de chaux produite (y compris les \u00e9missions de proc\u00e9d\u00e9 et de combustion) a diminu\u00e9 de 2 % par rapport \u00e0 2023. Ce r\u00e9sultat s\u2019explique par la substitution des combustibles solides au profit du gaz naturel, ce qui a permis de r\u00e9duire nos seules \u00e9missions de combustion de pr\u00e8s de 6 % par rapport \u00e0 l\u2019ann\u00e9e pr\u00e9c\u00e9dente, et de 24 % par rapport au niveau de r\u00e9f\u00e9rence de 2004.<\/p>\n<p>Variation en pourcentage par rapport \u00e0 l\u2019intensit\u00e9 des \u00e9missions en 2004[\/vc_column_text][\/vc_column][\/vc_row][vc_row full_width=\u00a0\u00bbstretch_row\u00a0\u00bb css=\u00a0\u00bb.vc_custom_1747209748339{background-image: url(https:\/\/www.graymont.com\/wp-content\/uploads\/2025\/03\/subheader-sust-report.jpg?id=715) !important;background-position: center !important;background-repeat: no-repeat !important;background-size: cover !important;}\u00a0\u00bb el_class=\u00a0\u00bbdark-bg\u00a0\u00bb el_id=\u00a0\u00bbreports\u00a0\u00bb][vc_column][vc_empty_space height=\u00a0\u00bb84px\u00a0\u00bb el_class=\u00a0\u00bbhide-mobile\u00a0\u00bb][vc_empty_space el_class=\u00a0\u00bbshow-mobile\u00a0\u00bb][vc_column_text css=\u00a0\u00bb\u00a0\u00bb]<\/p>\n<h3 class=\"orange-text\" style=\"text-align: left;\">Rapports sur le d\u00e9veloppement durable de Graymont<\/h3>\n<p>[\/vc_column_text][vc_row_inner][vc_column_inner el_class=\u00a0\u00bbdisplay-flex-side-subheader\u00a0\u00bb][vc_btn title=\u00a0\u00bbConsulter les rapports\u00a0\u00bb align=\u00a0\u00bbleft\u00a0\u00bb css=\u00a0\u00bb\u00a0\u00bb el_class=\u00a0\u00bbfull-width-mobile\u00a0\u00bb link=\u00a0\u00bburl:%2Ffr%2Fdurabilite%2Frapports-de-durabilite%2F\u00a0\u00bb][vc_btn title=\u00a0\u00bbNous contacter\u00a0\u00bb align=\u00a0\u00bbright\u00a0\u00bb css=\u00a0\u00bb\u00a0\u00bb el_class=\u00a0\u00bbfull-width-mobile cream-btn\u00a0\u00bb link=\u00a0\u00bburl:%2Ffr%2Fcontactez-nous%2F\u00a0\u00bb][\/vc_column_inner][\/vc_row_inner][vc_empty_space el_class=\u00a0\u00bbshow-mobile\u00a0\u00bb][vc_empty_space height=\u00a0\u00bb84px\u00a0\u00bb el_class=\u00a0\u00bbhide-mobile\u00a0\u00bb][\/vc_column][\/vc_row]<\/p>\n<\/div>","protected":false},"excerpt":{"rendered":"<p>[vc_row full_width=\u00a0\u00bbstretch_row\u00a0\u00bb el_class=\u00a0\u00bbsubheader-hero acf-hero\u00a0\u00bb][vc_column width=\u00a0\u00bb2\/3&Prime;][vc_column_text css=\u00a0\u00bb\u00a0\u00bb] L\u2019ACTION CLIMATIQUE DE GRAYMONT En tant que chef de file de l\u2019industrie mondiale de la chaux, en activit\u00e9 depuis plus<span class=\"excerpt-hellip\"> [\u2026]<\/span><\/p>\n","protected":false},"author":1,"featured_media":-1,"parent":678,"menu_order":0,"comment_status":"closed","ping_status":"closed","template":"","meta":{"_acf_changed":false,"footnotes":""},"class_list":["post-5411","page","type-page","status-publish","has-post-thumbnail","hentry"],"acf":[],"_links":{"self":[{"href":"https:\/\/www.graymont.com\/fr\/wp-json\/wp\/v2\/pages\/5411","targetHints":{"allow":["GET"]}}],"collection":[{"href":"https:\/\/www.graymont.com\/fr\/wp-json\/wp\/v2\/pages"}],"about":[{"href":"https:\/\/www.graymont.com\/fr\/wp-json\/wp\/v2\/types\/page"}],"author":[{"embeddable":true,"href":"https:\/\/www.graymont.com\/fr\/wp-json\/wp\/v2\/users\/1"}],"replies":[{"embeddable":true,"href":"https:\/\/www.graymont.com\/fr\/wp-json\/wp\/v2\/comments?post=5411"}],"version-history":[{"count":0,"href":"https:\/\/www.graymont.com\/fr\/wp-json\/wp\/v2\/pages\/5411\/revisions"}],"up":[{"embeddable":true,"href":"https:\/\/www.graymont.com\/fr\/wp-json\/wp\/v2\/pages\/678"}],"wp:featuredmedia":[{"embeddable":true,"href":"https:\/\/www.graymont.com\/fr\/wp-json\/"}],"wp:attachment":[{"href":"https:\/\/www.graymont.com\/fr\/wp-json\/wp\/v2\/media?parent=5411"}],"curies":[{"name":"wp","href":"https:\/\/api.w.org\/{rel}","templated":true}]}}