{"id":5393,"date":"2025-05-15T16:25:13","date_gmt":"2025-05-15T20:25:13","guid":{"rendered":"https:\/\/www.graymont.com\/?page_id=5393"},"modified":"2025-07-09T05:43:41","modified_gmt":"2025-07-09T09:43:41","slug":"grupo-calidra","status":"publish","type":"page","link":"https:\/\/www.graymont.com\/fr\/installations\/grupo-calidra\/","title":{"rendered":"Grupo Calidra"},"content":{"rendered":"<div class=\"wpb-content-wrapper\"><p>[vc_row full_width=\u00a0\u00bbstretch_row\u00a0\u00bb el_class=\u00a0\u00bbsubheader-hero acf-hero\u00a0\u00bb][vc_column width=\u00a0\u00bb2\/3&Prime;][vc_column_text css=\u00a0\u00bb\u00a0\u00bb]<\/p>\n<h2 style=\"text-align: left;\">Grupo Calidra<\/h2>\n<p>[\/vc_column_text][\/vc_column][vc_column width=\u00a0\u00bb1\/3&Prime;][\/vc_column][\/vc_row][vc_section full_width=\u00a0\u00bbstretch_row\u00a0\u00bb css=\u00a0\u00bb.vc_custom_1747319560971{margin-top: 5px !important;margin-bottom: 20px !important;}\u00a0\u00bb el_class=\u00a0\u00bbicon-bg-top-right\u00a0\u00bb][vc_row css=\u00a0\u00bb.vc_custom_1741986757463{margin-top: 45px !important;}\u00a0\u00bb][vc_column][vc_column_text css=\u00a0\u00bb\u00a0\u00bb]En 2003, Graymont devenait copropri\u00e9taire de Grupo Calidra. Fond\u00e9 en 1907, Grupo Calidra est le plus important producteur de chaux au Mexique, avec\u00a017 sites de production au Mexique et un au Honduras.<\/p>\n<p>Tout comme Graymont, il s&rsquo;agit d&rsquo;une entreprise priv\u00e9e qui compte plus de cent ann\u00e9es d&rsquo;exp\u00e9rience dans l&rsquo;industrie de la chaux et de la pierre \u00e0 chaux. Calidra exploite certains des meilleurs gisements de pierre \u00e0 chaux de l&rsquo;Am\u00e9rique Latine.<\/p>\n<p>Calidra produit de la chaux \u00e9teinte de construction, de la chaux vive, de la chaux dolomitique, de la chaux \u00e9teinte chimique et des produits de carbonate de calcium sous diff\u00e9rentes\u00a0marques, dont\u00a0Calidra et Piracal.<\/p>\n<p>Calidra exporte de la chaux \u00e9teinte de qualit\u00e9 sup\u00e9rieure destin\u00e9e \u00e0 des applications industrielles sp\u00e9cialis\u00e9es telles que les additifs de lubrifiant et l&rsquo;industrie alimentaire (consultez\u00a0la liste des produits Graymont sous\u00a0chaux \u00e9teinte\u00a0comme additif de lubrifiant et\u00a0chaux \u00e9teinte\u00a0sp\u00e9cialis\u00e9e de qualit\u00e9 alimentaire).<\/p>\n<p>Site web de\u00a0Grupo Calidra:\u00a0<a class=\"leave-site-link\" href=\"https:\/\/calidra.com\/\" target=\"_blank\" rel=\"noopener\">calidra.com<\/a>.[\/vc_column_text][\/vc_column][\/vc_row][\/vc_section][vc_row][vc_column][vc_raw_js]JTNDc2NyaXB0JTNFJTIwJTBBJTBBZG9jdW1lbnQuYWRkRXZlbnRMaXN0ZW5lciUyOCUyMkRPTUNvbnRlbnRMb2FkZWQlMjIlMkMlMjBmdW5jdGlvbiUyMCUyOCUyOSUyMCU3QiUwQSUyMCUyMCUyRiUyRiUyMENyZWF0ZSUyMG92ZXJsYXklMjBhbmQlMjBwb3B1cCUwQSUyMCUyMGNvbnN0JTIwb3ZlcmxheSUyMCUzRCUyMGRvY3VtZW50LmNyZWF0ZUVsZW1lbnQlMjglMjJkaXYlMjIlMjklM0IlMEElMjAlMjBvdmVybGF5LmNsYXNzTmFtZSUyMCUzRCUyMCUyMm1kcy1wb3AtdXAtbGVhdmUtc2l0ZSUyMG92ZXJsYXklMjIlM0IlMEElMEElMjAlMjBjb25zdCUyMHBvcHVwJTIwJTNEJTIwZG9jdW1lbnQuY3JlYXRlRWxlbWVudCUyOCUyMmRpdiUyMiUyOSUzQiUwQSUyMCUyMHBvcHVwLmNsYXNzTmFtZSUyMCUzRCUyMCUyMm1kcy1wb3AtdXAtbGVhdmUtc2l0ZSUyMHBvcHVwJTIyJTNCJTBBJTIwJTIwcG9wdXAuaW5uZXJIVE1MJTIwJTNEJTIwJTYwJTBBJTIwJTIwJTIwJTIwJTNDcCUzRSUwQSUyMCUyMCUyMCUyMCUyMCUyMCUzQ2g2JTNFVm91cyUyMCVDMyVBQXRlcyUyMHN1ciUyMGxlJTIwcG9pbnQlMjBkZSUyMHF1aXR0ZXIlMjBub3RyZSUyMHNpdGUlMjB3ZWIuJTNDJTJGaDYlM0UlMEElMjAlMjAlMjAlMjAlMjAlMjBFbiUyMGNsaXF1YW50JTIwc3VyJTIwY2UlMjBsaWVuJTJDJTIwdm91cyUyMHNlcmV6JTIwcmVkaXJpZyVDMyVBOSUyMHZlcnMlMjB1biUyMHNpdGUlMjB3ZWIlMjB0aWVycy4lM0NiciUzRSUwQSUyMCUyMCUyMCUyMCUyMCUyMEdyYXltb250JTIwbiVFMiU4MCU5OWVzdCUyMHBhcyUyMHJlc3BvbnNhYmxlJTIwZHUlMjBjb250ZW51JTJDJTIwZGUlMjBsJUUyJTgwJTk5ZXhhY3RpdHVkZSUyMG5pJTIwZGVzJTIwcG9saXRpcXVlcyUyMGRlJTIwY29uZmlkZW50aWFsaXQlQzMlQTklMjBkZXMlMjBzaXRlcyUyMGV4dGVybmVzLiUwQSUyMCUyMCUyMCUyMCUzQyUyRnAlM0UlMEElMjAlMjAlMjAlMjAlM0NidXR0b24lMjBpZCUzRCUyMmxlYXZlLXNpdGUtY2FuY2VsJTIyJTNFUmVzdGVyJTIwaWNpJTNDJTJGYnV0dG9uJTNFJTBBJTIwJTIwJTIwJTIwJTNDYnV0dG9uJTIwaWQlM0QlMjJsZWF2ZS1zaXRlLWNvbnRpbnVlJTIyJTNFQ29udGludWVyJTNDJTJGYnV0dG9uJTNFJTBBJTIwJTIwJTYwJTNCJTBBJTBBJTIwJTIwb3ZlcmxheS5hcHBlbmRDaGlsZCUyOHBvcHVwJTI5JTNCJTBBJTIwJTIwZG9jdW1lbnQuYm9keS5hcHBlbmRDaGlsZCUyOG92ZXJsYXklMjklM0IlMEElMEElMjAlMjBsZXQlMjB0YXJnZXRVcmwlMjAlM0QlMjBudWxsJTNCJTBBJTBBJTIwJTIwJTJGJTJGJTIwSG9vayUyMGFsbCUyMGxlYXZlLXNpdGUlMjBsaW5rcyUwQSUyMCUyMGRvY3VtZW50LnF1ZXJ5U2VsZWN0b3JBbGwlMjglMjIubGVhdmUtc2l0ZS1saW5rJTIyJTI5LmZvckVhY2glMjhsaW5rJTIwJTNEJTNFJTIwJTdCJTBBJTIwJTIwJTIwJTIwbGluay5hZGRFdmVudExpc3RlbmVyJTI4JTIyY2xpY2slMjIlMkMlMjBmdW5jdGlvbiUyMCUyOGUlMjklMjAlN0IlMEElMjAlMjAlMjAlMjAlMjAlMjBlLnByZXZlbnREZWZhdWx0JTI4JTI5JTNCJTBBJTIwJTIwJTIwJTIwJTIwJTIwdGFyZ2V0VXJsJTIwJTNEJTIwdGhpcy5ocmVmJTNCJTBBJTIwJTIwJTIwJTIwJTIwJTIwb3ZlcmxheS5zdHlsZS5kaXNwbGF5JTIwJTNEJTIwJTIyZmxleCUyMiUzQiUwQSUyMCUyMCUyMCUyMCU3RCUyOSUzQiUwQSUyMCUyMCU3RCUyOSUzQiUwQSUwQSUyMCUyMCUyRiUyRiUyMEJ1dHRvbiUyMGJlaGF2aW9yJTBBJTIwJTIwb3ZlcmxheS5hZGRFdmVudExpc3RlbmVyJTI4JTIyY2xpY2slMjIlMkMlMjBmdW5jdGlvbiUyMCUyOGUlMjklMjAlN0IlMEElMjAlMjAlMjAlMjBpZiUyMCUyOGUudGFyZ2V0LmlkJTIwJTNEJTNEJTNEJTIwJTIybGVhdmUtc2l0ZS1jb250aW51ZSUyMiUyOSUyMCU3QiUwQSUyMCUyMCUyMCUyMCUyMCUyMHdpbmRvdy5sb2NhdGlvbi5ocmVmJTIwJTNEJTIwdGFyZ2V0VXJsJTNCJTBBJTIwJTIwJTIwJTIwJTdEJTIwZWxzZSUyMGlmJTIwJTI4ZS50YXJnZXQuaWQlMjAlM0QlM0QlM0QlMjAlMjJsZWF2ZS1zaXRlLWNhbmNlbCUyMiUyMCU3QyU3QyUyMGUudGFyZ2V0JTIwJTNEJTNEJTNEJTIwb3ZlcmxheSUyOSUyMCU3QiUwQSUyMCUyMCUyMCUyMCUyMCUyMG92ZXJsYXkuc3R5bGUuZGlzcGxheSUyMCUzRCUyMCUyMm5vbmUlMjIlM0IlMEElMjAlMjAlMjAlMjAlMjAlMjB0YXJnZXRVcmwlMjAlM0QlMjBudWxsJTNCJTBBJTIwJTIwJTIwJTIwJTdEJTBBJTIwJTIwJTdEJTI5JTNCJTBBJTdEJTI5JTNCJTBBJTBBJTNDJTJGc2NyaXB0JTNF[\/vc_raw_js][\/vc_column][\/vc_row]<\/p>\n<\/div>","protected":false},"excerpt":{"rendered":"<p>[vc_row full_width=\u00a0\u00bbstretch_row\u00a0\u00bb el_class=\u00a0\u00bbsubheader-hero acf-hero\u00a0\u00bb][vc_column width=\u00a0\u00bb2\/3&Prime;][vc_column_text css=\u00a0\u00bb\u00a0\u00bb] Grupo Calidra [\/vc_column_text][\/vc_column][vc_column width=\u00a0\u00bb1\/3&Prime;][\/vc_column][\/vc_row][vc_section full_width=\u00a0\u00bbstretch_row\u00a0\u00bb css=\u00a0\u00bb.vc_custom_1747319560971{margin-top: 5px !important;margin-bottom: 20px !important;}\u00a0\u00bb el_class=\u00a0\u00bbicon-bg-top-right\u00a0\u00bb][vc_row css=\u00a0\u00bb.vc_custom_1741986757463{margin-top: 45px !important;}\u00a0\u00bb][vc_column][vc_column_text css=\u00a0\u00bb\u00a0\u00bb]En 2003, Graymont devenait copropri\u00e9taire de<span class=\"excerpt-hellip\"> [\u2026]<\/span><\/p>\n","protected":false},"author":1,"featured_media":-1,"parent":423,"menu_order":200,"comment_status":"closed","ping_status":"closed","template":"","meta":{"_acf_changed":false,"footnotes":""},"class_list":["post-5393","page","type-page","status-publish","has-post-thumbnail","hentry"],"acf":[],"_links":{"self":[{"href":"https:\/\/www.graymont.com\/fr\/wp-json\/wp\/v2\/pages\/5393","targetHints":{"allow":["GET"]}}],"collection":[{"href":"https:\/\/www.graymont.com\/fr\/wp-json\/wp\/v2\/pages"}],"about":[{"href":"https:\/\/www.graymont.com\/fr\/wp-json\/wp\/v2\/types\/page"}],"author":[{"embeddable":true,"href":"https:\/\/www.graymont.com\/fr\/wp-json\/wp\/v2\/users\/1"}],"replies":[{"embeddable":true,"href":"https:\/\/www.graymont.com\/fr\/wp-json\/wp\/v2\/comments?post=5393"}],"version-history":[{"count":0,"href":"https:\/\/www.graymont.com\/fr\/wp-json\/wp\/v2\/pages\/5393\/revisions"}],"up":[{"embeddable":true,"href":"https:\/\/www.graymont.com\/fr\/wp-json\/wp\/v2\/pages\/423"}],"wp:featuredmedia":[{"embeddable":true,"href":"https:\/\/www.graymont.com\/fr\/wp-json\/"}],"wp:attachment":[{"href":"https:\/\/www.graymont.com\/fr\/wp-json\/wp\/v2\/media?parent=5393"}],"curies":[{"name":"wp","href":"https:\/\/api.w.org\/{rel}","templated":true}]}}