{"id":2850,"date":"2025-04-12T09:38:31","date_gmt":"2025-04-12T13:38:31","guid":{"rendered":"https:\/\/www.graymont.com\/?page_id=2850"},"modified":"2025-07-24T14:44:27","modified_gmt":"2025-07-24T18:44:27","slug":"leadership","status":"publish","type":"page","link":"https:\/\/www.graymont.com\/fr\/a-propos\/leadership\/","title":{"rendered":"\u00c9quipe de leadership strat\u00e9gique"},"content":{"rendered":"<div class=\"wpb-content-wrapper\"><p>[vc_row full_width=&#8221;stretch_row&#8221; el_class=&#8221;subheader-hero acf-hero&#8221;][vc_column width=&#8221;2\/3&#8243;][vc_column_text css=&#8221;&#8221;]<\/p>\n<h1 class=\"title\" style=\"text-align: left;\"><span style=\"color: #e86e25;\">LEADERSHIP<\/span><\/h1>\n<h4 style=\"text-align: left;\">La philosophie d\u2019entreprise de Graymont repose sur un engagement en faveur d\u2019une croissance durable et sur le respect rigoureux de pratiques responsables en mati\u00e8re d\u2019environnement, de sant\u00e9 et s\u00e9curit\u00e9 au travail, et d\u2019exploitation. Cette approche se refl\u00e8te dans les actions men\u00e9es \u00e0 tous les niveaux de l\u2019entreprise.<\/h4>\n<p>[\/vc_column_text][vc_row_inner el_class=&#8221;no-margin-bottom-mobile&#8221;][vc_column_inner el_class=&#8221;display-flex-side-subheader&#8221;][vc_btn title=&#8221;\u00c0 propos de Graymont&#8221; align=&#8221;left&#8221; css=&#8221;&#8221; el_class=&#8221;full-width-mobile&#8221; link=&#8221;url:%2Ffr%2Fa-propos%2F|title:%C3%80%20propos%20de%20Graymont&#8221;][vc_btn title=&#8221;Comment pouvons-nous vous aider? Contactez-nous&#8221; align=&#8221;right&#8221; css=&#8221;&#8221; el_class=&#8221;full-width-mobile blue-btn&#8221; link=&#8221;url:%2Ffr%2Fcontactez-nous%2F|title:Contact%20Us&#8221;][\/vc_column_inner][\/vc_row_inner][\/vc_column][vc_column width=&#8221;1\/3&#8243;][\/vc_column][\/vc_row][vc_section full_width=&#8221;stretch_row&#8221; css=&#8221;.vc_custom_1747128641262{margin-top: 35px !important;}&#8221; el_class=&#8221;icon-bg-top-right&#8221; el_id=&#8221;SLT&#8221;][vc_row][vc_column][vc_column_text css=&#8221;&#8221;]<\/p>\n<h2>\u00c9QUIPE DE LEADERSHIP STRAT\u00c9GIQUE<\/h2>\n<p>[\/vc_column_text][\/vc_column][\/vc_row][vc_row disable_element=&#8221;yes&#8221;][vc_column][vc_column_text css=&#8221;&#8221;]<\/p>\n<h2>STRATEGIC LEADERSHIP TEAM<\/h2>\n<p>Our Strategic Leadership Team is responsible for delivering on Graymont\u2019s vision of being world class in everything we do. With decades of experience across key industries, regions, and the company, the SLT sets strategic priorities and fosters alignment. Working within a matrix structure, the team unites functional and regional leaders to strengthen decision-making across the organization.[\/vc_column_text][\/vc_column][\/vc_row][vc_row equal_height=&#8221;yes&#8221; el_class=&#8221;leadership-columns&#8221;][vc_column width=&#8221;1\/3&#8243;][vc_column_text css=&#8221;&#8221;]<\/p>\n<h5><strong>St\u00e9phane Godin<\/strong><\/h5>\n<h6>Pr\u00e9sident et Chef de la Direction<br \/>\n<i>Richmond, British Columbia, Canada<\/i><\/h6>\n<p>[\/vc_column_text][\/vc_column][vc_column width=&#8221;1\/3&#8243;][vc_column_text css=&#8221;&#8221;]<\/p>\n<h5><strong>Andrew Speed<\/strong><\/h5>\n<h6>Pr\u00e9sident<br \/>\n<i>Asia Pacific<\/i><\/h6>\n<p>[\/vc_column_text][\/vc_column][vc_column width=&#8221;1\/3&#8243;][vc_column_text css=&#8221;&#8221;]<\/p>\n<h5><strong>Mathieu Bouchard<\/strong><\/h5>\n<h6>Vice-pr\u00e9sident, Affaires corporatives, environnement et d\u00e9veloppement durable<br \/>\n<i>Brossard,\u00a0Quebec,\u00a0Canada<\/i><\/h6>\n<p>[\/vc_column_text][\/vc_column][\/vc_row][vc_row equal_height=&#8221;yes&#8221; el_class=&#8221;leadership-columns&#8221;][vc_column width=&#8221;1\/3&#8243;][vc_column_text css=&#8221;&#8221;]<\/p>\n<h5><strong>Martin&nbsp;Bri\u00e8re<\/strong><\/h5>\n<h6>Pr\u00e9sident<br \/>\n<i>North America<\/i><\/h6>\n<p>[\/vc_column_text][\/vc_column][vc_column width=&#8221;1\/3&#8243;][vc_column_text css=&#8221;&#8221;]<\/p>\n<h5><strong>David Chamberlain\u00a0<\/strong><\/h5>\n<h6>Vice-pr\u00e9sident, D\u00e9veloppement de l&#8217;entreprise<br \/>\n<i>Richmond, British Columbia, Canada<\/i><\/h6>\n<p>[\/vc_column_text][\/vc_column][vc_column width=&#8221;1\/3&#8243;][vc_column_text css=&#8221;&#8221;]<\/p>\n<h5><strong>Chris Davies<\/strong><\/h5>\n<h6>Vice-pr\u00e9sident et directeur financier<br \/>\n<i>Richmond, British Columbia, Canada<\/i><\/h6>\n<p>[\/vc_column_text][\/vc_column][\/vc_row][vc_row equal_height=&#8221;yes&#8221; el_class=&#8221;leadership-columns&#8221;][vc_column width=&#8221;1\/3&#8243;][vc_column_text css=&#8221;&#8221;]<\/p>\n<h5><strong>Jo-Ann Giesbrecht<\/strong><\/h5>\n<h6>Vice-pr\u00e9sidente et Cheffe des ressources humaines<br \/>\n<i>Richmond, British Columbia, Canada<\/i><\/h6>\n<p>[\/vc_column_text][\/vc_column][vc_column width=&#8221;1\/3&#8243;][vc_column_text css=&#8221;&#8221;]<\/p>\n<h5><strong>Celia Johnson<\/strong><\/h5>\n<h6>Vice-pr\u00e9sidente, avocate g\u00e9n\u00e9rale et secr\u00e9taire g\u00e9n\u00e9rale<br \/>\n<i>Richmond, British Columbia, Canada<\/i><\/h6>\n<p>[\/vc_column_text][\/vc_column][vc_column width=&#8221;1\/3&#8243;][vc_column_text css=&#8221;&#8221;]<\/p>\n<h5><b>Marc Messenger<\/b><\/h5>\n<h6>Vice-Pr\u00e9sident, Services techniques<br \/>\n<i>West Bend, Wisconsin, United States<\/i><\/h6>\n<p>[\/vc_column_text][\/vc_column][\/vc_row][vc_row equal_height=&#8221;yes&#8221; el_class=&#8221;leadership-columns&#8221;][vc_column width=&#8221;1\/3&#8243;][vc_column_text css=&#8221;&#8221;]<\/p>\n<h5><strong>Ron Ogilvy<\/strong><\/h5>\n<h6>Vice-pr\u00e9sident et directeur de l&#8217;information<br \/>\n<i>Richmond, British Columbia, Canada<\/i><\/h6>\n<p>[\/vc_column_text][\/vc_column][vc_column width=&#8221;1\/3&#8243; el_class=&#8221;hide&#8221;][\/vc_column][vc_column width=&#8221;1\/3&#8243; el_class=&#8221;hide&#8221;][\/vc_column][\/vc_row][vc_row css=&#8221;.vc_custom_1747128628440{margin-top: 15px !important;}&#8221; el_id=&#8221;directors&#8221;][vc_column][vc_column_text css=&#8221;&#8221;]<\/p>\n<h2>DIRECTEURS<\/h2>\n<p>[\/vc_column_text][\/vc_column][\/vc_row][vc_row disable_element=&#8221;yes&#8221; css=&#8221;.vc_custom_1747734314691{margin-top: 15px !important;}&#8221;][vc_column][vc_column_text css=&#8221;&#8221;]<\/p>\n<h2>DIRECTORS<\/h2>\n<p>By approving strategic initiatives and overseeing combined operations, our Directors drive sustained shareholder value and solidify Graymont as a reliable, global provider of calcium-based solutions.[\/vc_column_text][\/vc_column][\/vc_row][vc_row el_class=&#8221;directors-columns&#8221;][vc_column width=&#8221;1\/3&#8243;][vc_column_text css=&#8221;&#8221;]<\/p>\n<h5><strong>Anthony R. Graham<\/strong><\/h5>\n<h6>Pr\u00e9sident<br \/>\n<i>Toronto, Canada<\/i><\/h6>\n<p>[\/vc_column_text][\/vc_column][vc_column width=&#8221;1\/3&#8243;][vc_column_text css=&#8221;&#8221;]<\/p>\n<h5><strong>Maryse B\u00e9langer<\/strong><\/h5>\n<h6><i>West Vancouver, Canada<\/i><\/h6>\n<p>[\/vc_column_text][\/vc_column][vc_column width=&#8221;1\/3&#8243;][vc_column_text css=&#8221;&#8221;]<\/p>\n<h5><strong>Ludwig L. de Mot<\/strong><\/h5>\n<h6><i>Keerbergen, Belgium<\/i><\/h6>\n<p>[\/vc_column_text][\/vc_column][\/vc_row][vc_row el_class=&#8221;directors-columns&#8221;][vc_column width=&#8221;1\/3&#8243;][vc_column_text css=&#8221;&#8221;]<\/p>\n<h5><strong>St\u00e9phane Godin<\/strong><\/h5>\n<h6><i>West Vancouver, Canada<\/i><\/h6>\n<p>[\/vc_column_text][\/vc_column][vc_column width=&#8221;1\/3&#8243;][vc_column_text css=&#8221;&#8221;]<\/p>\n<h5><strong>J. Andrew Graham<\/strong><\/h5>\n<h6><i>Vancouver, Canada<\/i><\/h6>\n<p>[\/vc_column_text][\/vc_column][vc_column width=&#8221;1\/3&#8243;][vc_column_text css=&#8221;&#8221;]<\/p>\n<h5><strong>Jonathan A. Graham<\/strong><\/h5>\n<h6><i>Vancouver, Canada<\/i><\/h6>\n<p>[\/vc_column_text][\/vc_column][\/vc_row][vc_row el_class=&#8221;directors-columns&#8221;][vc_column width=&#8221;1\/3&#8243;][vc_column_text css=&#8221;&#8221;]<\/p>\n<h5><strong>Lawrence M. Graham<\/strong><\/h5>\n<h6><i>Victoria, Canada<\/i><\/h6>\n<p>[\/vc_column_text][\/vc_column][vc_column width=&#8221;1\/3&#8243;][vc_column_text css=&#8221;&#8221;]<\/p>\n<h5><strong>Patrick W. Graham<\/strong><\/h5>\n<h6><i>Toronto, Canada<\/i><\/h6>\n<p>[\/vc_column_text][\/vc_column][vc_column width=&#8221;1\/3&#8243;][vc_column_text css=&#8221;&#8221;]<\/p>\n<h5><strong>Dorothy J. Mills<\/strong><\/h5>\n<h6><i>Kelowna, Canada<\/i><\/h6>\n<p>[\/vc_column_text][\/vc_column][\/vc_row][vc_row el_class=&#8221;directors-columns&#8221;][vc_column width=&#8221;1\/3&#8243;][vc_column_text css=&#8221;&#8221;]<\/p>\n<h5><strong>Gordon C. Ross<\/strong><\/h5>\n<h6><i>Comox, Canada<\/i><\/h6>\n<p>[\/vc_column_text][\/vc_column][vc_column width=&#8221;1\/3&#8243;][vc_column_text css=&#8221;&#8221;]<\/p>\n<h5><strong>Jeremy B. Smith<\/strong><\/h5>\n<h6><i>Wanaka, New Zealand<\/i><\/h6>\n<p>[\/vc_column_text][\/vc_column][vc_column width=&#8221;1\/3&#8243;][vc_column_text css=&#8221;&#8221;]<\/p>\n<h5><strong>J. Graham Weir<\/strong><\/h5>\n<h6><i>Calgary, Canada<\/i><\/h6>\n<p>[\/vc_column_text][\/vc_column][\/vc_row][\/vc_section][vc_row full_width=&#8221;stretch_row_content&#8221; equal_height=&#8221;yes&#8221; content_placement=&#8221;middle&#8221; el_class=&#8221;two-cols-boxed dark-bg hover-fade-effects&#8221; css=&#8221;.vc_custom_1742403512755{background-color: #50748A !important;}&#8221;][vc_column width=&#8221;1\/2&#8243; el_class=&#8221;first-sade&#8221; css=&#8221;.vc_custom_1742528256700{background-image: url(https:\/\/www.graymont.com\/wp-content\/uploads\/2025\/03\/d1fae78d-d8c1-484f-a257-9465d1c4dfd1-min.jpg?id=1147) !important;}&#8221;][vc_column_text css=&#8221;&#8221; el_class=&#8221;left-margin-fullwidth&#8221;]<\/p>\n<h2 style=\"text-align: left;\">Produits<\/h2>\n<p>Graymont fournit des solutions essentielles \u00e0 base de calcium, de haute qualit\u00e9, pour r\u00e9pondre aux besoins \u00e9volutifs du monde.[\/vc_column_text][vc_btn title=&#8221;Explorez notre vaste gamme de produits&#8221; css=&#8221;&#8221; link=&#8221;url:%2Ffr%2Fproduits%2F&#8221; el_class=&#8221;left-margin-fullwidth&#8221;][\/vc_column][vc_column width=&#8221;1\/2&#8243; css=&#8221;.vc_custom_1742418187895{background-image: url(https:\/\/www.graymont.com\/wp-content\/uploads\/2025\/03\/bg-boxed-about.jpg?id=997) !important;}&#8221; el_class=&#8221;second-sade&#8221;][vc_column_text css=&#8221;&#8221; el_class=&#8221;right-margin-fullwidth&#8221;]<\/p>\n<h2 style=\"text-align: left;\">March\u00e9s et domaines d\u2019application<\/h2>\n<p>Les nombreuses solutions \u00e0 base de calcium de Graymont, ainsi que son infrastructure op\u00e9rationnelle, soutiennent des processus et des besoins essentiels \u00e0 de nombreux secteurs.[\/vc_column_text][vc_btn title=&#8221;Trouvez votre march\u00e9 ou domaine d\u2019application&#8221; css=&#8221;&#8221; link=&#8221;url:%2Ffr%2Fsolutions%2F&#8221; el_class=&#8221;right-margin-fullwidth&#8221;][\/vc_column][\/vc_row]<\/p>\n<\/div>","protected":false},"excerpt":{"rendered":"<p>[vc_row full_width=&#8221;stretch_row&#8221; el_class=&#8221;subheader-hero acf-hero&#8221;][vc_column width=&#8221;2\/3&#8243;][vc_column_text css=&#8221;&#8221;] LEADERSHIP La philosophie d\u2019entreprise de Graymont repose sur un engagement en faveur d\u2019une croissance durable et sur le respect rigoureux<span class=\"excerpt-hellip\"> [\u2026]<\/span><\/p>\n","protected":false},"author":1,"featured_media":0,"parent":962,"menu_order":0,"comment_status":"closed","ping_status":"closed","template":"","meta":{"_acf_changed":false,"footnotes":""},"class_list":["post-2850","page","type-page","status-publish","hentry"],"acf":[],"_links":{"self":[{"href":"https:\/\/www.graymont.com\/fr\/wp-json\/wp\/v2\/pages\/2850","targetHints":{"allow":["GET"]}}],"collection":[{"href":"https:\/\/www.graymont.com\/fr\/wp-json\/wp\/v2\/pages"}],"about":[{"href":"https:\/\/www.graymont.com\/fr\/wp-json\/wp\/v2\/types\/page"}],"author":[{"embeddable":true,"href":"https:\/\/www.graymont.com\/fr\/wp-json\/wp\/v2\/users\/1"}],"replies":[{"embeddable":true,"href":"https:\/\/www.graymont.com\/fr\/wp-json\/wp\/v2\/comments?post=2850"}],"version-history":[{"count":4,"href":"https:\/\/www.graymont.com\/fr\/wp-json\/wp\/v2\/pages\/2850\/revisions"}],"predecessor-version":[{"id":7248,"href":"https:\/\/www.graymont.com\/fr\/wp-json\/wp\/v2\/pages\/2850\/revisions\/7248"}],"up":[{"embeddable":true,"href":"https:\/\/www.graymont.com\/fr\/wp-json\/wp\/v2\/pages\/962"}],"wp:attachment":[{"href":"https:\/\/www.graymont.com\/fr\/wp-json\/wp\/v2\/media?parent=2850"}],"curies":[{"name":"wp","href":"https:\/\/api.w.org\/{rel}","templated":true}]}}