{"id":2229,"date":"2025-04-02T04:48:03","date_gmt":"2025-04-02T08:48:03","guid":{"rendered":"https:\/\/www.graymont.com\/?page_id=2229"},"modified":"2025-06-02T14:18:29","modified_gmt":"2025-06-02T18:18:29","slug":"graymont-stories","status":"publish","type":"page","link":"https:\/\/www.graymont.com\/fr\/graymont-stories\/","title":{"rendered":"DES HISTOIRES QUI FONT LA DIFF\u00c9RENCE"},"content":{"rendered":"<div class=\"wpb-content-wrapper\"><p>[vc_row full_width=&#8221;stretch_row&#8221; el_class=&#8221;subheader-hero acf-hero&#8221; css=&#8221;.vc_custom_1743583902629{margin-bottom: 35px !important;}&#8221;][vc_column width=&#8221;2\/3&#8243;][vc_column_text css=&#8221;&#8221;]<\/p>\n<h2 style=\"text-align: left;\">DES HISTOIRES QUI FONT LA DIFF\u00c9RENCE<\/h2>\n<h4>Chez Graymont, nous nous effor\u00e7ons de promouvoir une culture unifi\u00e9e qui inspire nos employ\u00e9s \u00e0 r\u00e9aliser de grandes choses. Voici les histoires de certains de nos employ\u00e9s qui sont au c\u0153ur de notre \u00e9volution dynamique en tant que leader de l&#8217;industrie.<\/h4>\n<p>[\/vc_column_text][\/vc_column][vc_column width=&#8221;1\/3&#8243;][\/vc_column][\/vc_row][vc_row][vc_column][vc_column_text css=&#8221;&#8221;]<!-- Gridbuilder \u1d42\u1d3e Plugin (https:\/\/wpgridbuilder.com) -->\n<div class=\"wp-grid-builder wpgb-grid-22\" data-options=\"{&quot;id&quot;:22,&quot;type&quot;:&quot;masonry&quot;,&quot;source&quot;:&quot;post_type&quot;,&quot;loader&quot;:false,&quot;layout&quot;:&quot;vertical&quot;,&quot;reveal&quot;:0,&quot;isMainQuery&quot;:0,&quot;lazyLoad&quot;:false,&quot;cardSizes&quot;:{&quot;9999&quot;:{&quot;columns&quot;:4,&quot;height&quot;:240,&quot;gutter&quot;:16,&quot;ratio&quot;:&quot;1.33333&quot;},&quot;1280&quot;:{&quot;columns&quot;:3,&quot;height&quot;:220,&quot;gutter&quot;:16,&quot;ratio&quot;:&quot;1.33333&quot;},&quot;1024&quot;:{&quot;columns&quot;:3,&quot;height&quot;:200,&quot;gutter&quot;:16,&quot;ratio&quot;:&quot;1.33333&quot;},&quot;959&quot;:{&quot;columns&quot;:2,&quot;height&quot;:200,&quot;gutter&quot;:16,&quot;ratio&quot;:&quot;1.33333&quot;},&quot;767&quot;:{&quot;columns&quot;:1,&quot;height&quot;:200,&quot;gutter&quot;:16,&quot;ratio&quot;:&quot;1.33333&quot;}},&quot;fitRows&quot;:false,&quot;equalRows&quot;:0,&quot;equalColumns&quot;:true,&quot;fillLastRow&quot;:0,&quot;centerLastRow&quot;:0,&quot;horizontalOrder&quot;:false,&quot;fullWidth&quot;:false,&quot;transitionDelay&quot;:100,&quot;gallerySlideshow&quot;:false,&quot;rowsNumber&quot;:1,&quot;slideAlign&quot;:&quot;left&quot;,&quot;groupCells&quot;:1,&quot;draggable&quot;:true,&quot;initialIndex&quot;:0,&quot;contain&quot;:false,&quot;freeScroll&quot;:false,&quot;freeFriction&quot;:&quot;0.075&quot;,&quot;friction&quot;:&quot;0.285&quot;,&quot;attraction&quot;:&quot;0.025&quot;,&quot;autoPlay&quot;:0,&quot;pageDotAriaLabel&quot;:&quot;Point de page %d&quot;,&quot;isPreview&quot;:false,&quot;isGutenberg&quot;:false,&quot;rightToLeft&quot;:false}\"><div class=\"wpgb-svg-icons\" hidden>\n\t<svg viewBox=\"0 0 120 24\" width=\"0\" height=\"0\">\n\t<defs>\n        <polygon id=\"wpgb-star-svg\" points=\"12 2.5 15.1 8.8 22 9.8 17 14.6 18.2 21.5 12 18.3 5.8 21.5 7 14.6 2 9.8 8.9 8.8\"><\/polygon>\n    <\/defs>\n    <symbol id=\"wpgb-rating-stars-svg\">\n        <use xlink:href=\"#wpgb-star-svg\"><\/use>\n        <use xlink:href=\"#wpgb-star-svg\" x=\"24\"><\/use>\n        <use xlink:href=\"#wpgb-star-svg\" x=\"48\"><\/use>\n        <use xlink:href=\"#wpgb-star-svg\" x=\"72\"><\/use>\n        <use xlink:href=\"#wpgb-star-svg\" x=\"96\"><\/use>\n    <\/symbol>\n<\/svg>\n<\/div>\n<div class=\"wpgb-wrapper\">\n\t<div class=\"wpgb-main\">\n\t<div class=\"wpgb-area wpgb-area-top-1\">\n\t<div class=\"wpgb-facet wpgb-loading wpgb-facet-1\" data-facet=\"1\" data-grid=\"22\"><\/div><div class=\"wpgb-facet wpgb-loading wpgb-facet-2\" data-facet=\"2\" data-grid=\"22\"><\/div><div class=\"wpgb-facet wpgb-loading wpgb-facet-5\" data-facet=\"5\" data-grid=\"22\"><\/div><\/div>\n<div class=\"wpgb-layout\">\n\t<div class=\"wpgb-viewport\">\n\t\t<div class=\"wpgb-masonry\">\n\t\t\t<article class=\"wpgb-card wpgb-card-10 wpgb-post-6207\" data-col=\"1\" data-row=\"1\" data-format=\"standard\"><div class=\"wpgb-card-wrapper\"><div class=\"wpgb-card-inner\" data-action><div class=\"wpgb-card-media wpgb-scheme-light\"><svg data-ratio style=\"padding-top:75%\" viewBox=\"0 0 16 12\" aria-hidden=\"true\"><\/svg><div class=\"wpgb-card-media-thumbnail\"><a href=\"https:\/\/www.graymont.com\/wp-content\/uploads\/2025\/05\/Mahendran-hero.png\" tabindex=\"-1\" class=\"wpgb-handle-lb wpgb-lightbox\" data-type=\"image\" data-rel=\"22\" data-title=\"Mahendran hero\" title=\"Agrandir la photo\"><div style=\"background-image:url(https:\/\/www.graymont.com\/wp-content\/uploads\/2025\/05\/Mahendran-hero.png)\"><\/div><noscript><img decoding=\"async\" class=\"wpgb-noscript-img\" src=\"https:\/\/www.graymont.com\/wp-content\/uploads\/2025\/05\/Mahendran-hero.png\" alt=\"\" height=\"741\" width=\"741\"><\/noscript><\/a><\/div><\/div><div class=\"wpgb-card-content wpgb-scheme-dark\"><div class=\"wpgb-card-body\"><h3 class=\"wpgb-block-1\"><a href=\"https:\/\/www.graymont.com\/fr\/graymont-story\/mahendran-kumaran\/\">MAHENDRAN KUMARAN<\/a><\/h3><\/div><\/div><a class=\"wpgb-card-layer-link\" href=\"https:\/\/www.graymont.com\/fr\/graymont-story\/mahendran-kumaran\/\"><\/a><\/div><\/div><\/article><article class=\"wpgb-card wpgb-card-10 wpgb-post-6209\" data-col=\"1\" data-row=\"1\" data-format=\"standard\"><div class=\"wpgb-card-wrapper\"><div class=\"wpgb-card-inner\" data-action><div class=\"wpgb-card-media wpgb-scheme-light\"><svg data-ratio style=\"padding-top:75%\" viewBox=\"0 0 16 12\" aria-hidden=\"true\"><\/svg><div class=\"wpgb-card-media-thumbnail\"><a href=\"https:\/\/www.graymont.com\/wp-content\/uploads\/2025\/04\/Silas-Christian-I-am-Graymont.png\" tabindex=\"-1\" class=\"wpgb-handle-lb wpgb-lightbox\" data-type=\"image\" data-rel=\"22\" data-title=\"Silas Christian I am Graymont\" title=\"Agrandir la photo\"><div style=\"background-image:url(https:\/\/www.graymont.com\/wp-content\/uploads\/2025\/04\/Silas-Christian-I-am-Graymont.png)\"><\/div><noscript><img decoding=\"async\" class=\"wpgb-noscript-img\" src=\"https:\/\/www.graymont.com\/wp-content\/uploads\/2025\/04\/Silas-Christian-I-am-Graymont.png\" alt=\"\" height=\"600\" width=\"600\"><\/noscript><\/a><\/div><\/div><div class=\"wpgb-card-content wpgb-scheme-dark\"><div class=\"wpgb-card-body\"><h3 class=\"wpgb-block-1\"><a href=\"https:\/\/www.graymont.com\/fr\/graymont-story\/silas-christian\/\">SILAS CHRISTIAN<\/a><\/h3><\/div><\/div><a class=\"wpgb-card-layer-link\" href=\"https:\/\/www.graymont.com\/fr\/graymont-story\/silas-christian\/\"><\/a><\/div><\/div><\/article><article class=\"wpgb-card wpgb-card-10 wpgb-post-6208\" data-col=\"1\" data-row=\"1\" data-format=\"standard\"><div class=\"wpgb-card-wrapper\"><div class=\"wpgb-card-inner\" data-action><div class=\"wpgb-card-media wpgb-scheme-light\"><svg data-ratio style=\"padding-top:75%\" viewBox=\"0 0 16 12\" aria-hidden=\"true\"><\/svg><div class=\"wpgb-card-media-thumbnail\"><a href=\"https:\/\/www.graymont.com\/wp-content\/uploads\/2025\/05\/sebastien-villeneuve.jpg\" tabindex=\"-1\" class=\"wpgb-handle-lb wpgb-lightbox\" data-type=\"image\" data-rel=\"22\" data-title=\"sebastien-villeneuve\" title=\"Agrandir la photo\"><div style=\"background-image:url(https:\/\/www.graymont.com\/wp-content\/uploads\/2025\/05\/sebastien-villeneuve-768x1136.jpg)\"><\/div><noscript><img decoding=\"async\" class=\"wpgb-noscript-img\" src=\"https:\/\/www.graymont.com\/wp-content\/uploads\/2025\/05\/sebastien-villeneuve-768x1136.jpg\" alt=\"\" height=\"1136\" width=\"768\"><\/noscript><\/a><\/div><\/div><div class=\"wpgb-card-content wpgb-scheme-dark\"><div class=\"wpgb-card-body\"><h3 class=\"wpgb-block-1\"><a href=\"https:\/\/www.graymont.com\/fr\/graymont-story\/sebastien-villkeneuve\/\">SEBASTIEN VILLKENEUVE<\/a><\/h3><\/div><\/div><a class=\"wpgb-card-layer-link\" href=\"https:\/\/www.graymont.com\/fr\/graymont-story\/sebastien-villkeneuve\/\"><\/a><\/div><\/div><\/article><article class=\"wpgb-card wpgb-card-10 wpgb-post-6206\" data-col=\"1\" data-row=\"1\" data-format=\"standard\"><div class=\"wpgb-card-wrapper\"><div class=\"wpgb-card-inner\" data-action><div class=\"wpgb-card-media wpgb-scheme-light\"><svg data-ratio style=\"padding-top:75%\" viewBox=\"0 0 16 12\" aria-hidden=\"true\"><\/svg><div class=\"wpgb-card-media-thumbnail\"><a href=\"https:\/\/www.graymont.com\/wp-content\/uploads\/2025\/04\/Joe-Arnold-Edit-2.jpg\" tabindex=\"-1\" class=\"wpgb-handle-lb wpgb-lightbox\" data-type=\"image\" data-rel=\"22\" data-title=\"Joe Arnold Edit 2\" title=\"Agrandir la photo\"><div style=\"background-image:url(https:\/\/www.graymont.com\/wp-content\/uploads\/2025\/04\/Joe-Arnold-Edit-2-768x768.jpg)\"><\/div><noscript><img decoding=\"async\" class=\"wpgb-noscript-img\" src=\"https:\/\/www.graymont.com\/wp-content\/uploads\/2025\/04\/Joe-Arnold-Edit-2-768x768.jpg\" alt=\"\" height=\"768\" width=\"768\"><\/noscript><\/a><\/div><\/div><div class=\"wpgb-card-content wpgb-scheme-dark\"><div class=\"wpgb-card-body\"><h3 class=\"wpgb-block-1\"><a href=\"https:\/\/www.graymont.com\/fr\/graymont-story\/joe-arnold\/\">JOE ARNOLD<\/a><\/h3><\/div><\/div><a class=\"wpgb-card-layer-link\" href=\"https:\/\/www.graymont.com\/fr\/graymont-story\/joe-arnold\/\"><\/a><\/div><\/div><\/article><article class=\"wpgb-card wpgb-card-10 wpgb-post-6205\" data-col=\"1\" data-row=\"1\" data-format=\"standard\"><div class=\"wpgb-card-wrapper\"><div class=\"wpgb-card-inner\" data-action><div class=\"wpgb-card-media wpgb-scheme-light\"><svg data-ratio style=\"padding-top:75%\" viewBox=\"0 0 16 12\" aria-hidden=\"true\"><\/svg><div class=\"wpgb-card-media-thumbnail\"><a href=\"https:\/\/www.graymont.com\/wp-content\/uploads\/2025\/04\/Jayson-2-cropped.jpg\" tabindex=\"-1\" class=\"wpgb-handle-lb wpgb-lightbox\" data-type=\"image\" data-rel=\"22\" data-title=\"Jayson 2 cropped\" title=\"Agrandir la photo\"><div style=\"background-image:url(https:\/\/www.graymont.com\/wp-content\/uploads\/2025\/04\/Jayson-2-cropped-768x768.jpg)\"><\/div><noscript><img decoding=\"async\" class=\"wpgb-noscript-img\" src=\"https:\/\/www.graymont.com\/wp-content\/uploads\/2025\/04\/Jayson-2-cropped-768x768.jpg\" alt=\"\" height=\"768\" width=\"768\"><\/noscript><\/a><\/div><\/div><div class=\"wpgb-card-content wpgb-scheme-dark\"><div class=\"wpgb-card-body\"><h3 class=\"wpgb-block-1\"><a href=\"https:\/\/www.graymont.com\/fr\/graymont-story\/jason-regalado\/\">JASON REGALADO<\/a><\/h3><\/div><\/div><a class=\"wpgb-card-layer-link\" href=\"https:\/\/www.graymont.com\/fr\/graymont-story\/jason-regalado\/\"><\/a><\/div><\/div><\/article><article class=\"wpgb-card wpgb-card-10 wpgb-post-6204\" data-col=\"1\" data-row=\"1\" data-format=\"standard\"><div class=\"wpgb-card-wrapper\"><div class=\"wpgb-card-inner\" data-action><div class=\"wpgb-card-media wpgb-scheme-light\"><svg data-ratio style=\"padding-top:75%\" viewBox=\"0 0 16 12\" aria-hidden=\"true\"><\/svg><div class=\"wpgb-card-media-thumbnail\"><a href=\"https:\/\/www.graymont.com\/wp-content\/uploads\/2025\/04\/I-Am-Graymont-Claudia-Houde_Page_1_Image_0001-1.jpg\" tabindex=\"-1\" class=\"wpgb-handle-lb wpgb-lightbox\" data-type=\"image\" data-rel=\"22\" data-title=\"I Am Graymont &#8211; Claudia Houde_Page_1_Image_0001 (1)\" title=\"Agrandir la photo\"><div style=\"background-image:url(https:\/\/www.graymont.com\/wp-content\/uploads\/2025\/04\/I-Am-Graymont-Claudia-Houde_Page_1_Image_0001-1-768x605.jpg)\"><\/div><noscript><img decoding=\"async\" class=\"wpgb-noscript-img\" src=\"https:\/\/www.graymont.com\/wp-content\/uploads\/2025\/04\/I-Am-Graymont-Claudia-Houde_Page_1_Image_0001-1-768x605.jpg\" alt=\"\" height=\"605\" width=\"768\"><\/noscript><\/a><\/div><\/div><div class=\"wpgb-card-content wpgb-scheme-dark\"><div class=\"wpgb-card-body\"><h3 class=\"wpgb-block-1\"><a href=\"https:\/\/www.graymont.com\/fr\/graymont-story\/claudia-houde\/\">CLAUDIA HOUDE<\/a><\/h3><\/div><\/div><a class=\"wpgb-card-layer-link\" href=\"https:\/\/www.graymont.com\/fr\/graymont-story\/claudia-houde\/\"><\/a><\/div><\/div><\/article>\t\t<\/div>\n\t<\/div>\n\t<\/div>\n<div class=\"wpgb-area wpgb-area-bottom-1\">\n\t<div class=\"wpgb-facet wpgb-loading wpgb-facet-3\" data-facet=\"3\" data-grid=\"22\"><\/div><\/div>\n\t<\/div>\n\t\t<\/div>\n<\/div>\n[\/vc_column_text][\/vc_column][\/vc_row][vc_row css=&#8221;.vc_custom_1744376317006{margin-bottom: 0px !important;}&#8221;][vc_column el_class=&#8221;0px&#8221;][vc_column_text css=&#8221;.vc_custom_1744376303390{margin-bottom: 0px !important;}&#8221;]<style>.vc_custom_1744376398650{background-image: url(https:\/\/www.graymont.com\/wp-content\/uploads\/2025\/03\/careers-bg.webp?id=53) !important;background-position: center !important;background-repeat: no-repeat !important;background-size: cover !important;}<\/style><div class=\"wpb-content-wrapper\"><p class=\"attachment\"><a href='https:\/\/www.graymont.com\/wp-content\/uploads\/2025\/04\/I-Am-Graymont-Claudia-Houde_Page_1_Image_0001-1.jpg'><img decoding=\"async\" width=\"300\" height=\"236\" src=\"https:\/\/www.graymont.com\/wp-content\/uploads\/2025\/04\/I-Am-Graymont-Claudia-Houde_Page_1_Image_0001-1-300x236.jpg\" class=\"attachment-medium size-medium\" alt=\"\" srcset=\"https:\/\/www.graymont.com\/wp-content\/uploads\/2025\/04\/I-Am-Graymont-Claudia-Houde_Page_1_Image_0001-1-300x236.jpg 300w, https:\/\/www.graymont.com\/wp-content\/uploads\/2025\/04\/I-Am-Graymont-Claudia-Houde_Page_1_Image_0001-1-1024x807.jpg 1024w, https:\/\/www.graymont.com\/wp-content\/uploads\/2025\/04\/I-Am-Graymont-Claudia-Houde_Page_1_Image_0001-1-768x605.jpg 768w, https:\/\/www.graymont.com\/wp-content\/uploads\/2025\/04\/I-Am-Graymont-Claudia-Houde_Page_1_Image_0001-1-95x75.jpg 95w, https:\/\/www.graymont.com\/wp-content\/uploads\/2025\/04\/I-Am-Graymont-Claudia-Houde_Page_1_Image_0001-1-480x378.jpg 480w, https:\/\/www.graymont.com\/wp-content\/uploads\/2025\/04\/I-Am-Graymont-Claudia-Houde_Page_1_Image_0001-1.jpg 1150w\" sizes=\"(max-width:767px) 300px, 300px\" \/><\/a><\/p>\n<p>[vc_row full_width=&#8221;stretch_row&#8221; content_placement=&#8221;middle&#8221; el_class=&#8221;dark-bg medium-banner fade-in-on-view slide-up delay-300 delay-mobile-50&#8243; css=&#8221;.vc_custom_1744376398650{background-image: url(https:\/\/www.graymont.com\/wp-content\/uploads\/2025\/03\/careers-bg.webp?id=53) !important;background-position: center !important;background-repeat: no-repeat !important;background-size: cover !important;}&#8221;][vc_column][vc_column_text css=&#8221;&#8221;]<\/p>\n<h2 style=\"text-align: left;\">CAREERS<\/h2>\n<p style=\"text-align: left;\">Grow your career with a company that values innovation, sustainability, and teamwork. At Graymont, we invest in our people, offering opportunities to develop skills, make an impact, and build a rewarding future.<\/p>\n<p>[\/vc_column_text][vc_btn title=&#8221;EXPLORE CAREERS&#8221; css=&#8221;&#8221; link=&#8221;url:%2Ffind-your-career%2F&#8221; el_class=&#8221;arrow-link&#8221;][\/vc_column][\/vc_row]<\/p>\n<\/div>[\/vc_column_text][\/vc_column][\/vc_row]<\/p>\n<\/div>","protected":false},"excerpt":{"rendered":"<p>[vc_row full_width=&#8221;stretch_row&#8221; el_class=&#8221;subheader-hero acf-hero&#8221; css=&#8221;.vc_custom_1743583902629{margin-bottom: 35px !important;}&#8221;][vc_column width=&#8221;2\/3&#8243;][vc_column_text css=&#8221;&#8221;] DES HISTOIRES QUI FONT LA DIFF\u00c9RENCE Chez Graymont, nous nous effor\u00e7ons de promouvoir une culture unifi\u00e9e qui<span class=\"excerpt-hellip\"> [\u2026]<\/span><\/p>\n","protected":false},"author":1,"featured_media":-1,"parent":0,"menu_order":0,"comment_status":"closed","ping_status":"closed","template":"","meta":{"_acf_changed":false,"footnotes":""},"class_list":["post-2229","page","type-page","status-publish","has-post-thumbnail","hentry"],"acf":[],"_links":{"self":[{"href":"https:\/\/www.graymont.com\/fr\/wp-json\/wp\/v2\/pages\/2229","targetHints":{"allow":["GET"]}}],"collection":[{"href":"https:\/\/www.graymont.com\/fr\/wp-json\/wp\/v2\/pages"}],"about":[{"href":"https:\/\/www.graymont.com\/fr\/wp-json\/wp\/v2\/types\/page"}],"author":[{"embeddable":true,"href":"https:\/\/www.graymont.com\/fr\/wp-json\/wp\/v2\/users\/1"}],"replies":[{"embeddable":true,"href":"https:\/\/www.graymont.com\/fr\/wp-json\/wp\/v2\/comments?post=2229"}],"version-history":[{"count":0,"href":"https:\/\/www.graymont.com\/fr\/wp-json\/wp\/v2\/pages\/2229\/revisions"}],"wp:featuredmedia":[{"embeddable":true,"href":"https:\/\/www.graymont.com\/fr\/wp-json\/"}],"wp:attachment":[{"href":"https:\/\/www.graymont.com\/fr\/wp-json\/wp\/v2\/media?parent=2229"}],"curies":[{"name":"wp","href":"https:\/\/api.w.org\/{rel}","templated":true}]}}