{"id":2166,"date":"2025-04-01T05:24:24","date_gmt":"2025-04-01T09:24:24","guid":{"rendered":"https:\/\/www.graymont.com\/?page_id=2166"},"modified":"2026-04-08T09:58:22","modified_gmt":"2026-04-08T13:58:22","slug":"conditions-generales","status":"publish","type":"page","link":"https:\/\/www.graymont.com\/fr\/conditions-generales\/","title":{"rendered":"Conditions g\u00e9n\u00e9rales"},"content":{"rendered":"<div class=\"wpb-content-wrapper\"><p>[vc_row css=\u00a0\u00bb.vc_custom_1752052747973{margin-top: 35px !important;}\u00a0\u00bb][vc_column][vc_column_text css=\u00a0\u00bb\u00a0\u00bb]<\/p>\n<h2><span class=\"field field--name-title field--type-string field--label-hidden\">Australia Terms and Conditions<\/span><\/h2>\n<p>Please <a href=\"\/wp-content\/uploads\/2025\/07\/Graymont-Australia-Standard-Terms-and-Conditions-of-Sale-FINAL-2025-05-12.pdf\" target=\"_blank\" rel=\"noopener\">click here<\/a>&nbsp;to download Graymont standard terms of supply for Australia.<\/p>\n<hr>\n<h2>Canada Terms and Conditions<\/h2>\n<p><em>Les ventes en Am\u00e9rique du Nord sont r\u00e9gies et assujetties aux termes et conditions fournis par Graymont. Veuillez contacter votre repr\u00e9sentant Graymont pour de plus amples d\u00e9tails.<\/em><\/p>\n<p><i>North American sales are governed by applicable terms and conditions provided by Graymont. Please contact your Graymont representative for details.<\/i><\/p>\n<hr>\n<h2><span class=\"field field--name-title field--type-string field--label-hidden\">Malaysian Terms and Conditions<\/span><\/h2>\n<p>Please&nbsp;<a href=\"\/wp-content\/uploads\/2025\/08\/Malaysian-Standard-Terms-of-Supply.pdf\" target=\"_blank\" rel=\"noopener\">click here<\/a> to download Graymont Standard Terms of Supply for Malaysia &#8211; Unichamp.<\/p>\n<p>Please&nbsp;<a href=\"\/wp-content\/uploads\/2025\/09\/Malaysian-Standard-Terms-of-Supply-Compact-Energy.pdf\" target=\"_blank\" rel=\"noopener\">click here<\/a>&nbsp;to download Graymont Standard Terms of Supply for Malaysia &#8211; Compact Energy.<\/p>\n<hr>\n<h2><span class=\"field field--name-title field--type-string field--label-hidden\">New Zealand Terms and Conditions<\/span><\/h2>\n<p>Please&nbsp;<a href=\"\/wp-content\/uploads\/2025\/07\/Graymont-New-Zealand-Standard-Terms-and-Conditions-of-Sale-FINAL-2025-05-12.pdf\" target=\"_blank\" rel=\"noopener\">click here<\/a>&nbsp;to download Graymont Terms and Conditions of Sale for New Zealand.<\/p>\n<hr>\n<h2>United States&nbsp;Terms and Conditions<\/h2>\n<p><i>North American sales are governed by applicable terms and conditions provided by Graymont. Please contact your Graymont representative for details.<\/i>[\/vc_column_text][\/vc_column][\/vc_row]<\/p>\n<\/div>","protected":false},"excerpt":{"rendered":"<p>[vc_row css=\u00a0\u00bb.vc_custom_1752052747973{margin-top: 35px !important;}\u00a0\u00bb][vc_column][vc_column_text css=\u00a0\u00bb\u00a0\u00bb] Australia Terms and Conditions Please click here&nbsp;to download Graymont standard terms of supply for Australia. Canada Terms and Conditions Les ventes<span class=\"excerpt-hellip\"> [\u2026]<\/span><\/p>\n","protected":false},"author":1,"featured_media":-1,"parent":0,"menu_order":0,"comment_status":"closed","ping_status":"closed","template":"","meta":{"_acf_changed":false,"footnotes":""},"class_list":["post-2166","page","type-page","status-publish","has-post-thumbnail","hentry"],"acf":[],"_links":{"self":[{"href":"https:\/\/www.graymont.com\/fr\/wp-json\/wp\/v2\/pages\/2166","targetHints":{"allow":["GET"]}}],"collection":[{"href":"https:\/\/www.graymont.com\/fr\/wp-json\/wp\/v2\/pages"}],"about":[{"href":"https:\/\/www.graymont.com\/fr\/wp-json\/wp\/v2\/types\/page"}],"author":[{"embeddable":true,"href":"https:\/\/www.graymont.com\/fr\/wp-json\/wp\/v2\/users\/1"}],"replies":[{"embeddable":true,"href":"https:\/\/www.graymont.com\/fr\/wp-json\/wp\/v2\/comments?post=2166"}],"version-history":[{"count":7,"href":"https:\/\/www.graymont.com\/fr\/wp-json\/wp\/v2\/pages\/2166\/revisions"}],"predecessor-version":[{"id":8228,"href":"https:\/\/www.graymont.com\/fr\/wp-json\/wp\/v2\/pages\/2166\/revisions\/8228"}],"wp:featuredmedia":[{"embeddable":true,"href":"https:\/\/www.graymont.com\/fr\/wp-json\/"}],"wp:attachment":[{"href":"https:\/\/www.graymont.com\/fr\/wp-json\/wp\/v2\/media?parent=2166"}],"curies":[{"name":"wp","href":"https:\/\/api.w.org\/{rel}","templated":true}]}}