{"id":1565,"date":"2025-03-27T14:20:39","date_gmt":"2025-03-27T18:20:39","guid":{"rendered":"https:\/\/www.graymont.com\/?page_id=1565"},"modified":"2025-06-03T11:29:27","modified_gmt":"2025-06-03T15:29:27","slug":"declaration-australienne-sur-lesclavage-moderne","status":"publish","type":"page","link":"https:\/\/www.graymont.com\/fr\/durabilite\/divulgations\/declaration-australienne-sur-lesclavage-moderne\/","title":{"rendered":"D\u00e9claration australienne sur l\u2019esclavage moderne"},"content":{"rendered":"<div class=\"wpb-content-wrapper\"><p>[vc_row full_width=&#8221;stretch_row&#8221; el_class=&#8221;subheader-hero acf-hero&#8221;][vc_column width=&#8221;2\/3&#8243;][vc_column_text css=&#8221;&#8221;]<\/p>\n<h2 style=\"text-align: left;\">D\u00e9claration australienne sur l\u2019esclavage moderne<\/h2>\n<p>[\/vc_column_text][\/vc_column][vc_column width=&#8221;1\/3&#8243;][\/vc_column][\/vc_row][vc_section full_width=&#8221;stretch_row&#8221; css=&#8221;.vc_custom_1742031307796{margin-top: 20px !important;}&#8221; el_class=&#8221;icon-bg-top-right&#8221;][vc_row css=&#8221;.vc_custom_1741986757463{margin-top: 45px !important;}&#8221;][vc_column width=&#8221;1\/4&#8243;][vc_column_text css=&#8221;&#8221;]<\/p>\n<h5 class=\"light-blue-text\" style=\"text-align: left;\">CHOISIR UN RAPPORT:<\/h5>\n<div id=\"mds-links-page\">\n                    <div class=\"parent-top-link\">\n                <a href=\"https:\/\/www.graymont.com\/fr\/durabilite\/divulgations\/\">Divulgations<\/a>\n            <\/div>\n                <ul><li class=\"\"><a href=\"https:\/\/www.graymont.com\/fr\/durabilite\/divulgations\/secteur-extractif-du-canada\/\">Secteur extractif du Canada<\/a><\/li><li class=\"\"><a href=\"https:\/\/www.graymont.com\/fr\/durabilite\/divulgations\/chaines-dapprovisionnement-de-californie\/\">Cha\u00eenes d\u2019approvisionnement de Californie<\/a><\/li><li class=\"\"><a href=\"https:\/\/www.graymont.com\/fr\/durabilite\/divulgations\/rehabilitation-des-mines-nouvelle-galles-du-sud\/\">R\u00e9habilitation des mines \u2013 Nouvelle-Galles du Sud<\/a><\/li><li class=\"\"><a href=\"https:\/\/www.graymont.com\/fr\/durabilite\/divulgations\/rapports-nouvelle-galles-du-sud\/\">Rapports \u2013 Nouvelle-Galles du Sud<\/a><\/li><li class=\"\"><a href=\"https:\/\/www.graymont.com\/fr\/durabilite\/divulgations\/code-de-conduite-des-fournisseurs\/\">Code de conduite des fournisseurs<\/a><\/li><li class=\"\"><a href=\"https:\/\/www.graymont.com\/fr\/durabilite\/divulgations\/modification-de-lee-de-la-carriere-calliope\/\">Modification de l\u2019\u00c9E de la carri\u00e8re Calliope<\/a><\/li><li class=\"\"><a href=\"https:\/\/www.graymont.com\/fr\/durabilite\/divulgations\/modification-de-levaluation-environnementale-de-la-carriere-de-murgon-forage\/\">Modification de l&#8217;\u00e9valuation environnementale de la carri\u00e8re de Murgon (forage)<\/a><\/li><li class=\"\"><a href=\"https:\/\/www.graymont.com\/fr\/durabilite\/divulgations\/rapports-tasmanie\/\">Rapports \u2013 Tasmanie<\/a><\/li><li class=\"\"><a href=\"https:\/\/www.graymont.com\/fr\/durabilite\/divulgations\/rapport-annuel-loi-canadienne-sur-la-chaine-dapprovisionnement\/\">Rapport annuel \u2013 Loi canadienne sur la cha\u00eene d\u2019approvisionnement<\/a><\/li><li class=\"\"><a href=\"https:\/\/www.graymont.com\/fr\/durabilite\/divulgations\/australia-whistleblower-policy\/\">Politique de d\u00e9nonciation en Australie<\/a><\/li><li class=\"\"><a href=\"https:\/\/www.graymont.com\/fr\/durabilite\/divulgations\/declaration-relatives-a-lesclavage-moderne\/\">D\u00e9clarations relatives \u00e0 l\u2019esclavage moderne<\/a><\/li><li class=\"highlited\"><a href=\"https:\/\/www.graymont.com\/fr\/durabilite\/divulgations\/declaration-australienne-sur-lesclavage-moderne\/\">D\u00e9claration australienne sur l\u2019esclavage moderne<\/a><\/li><li class=\"\"><a href=\"https:\/\/www.graymont.com\/fr\/durabilite\/divulgations\/malaysia-whistleblower-policy\/\">Politique de d\u00e9nonciation en Malaisie<\/a><\/li><li class=\"\"><a href=\"https:\/\/www.graymont.com\/fr\/durabilite\/divulgations\/rapports-de-consultation-communautaire\/\">Rapports de consultation communautaire<\/a><\/li><li class=\"\"><a href=\"https:\/\/www.graymont.com\/fr\/durabilite\/divulgations\/permis-dexploitation-usine-de-chaux-de-galong\/\">Permis d\u2019exploitation \u2013 Usine de chaux de Galong<\/a><\/li><\/ul>    <\/div>\n    [\/vc_column_text][\/vc_column][vc_column width=&#8221;3\/4&#8243;][vc_column_text css=&#8221;&#8221;]<\/p>\n<h4 style=\"text-align: left;\">Graymont s\u2019engage \u00e0 devenir un chef de file de l\u2019industrie en mati\u00e8re de durabilit\u00e9, de relations communautaires et de performance sociale, conform\u00e9ment \u00e0 notre mission : am\u00e9liorer notre monde en r\u00e9pondant de mani\u00e8re responsable aux besoins de la soci\u00e9t\u00e9 en mati\u00e8re de solutions de qualit\u00e9 \u00e0 base de calcium.<\/h4>\n<p>Nous soutenons pleinement l\u2019exigence australienne de d\u00e9claration de l\u2019esclavage moderne \u00e9tablie en vertu de la Modern Slavery Act 2018 et consid\u00e9rons qu\u2019il s\u2019agit d\u2019une \u00e9tape cruciale dans la lutte contre l\u2019exploitation des individus dans les cha\u00eenes d\u2019approvisionnement, tant nationales qu\u2019internationales.<\/p>\n<p>En tant qu\u2019entreprise, nous accueillons favorablement l\u2019occasion de sensibiliser \u00e0 la probl\u00e9matique mondiale de l\u2019esclavage moderne, et nous continuerons de collaborer avec nos employ\u00e9\u00b7e\u00b7s, consultant\u00b7e\u00b7s, repr\u00e9sentant\u00b7e\u00b7s, fournisseurs et partenaires afin de veiller \u00e0 ce que nos activit\u00e9s n\u2019aient aucun impact n\u00e9gatif sur les droits humains des employ\u00e9\u00b7e\u00b7s, des membres des communaut\u00e9s et des autres tiers, et que les normes \u00e9thiques les plus strictes soient respect\u00e9es.[\/vc_column_text][vc_column_text css=&#8221;&#8221;]<!-- Gridbuilder \u1d42\u1d3e Plugin (https:\/\/wpgridbuilder.com) -->\n<div class=\"wp-grid-builder wpgb-grid-15\" data-options=\"{&quot;id&quot;:15,&quot;type&quot;:&quot;masonry&quot;,&quot;source&quot;:&quot;post_type&quot;,&quot;loader&quot;:false,&quot;layout&quot;:&quot;vertical&quot;,&quot;reveal&quot;:0,&quot;isMainQuery&quot;:0,&quot;lazyLoad&quot;:false,&quot;cardSizes&quot;:{&quot;9999&quot;:{&quot;columns&quot;:3,&quot;height&quot;:240,&quot;gutter&quot;:16,&quot;ratio&quot;:&quot;1.33333&quot;},&quot;1280&quot;:{&quot;columns&quot;:3,&quot;height&quot;:220,&quot;gutter&quot;:16,&quot;ratio&quot;:&quot;1.33333&quot;},&quot;1024&quot;:{&quot;columns&quot;:2,&quot;height&quot;:200,&quot;gutter&quot;:16,&quot;ratio&quot;:&quot;1.33333&quot;},&quot;640&quot;:{&quot;columns&quot;:1,&quot;height&quot;:200,&quot;gutter&quot;:16,&quot;ratio&quot;:&quot;1.33333&quot;}},&quot;fitRows&quot;:false,&quot;equalRows&quot;:0,&quot;equalColumns&quot;:true,&quot;fillLastRow&quot;:0,&quot;centerLastRow&quot;:0,&quot;horizontalOrder&quot;:false,&quot;fullWidth&quot;:false,&quot;transitionDelay&quot;:100,&quot;gallerySlideshow&quot;:false,&quot;rowsNumber&quot;:1,&quot;slideAlign&quot;:&quot;left&quot;,&quot;groupCells&quot;:1,&quot;draggable&quot;:true,&quot;initialIndex&quot;:0,&quot;contain&quot;:false,&quot;freeScroll&quot;:false,&quot;freeFriction&quot;:&quot;0.075&quot;,&quot;friction&quot;:&quot;0.285&quot;,&quot;attraction&quot;:&quot;0.025&quot;,&quot;autoPlay&quot;:0,&quot;pageDotAriaLabel&quot;:&quot;Point de page %d&quot;,&quot;isPreview&quot;:false,&quot;isGutenberg&quot;:false,&quot;rightToLeft&quot;:false}\"><div class=\"wpgb-svg-icons\" hidden>\n\t<svg viewBox=\"0 0 120 24\" width=\"0\" height=\"0\">\n\t<defs>\n        <polygon id=\"wpgb-star-svg\" points=\"12 2.5 15.1 8.8 22 9.8 17 14.6 18.2 21.5 12 18.3 5.8 21.5 7 14.6 2 9.8 8.9 8.8\"><\/polygon>\n    <\/defs>\n    <symbol id=\"wpgb-rating-stars-svg\">\n        <use xlink:href=\"#wpgb-star-svg\"><\/use>\n        <use xlink:href=\"#wpgb-star-svg\" x=\"24\"><\/use>\n        <use xlink:href=\"#wpgb-star-svg\" x=\"48\"><\/use>\n        <use xlink:href=\"#wpgb-star-svg\" x=\"72\"><\/use>\n        <use xlink:href=\"#wpgb-star-svg\" x=\"96\"><\/use>\n    <\/symbol>\n<\/svg>\n<\/div>\n<div class=\"wpgb-wrapper\">\n\t<div class=\"wpgb-main\">\n\t<div class=\"wpgb-area wpgb-area-top-1\">\n\t<div class=\"wpgb-facet wpgb-loading wpgb-facet-6\" data-facet=\"6\" data-grid=\"15\"><\/div><div class=\"wpgb-facet wpgb-loading wpgb-facet-5\" data-facet=\"5\" data-grid=\"15\"><\/div><div class=\"wpgb-facet wpgb-loading wpgb-facet-1\" data-facet=\"1\" data-grid=\"15\"><\/div><\/div>\n<div class=\"wpgb-layout\">\n\t<div class=\"wpgb-viewport\">\n\t\t<div class=\"wpgb-masonry\">\n\t\t\t<article class=\"wpgb-card wpgb-card-3 wpgb-post-5996\" data-col=\"1\" data-row=\"1\" data-format=\"standard\"><div class=\"wpgb-card-wrapper\"><div class=\"wpgb-card-inner\" data-action><div class=\"wpgb-card-content wpgb-scheme-dark\"><div class=\"wpgb-card-body\"><h3 class=\"wpgb-block-1\"><a href=\"https:\/\/www.graymont.com\/fr\/rapport-transparence\/graymont-modern-slavery-statement-2023\/\">D\u00e9claration sur l\u2019esclavage moderne 2023<\/a><\/h3><div class=\"wpgb-block-5\"><span class=\"wpgb-block-term\" data-id=\"343\">D\u00e9claration australienne sur l\u2019esclavage moderne<\/span><\/div><\/div><\/div><a class=\"wpgb-card-layer-link\" target=\"_blank\" rel=\"external noopener noreferrer\" href=\"https:\/\/www.graymont.com\/fr\/rapport-transparence\/graymont-modern-slavery-statement-2023\/\"><\/a><\/div><\/div><\/article><article class=\"wpgb-card wpgb-card-3 wpgb-post-6000\" data-col=\"1\" data-row=\"1\" data-format=\"standard\"><div class=\"wpgb-card-wrapper\"><div class=\"wpgb-card-inner\" data-action><div class=\"wpgb-card-content wpgb-scheme-dark\"><div class=\"wpgb-card-body\"><h3 class=\"wpgb-block-1\"><a href=\"https:\/\/www.graymont.com\/fr\/rapport-transparence\/declaration-de-graymont-sur-lesclavage-moderne-2022\/\">D\u00e9claration de Graymont sur l\u2019esclavage moderne\u00a02022<\/a><\/h3><div class=\"wpgb-block-5\"><span class=\"wpgb-block-term\" data-id=\"343\">D\u00e9claration australienne sur l\u2019esclavage moderne<\/span><\/div><\/div><\/div><a class=\"wpgb-card-layer-link\" target=\"_blank\" rel=\"external noopener noreferrer\" href=\"https:\/\/www.graymont.com\/fr\/rapport-transparence\/declaration-de-graymont-sur-lesclavage-moderne-2022\/\"><\/a><\/div><\/div><\/article><article class=\"wpgb-card wpgb-card-3 wpgb-post-6001\" data-col=\"1\" data-row=\"1\" data-format=\"standard\"><div class=\"wpgb-card-wrapper\"><div class=\"wpgb-card-inner\" data-action><div class=\"wpgb-card-content wpgb-scheme-dark\"><div class=\"wpgb-card-body\"><h3 class=\"wpgb-block-1\"><a href=\"https:\/\/www.graymont.com\/fr\/rapport-transparence\/graymont-modern-slavery-statement-2021\/\">D\u00e9claration de Graymont sur l\u2019esclavage moderne\u00a02021<\/a><\/h3><div class=\"wpgb-block-5\"><span class=\"wpgb-block-term\" data-id=\"343\">D\u00e9claration australienne sur l\u2019esclavage moderne<\/span><\/div><\/div><\/div><a class=\"wpgb-card-layer-link\" target=\"_blank\" rel=\"external noopener noreferrer\" href=\"https:\/\/www.graymont.com\/fr\/rapport-transparence\/graymont-modern-slavery-statement-2021\/\"><\/a><\/div><\/div><\/article><article class=\"wpgb-card wpgb-card-3 wpgb-post-6002\" data-col=\"1\" data-row=\"1\" data-format=\"standard\"><div class=\"wpgb-card-wrapper\"><div class=\"wpgb-card-inner\" data-action><div class=\"wpgb-card-content wpgb-scheme-dark\"><div class=\"wpgb-card-body\"><h3 class=\"wpgb-block-1\"><a href=\"https:\/\/www.graymont.com\/fr\/rapport-transparence\/declaration-de-graymont-sur-lesclavage-moderne-2020\/\">D\u00e9claration de Graymont sur l\u2019esclavage moderne\u00a02020<\/a><\/h3><div class=\"wpgb-block-5\"><span class=\"wpgb-block-term\" data-id=\"343\">D\u00e9claration australienne sur l\u2019esclavage moderne<\/span><\/div><\/div><\/div><a class=\"wpgb-card-layer-link\" target=\"_blank\" rel=\"external noopener noreferrer\" href=\"https:\/\/www.graymont.com\/fr\/rapport-transparence\/declaration-de-graymont-sur-lesclavage-moderne-2020\/\"><\/a><\/div><\/div><\/article>\t\t<\/div>\n\t<\/div>\n\t<\/div>\n<div class=\"wpgb-area wpgb-area-bottom-1\">\n\t<div class=\"wpgb-facet wpgb-loading wpgb-facet-3\" data-facet=\"3\" data-grid=\"15\"><\/div><\/div>\n\t<\/div>\n\t\t<\/div>\n<\/div>\n[\/vc_column_text][\/vc_column][\/vc_row][\/vc_section][vc_row][vc_column][vc_column_text css=&#8221;.vc_custom_1746723357998{margin-bottom: 0px !important;}&#8221;]<style><\/style>[\/vc_column_text][\/vc_column][\/vc_row]<\/p>\n<\/div>","protected":false},"excerpt":{"rendered":"<p>[vc_row full_width=&#8221;stretch_row&#8221; el_class=&#8221;subheader-hero acf-hero&#8221;][vc_column width=&#8221;2\/3&#8243;][vc_column_text css=&#8221;&#8221;] D\u00e9claration australienne sur l\u2019esclavage moderne [\/vc_column_text][\/vc_column][vc_column width=&#8221;1\/3&#8243;][\/vc_column][\/vc_row][vc_section full_width=&#8221;stretch_row&#8221; css=&#8221;.vc_custom_1742031307796{margin-top: 20px !important;}&#8221; el_class=&#8221;icon-bg-top-right&#8221;][vc_row css=&#8221;.vc_custom_1741986757463{margin-top: 45px !important;}&#8221;][vc_column width=&#8221;1\/4&#8243;][vc_column_text css=&#8221;&#8221;] CHOISIR UN RAPPORT:<span class=\"excerpt-hellip\"> [\u2026]<\/span><\/p>\n","protected":false},"author":1,"featured_media":-1,"parent":1464,"menu_order":270,"comment_status":"closed","ping_status":"closed","template":"","meta":{"_acf_changed":false,"footnotes":""},"class_list":["post-1565","page","type-page","status-publish","has-post-thumbnail","hentry"],"acf":[],"_links":{"self":[{"href":"https:\/\/www.graymont.com\/fr\/wp-json\/wp\/v2\/pages\/1565","targetHints":{"allow":["GET"]}}],"collection":[{"href":"https:\/\/www.graymont.com\/fr\/wp-json\/wp\/v2\/pages"}],"about":[{"href":"https:\/\/www.graymont.com\/fr\/wp-json\/wp\/v2\/types\/page"}],"author":[{"embeddable":true,"href":"https:\/\/www.graymont.com\/fr\/wp-json\/wp\/v2\/users\/1"}],"replies":[{"embeddable":true,"href":"https:\/\/www.graymont.com\/fr\/wp-json\/wp\/v2\/comments?post=1565"}],"version-history":[{"count":0,"href":"https:\/\/www.graymont.com\/fr\/wp-json\/wp\/v2\/pages\/1565\/revisions"}],"up":[{"embeddable":true,"href":"https:\/\/www.graymont.com\/fr\/wp-json\/wp\/v2\/pages\/1464"}],"wp:featuredmedia":[{"embeddable":true,"href":"https:\/\/www.graymont.com\/fr\/wp-json\/"}],"wp:attachment":[{"href":"https:\/\/www.graymont.com\/fr\/wp-json\/wp\/v2\/media?parent=1565"}],"curies":[{"name":"wp","href":"https:\/\/api.w.org\/{rel}","templated":true}]}}