{"id":1549,"date":"2025-03-27T14:13:15","date_gmt":"2025-03-27T18:13:15","guid":{"rendered":"https:\/\/www.graymont.com\/?page_id=1549"},"modified":"2025-06-03T10:09:44","modified_gmt":"2025-06-03T14:09:44","slug":"rapports-tasmanie","status":"publish","type":"page","link":"https:\/\/www.graymont.com\/fr\/durabilite\/divulgations\/rapports-tasmanie\/","title":{"rendered":"Rapports \u2013 Tasmanie"},"content":{"rendered":"<div class=\"wpb-content-wrapper\"><p>[vc_row full_width=\u00a0\u00bbstretch_row\u00a0\u00bb el_class=\u00a0\u00bbsubheader-hero acf-hero\u00a0\u00bb][vc_column width=\u00a0\u00bb2\/3&Prime;][vc_column_text css=\u00a0\u00bb\u00a0\u00bb]<\/p>\n<h2 style=\"text-align: left;\">Rapports \u2013 Tasmanie<\/h2>\n<p>[\/vc_column_text][\/vc_column][vc_column width=\u00a0\u00bb1\/3&Prime;][\/vc_column][\/vc_row][vc_section full_width=\u00a0\u00bbstretch_row\u00a0\u00bb css=\u00a0\u00bb.vc_custom_1742031307796{margin-top: 20px !important;}\u00a0\u00bb el_class=\u00a0\u00bbicon-bg-top-right\u00a0\u00bb][vc_row css=\u00a0\u00bb.vc_custom_1741986757463{margin-top: 45px !important;}\u00a0\u00bb][vc_column width=\u00a0\u00bb1\/4&Prime;][vc_column_text css=\u00a0\u00bb\u00a0\u00bb]<\/p>\n<h5 class=\"light-blue-text\" style=\"text-align: left;\">CHOISIR UN RAPPORT:<\/h5>\n<div id=\"mds-links-page\">\n                    <div class=\"parent-top-link\">\n                <a href=\"https:\/\/www.graymont.com\/fr\/durabilite\/divulgations\/\">Divulgations<\/a>\n            <\/div>\n                <ul><li class=\"\"><a href=\"https:\/\/www.graymont.com\/fr\/durabilite\/divulgations\/secteur-extractif-du-canada\/\">Secteur extractif du Canada<\/a><\/li><li class=\"\"><a href=\"https:\/\/www.graymont.com\/fr\/durabilite\/divulgations\/chaines-dapprovisionnement-de-californie\/\">Cha\u00eenes d\u2019approvisionnement de Californie<\/a><\/li><li class=\"\"><a href=\"https:\/\/www.graymont.com\/fr\/durabilite\/divulgations\/rehabilitation-des-mines-nouvelle-galles-du-sud\/\">R\u00e9habilitation des mines \u2013 Nouvelle-Galles du Sud<\/a><\/li><li class=\"\"><a href=\"https:\/\/www.graymont.com\/fr\/durabilite\/divulgations\/rapports-nouvelle-galles-du-sud\/\">Rapports \u2013 Nouvelle-Galles du Sud<\/a><\/li><li class=\"\"><a href=\"https:\/\/www.graymont.com\/fr\/durabilite\/divulgations\/code-de-conduite-des-fournisseurs\/\">Code de conduite des fournisseurs<\/a><\/li><li class=\"\"><a href=\"https:\/\/www.graymont.com\/fr\/durabilite\/divulgations\/modification-de-lee-de-la-carriere-calliope\/\">Modification de l\u2019\u00c9E de la carri\u00e8re Calliope<\/a><\/li><li class=\"\"><a href=\"https:\/\/www.graymont.com\/fr\/durabilite\/divulgations\/modification-de-levaluation-environnementale-de-la-carriere-de-murgon-forage\/\">Modification de l&rsquo;\u00e9valuation environnementale de la carri\u00e8re de Murgon (forage)<\/a><\/li><li class=\"highlited\"><a href=\"https:\/\/www.graymont.com\/fr\/durabilite\/divulgations\/rapports-tasmanie\/\">Rapports \u2013 Tasmanie<\/a><\/li><li class=\"\"><a href=\"https:\/\/www.graymont.com\/fr\/durabilite\/divulgations\/rapport-annuel-loi-canadienne-sur-la-chaine-dapprovisionnement\/\">Rapport annuel \u2013 Loi canadienne sur la cha\u00eene d\u2019approvisionnement<\/a><\/li><li class=\"\"><a href=\"https:\/\/www.graymont.com\/fr\/durabilite\/divulgations\/australia-whistleblower-policy\/\">Politique de d\u00e9nonciation en Australie<\/a><\/li><li class=\"\"><a href=\"https:\/\/www.graymont.com\/fr\/durabilite\/divulgations\/declaration-relatives-a-lesclavage-moderne\/\">D\u00e9clarations relatives \u00e0 l\u2019esclavage moderne<\/a><\/li><li class=\"\"><a href=\"https:\/\/www.graymont.com\/fr\/durabilite\/divulgations\/declaration-australienne-sur-lesclavage-moderne\/\">D\u00e9claration australienne sur l\u2019esclavage moderne<\/a><\/li><li class=\"\"><a href=\"https:\/\/www.graymont.com\/fr\/durabilite\/divulgations\/malaysia-whistleblower-policy\/\">Politique de d\u00e9nonciation en Malaisie<\/a><\/li><li class=\"\"><a href=\"https:\/\/www.graymont.com\/fr\/durabilite\/divulgations\/rapports-de-consultation-communautaire\/\">Rapports de consultation communautaire<\/a><\/li><li class=\"\"><a href=\"https:\/\/www.graymont.com\/fr\/durabilite\/divulgations\/permis-dexploitation-usine-de-chaux-de-galong\/\">Permis d\u2019exploitation \u2013 Usine de chaux de Galong<\/a><\/li><\/ul>    <\/div>\n    [\/vc_column_text][\/vc_column][vc_column width=\u00a0\u00bb3\/4&Prime;][vc_column_text css=\u00a0\u00bb\u00a0\u00bb]<\/p>\n<h4 style=\"text-align: left;\">Graymont exploite l\u2019usine de chaux de Mole Creek en vertu des avis de protection de l\u2019environnement et des permis de planification d\u00e9livr\u00e9s par le directeur de l\u2019Environment Protection Agency (Agence de protection de l\u2019environnement) et le Department of Environment and Land Management (Minist\u00e8re de l\u2019environnement et de la gestion des terres).<\/h4>\n<p>Le lien ci-dessous donne acc\u00e8s au plan de gestion environnementale du site, mis \u00e0 jour chaque ann\u00e9e.[\/vc_column_text][vc_column_text css=\u00a0\u00bb\u00a0\u00bb]<!-- Gridbuilder \u1d42\u1d3e Plugin (https:\/\/wpgridbuilder.com) -->\n<div class=\"wp-grid-builder wpgb-grid-13\" data-options=\"{&quot;id&quot;:13,&quot;type&quot;:&quot;masonry&quot;,&quot;source&quot;:&quot;post_type&quot;,&quot;loader&quot;:false,&quot;layout&quot;:&quot;vertical&quot;,&quot;reveal&quot;:0,&quot;isMainQuery&quot;:0,&quot;lazyLoad&quot;:false,&quot;cardSizes&quot;:{&quot;9999&quot;:{&quot;columns&quot;:3,&quot;height&quot;:240,&quot;gutter&quot;:16,&quot;ratio&quot;:&quot;1.33333&quot;},&quot;1280&quot;:{&quot;columns&quot;:3,&quot;height&quot;:220,&quot;gutter&quot;:16,&quot;ratio&quot;:&quot;1.33333&quot;},&quot;1024&quot;:{&quot;columns&quot;:2,&quot;height&quot;:200,&quot;gutter&quot;:16,&quot;ratio&quot;:&quot;1.33333&quot;},&quot;640&quot;:{&quot;columns&quot;:1,&quot;height&quot;:200,&quot;gutter&quot;:16,&quot;ratio&quot;:&quot;1.33333&quot;}},&quot;fitRows&quot;:false,&quot;equalRows&quot;:0,&quot;equalColumns&quot;:true,&quot;fillLastRow&quot;:0,&quot;centerLastRow&quot;:0,&quot;horizontalOrder&quot;:false,&quot;fullWidth&quot;:false,&quot;transitionDelay&quot;:100,&quot;gallerySlideshow&quot;:false,&quot;rowsNumber&quot;:1,&quot;slideAlign&quot;:&quot;left&quot;,&quot;groupCells&quot;:1,&quot;draggable&quot;:true,&quot;initialIndex&quot;:0,&quot;contain&quot;:false,&quot;freeScroll&quot;:false,&quot;freeFriction&quot;:&quot;0.075&quot;,&quot;friction&quot;:&quot;0.285&quot;,&quot;attraction&quot;:&quot;0.025&quot;,&quot;autoPlay&quot;:0,&quot;pageDotAriaLabel&quot;:&quot;Point de page %d&quot;,&quot;isPreview&quot;:false,&quot;isGutenberg&quot;:false,&quot;rightToLeft&quot;:false}\"><div class=\"wpgb-svg-icons\" hidden>\n\t<svg viewBox=\"0 0 120 24\" width=\"0\" height=\"0\">\n\t<defs>\n        <polygon id=\"wpgb-star-svg\" points=\"12 2.5 15.1 8.8 22 9.8 17 14.6 18.2 21.5 12 18.3 5.8 21.5 7 14.6 2 9.8 8.9 8.8\"><\/polygon>\n    <\/defs>\n    <symbol id=\"wpgb-rating-stars-svg\">\n        <use xlink:href=\"#wpgb-star-svg\"><\/use>\n        <use xlink:href=\"#wpgb-star-svg\" x=\"24\"><\/use>\n        <use xlink:href=\"#wpgb-star-svg\" x=\"48\"><\/use>\n        <use xlink:href=\"#wpgb-star-svg\" x=\"72\"><\/use>\n        <use xlink:href=\"#wpgb-star-svg\" x=\"96\"><\/use>\n    <\/symbol>\n<\/svg>\n<\/div>\n<div class=\"wpgb-wrapper\">\n\t<div class=\"wpgb-main\">\n\t<div class=\"wpgb-area wpgb-area-top-1\">\n\t<div class=\"wpgb-facet wpgb-loading wpgb-facet-6\" data-facet=\"6\" data-grid=\"13\"><\/div><div class=\"wpgb-facet wpgb-loading wpgb-facet-5\" data-facet=\"5\" data-grid=\"13\"><\/div><div class=\"wpgb-facet wpgb-loading wpgb-facet-1\" data-facet=\"1\" data-grid=\"13\"><\/div><\/div>\n<div class=\"wpgb-layout\">\n\t<div class=\"wpgb-viewport\">\n\t\t<div class=\"wpgb-masonry\">\n\t\t\t<article class=\"wpgb-card wpgb-card-3 wpgb-post-6020\" data-col=\"1\" data-row=\"1\" data-format=\"standard\"><div class=\"wpgb-card-wrapper\"><div class=\"wpgb-card-inner\" data-action><div class=\"wpgb-card-content wpgb-scheme-dark\"><div class=\"wpgb-card-body\"><h3 class=\"wpgb-block-1\"><a href=\"https:\/\/www.graymont.com\/fr\/rapport-transparence\/annual-environmental-management-plan-review-2023\/\">Examen annuel du plan de gestion environnementale\u00a02023<\/a><\/h3><div class=\"wpgb-block-5\"><span class=\"wpgb-block-term\" data-id=\"349\">Rapports \u2013 Tasmanie<\/span><\/div><\/div><\/div><a class=\"wpgb-card-layer-link\" target=\"_blank\" rel=\"external noopener noreferrer\" href=\"https:\/\/www.graymont.com\/fr\/rapport-transparence\/annual-environmental-management-plan-review-2023\/\"><\/a><\/div><\/div><\/article>\t\t<\/div>\n\t<\/div>\n\t<\/div>\n<div class=\"wpgb-area wpgb-area-bottom-1\">\n\t<div class=\"wpgb-facet wpgb-loading wpgb-facet-3\" data-facet=\"3\" data-grid=\"13\"><\/div><\/div>\n\t<\/div>\n\t\t<\/div>\n<\/div>\n[\/vc_column_text][\/vc_column][\/vc_row][\/vc_section][vc_row][vc_column][vc_column_text css=\u00a0\u00bb.vc_custom_1746723343324{margin-bottom: 0px !important;}\u00a0\u00bb]<style><\/style>[\/vc_column_text][\/vc_column][\/vc_row]<\/p>\n<\/div>","protected":false},"excerpt":{"rendered":"<p>[vc_row full_width=\u00a0\u00bbstretch_row\u00a0\u00bb el_class=\u00a0\u00bbsubheader-hero acf-hero\u00a0\u00bb][vc_column width=\u00a0\u00bb2\/3&Prime;][vc_column_text css=\u00a0\u00bb\u00a0\u00bb] Rapports \u2013 Tasmanie [\/vc_column_text][\/vc_column][vc_column width=\u00a0\u00bb1\/3&Prime;][\/vc_column][\/vc_row][vc_section full_width=\u00a0\u00bbstretch_row\u00a0\u00bb css=\u00a0\u00bb.vc_custom_1742031307796{margin-top: 20px !important;}\u00a0\u00bb el_class=\u00a0\u00bbicon-bg-top-right\u00a0\u00bb][vc_row css=\u00a0\u00bb.vc_custom_1741986757463{margin-top: 45px !important;}\u00a0\u00bb][vc_column width=\u00a0\u00bb1\/4&Prime;][vc_column_text css=\u00a0\u00bb\u00a0\u00bb] CHOISIR UN RAPPORT: [\/vc_column_text][\/vc_column][vc_column width=\u00a0\u00bb3\/4&Prime;][vc_column_text<span class=\"excerpt-hellip\"> [\u2026]<\/span><\/p>\n","protected":false},"author":1,"featured_media":-1,"parent":1464,"menu_order":240,"comment_status":"closed","ping_status":"closed","template":"","meta":{"_acf_changed":false,"footnotes":""},"class_list":["post-1549","page","type-page","status-publish","has-post-thumbnail","hentry"],"acf":[],"_links":{"self":[{"href":"https:\/\/www.graymont.com\/fr\/wp-json\/wp\/v2\/pages\/1549","targetHints":{"allow":["GET"]}}],"collection":[{"href":"https:\/\/www.graymont.com\/fr\/wp-json\/wp\/v2\/pages"}],"about":[{"href":"https:\/\/www.graymont.com\/fr\/wp-json\/wp\/v2\/types\/page"}],"author":[{"embeddable":true,"href":"https:\/\/www.graymont.com\/fr\/wp-json\/wp\/v2\/users\/1"}],"replies":[{"embeddable":true,"href":"https:\/\/www.graymont.com\/fr\/wp-json\/wp\/v2\/comments?post=1549"}],"version-history":[{"count":0,"href":"https:\/\/www.graymont.com\/fr\/wp-json\/wp\/v2\/pages\/1549\/revisions"}],"up":[{"embeddable":true,"href":"https:\/\/www.graymont.com\/fr\/wp-json\/wp\/v2\/pages\/1464"}],"wp:featuredmedia":[{"embeddable":true,"href":"https:\/\/www.graymont.com\/fr\/wp-json\/"}],"wp:attachment":[{"href":"https:\/\/www.graymont.com\/fr\/wp-json\/wp\/v2\/media?parent=1549"}],"curies":[{"name":"wp","href":"https:\/\/api.w.org\/{rel}","templated":true}]}}