{"id":1544,"date":"2025-03-27T14:11:04","date_gmt":"2025-03-27T18:11:04","guid":{"rendered":"https:\/\/www.graymont.com\/?page_id=1544"},"modified":"2025-06-03T10:08:48","modified_gmt":"2025-06-03T14:08:48","slug":"rapports-nouvelle-galles-du-sud","status":"publish","type":"page","link":"https:\/\/www.graymont.com\/fr\/durabilite\/divulgations\/rapports-nouvelle-galles-du-sud\/","title":{"rendered":"Rapports \u2013 Nouvelle-Galles du Sud"},"content":{"rendered":"<div class=\"wpb-content-wrapper\"><p>[vc_row full_width=&#8221;stretch_row&#8221; el_class=&#8221;subheader-hero acf-hero&#8221;][vc_column width=&#8221;2\/3&#8243;][vc_column_text css=&#8221;&#8221;]<\/p>\n<h2 style=\"text-align: left;\">Rapports \u2013 Nouvelle-Galles du Sud<\/h2>\n<p>[\/vc_column_text][\/vc_column][vc_column width=&#8221;1\/3&#8243;][\/vc_column][\/vc_row][vc_section full_width=&#8221;stretch_row&#8221; css=&#8221;.vc_custom_1742031307796{margin-top: 20px !important;}&#8221; el_class=&#8221;icon-bg-top-right&#8221;][vc_row css=&#8221;.vc_custom_1741986757463{margin-top: 45px !important;}&#8221;][vc_column width=&#8221;1\/4&#8243;][vc_column_text css=&#8221;&#8221;]<\/p>\n<h5 class=\"light-blue-text\" style=\"text-align: left;\">CHOISIR UN RAPPORT:<\/h5>\n<div id=\"mds-links-page\">\n                    <div class=\"parent-top-link\">\n                <a href=\"https:\/\/www.graymont.com\/fr\/durabilite\/divulgations\/\">Divulgations<\/a>\n            <\/div>\n                <ul><li class=\"\"><a href=\"https:\/\/www.graymont.com\/fr\/durabilite\/divulgations\/secteur-extractif-du-canada\/\">Secteur extractif du Canada<\/a><\/li><li class=\"\"><a href=\"https:\/\/www.graymont.com\/fr\/durabilite\/divulgations\/chaines-dapprovisionnement-de-californie\/\">Cha\u00eenes d\u2019approvisionnement de Californie<\/a><\/li><li class=\"\"><a href=\"https:\/\/www.graymont.com\/fr\/durabilite\/divulgations\/rehabilitation-des-mines-nouvelle-galles-du-sud\/\">R\u00e9habilitation des mines \u2013 Nouvelle-Galles du Sud<\/a><\/li><li class=\"highlited\"><a href=\"https:\/\/www.graymont.com\/fr\/durabilite\/divulgations\/rapports-nouvelle-galles-du-sud\/\">Rapports \u2013 Nouvelle-Galles du Sud<\/a><\/li><li class=\"\"><a href=\"https:\/\/www.graymont.com\/fr\/durabilite\/divulgations\/code-de-conduite-des-fournisseurs\/\">Code de conduite des fournisseurs<\/a><\/li><li class=\"\"><a href=\"https:\/\/www.graymont.com\/fr\/durabilite\/divulgations\/modification-de-lee-de-la-carriere-calliope\/\">Modification de l\u2019\u00c9E de la carri\u00e8re Calliope<\/a><\/li><li class=\"\"><a href=\"https:\/\/www.graymont.com\/fr\/durabilite\/divulgations\/modification-de-levaluation-environnementale-de-la-carriere-de-murgon-forage\/\">Modification de l&#8217;\u00e9valuation environnementale de la carri\u00e8re de Murgon (forage)<\/a><\/li><li class=\"\"><a href=\"https:\/\/www.graymont.com\/fr\/durabilite\/divulgations\/rapports-tasmanie\/\">Rapports \u2013 Tasmanie<\/a><\/li><li class=\"\"><a href=\"https:\/\/www.graymont.com\/fr\/durabilite\/divulgations\/rapport-annuel-loi-canadienne-sur-la-chaine-dapprovisionnement\/\">Rapport annuel \u2013 Loi canadienne sur la cha\u00eene d\u2019approvisionnement<\/a><\/li><li class=\"\"><a href=\"https:\/\/www.graymont.com\/fr\/durabilite\/divulgations\/australia-whistleblower-policy\/\">Politique de d\u00e9nonciation en Australie<\/a><\/li><li class=\"\"><a href=\"https:\/\/www.graymont.com\/fr\/durabilite\/divulgations\/declaration-relatives-a-lesclavage-moderne\/\">D\u00e9clarations relatives \u00e0 l\u2019esclavage moderne<\/a><\/li><li class=\"\"><a href=\"https:\/\/www.graymont.com\/fr\/durabilite\/divulgations\/declaration-australienne-sur-lesclavage-moderne\/\">D\u00e9claration australienne sur l\u2019esclavage moderne<\/a><\/li><li class=\"\"><a href=\"https:\/\/www.graymont.com\/fr\/durabilite\/divulgations\/malaysia-whistleblower-policy\/\">Politique de d\u00e9nonciation en Malaisie<\/a><\/li><li class=\"\"><a href=\"https:\/\/www.graymont.com\/fr\/durabilite\/divulgations\/rapports-de-consultation-communautaire\/\">Rapports de consultation communautaire<\/a><\/li><li class=\"\"><a href=\"https:\/\/www.graymont.com\/fr\/durabilite\/divulgations\/permis-dexploitation-usine-de-chaux-de-galong\/\">Permis d\u2019exploitation \u2013 Usine de chaux de Galong<\/a><\/li><\/ul>    <\/div>\n    [\/vc_column_text][\/vc_column][vc_column width=&#8221;3\/4&#8243;][vc_column_text css=&#8221;&#8221;]<\/p>\n<h4 style=\"text-align: left;\">Surveillance de la pollution et intervention en cas d\u2019incident en Nouvelle-Galles du Sud<\/h4>\n<p>Graymont s\u2019engage \u00e0 r\u00e9duire les effets de la pollution g\u00e9n\u00e9r\u00e9e par ses activit\u00e9s sur l\u2019environnement. En Nouvelle-Galles du Sud (NSW), en Australie, Graymont est r\u00e9gie par la Protection of the Environment Operations Act 1997 (Loi de 1997 sur les op\u00e9rations de protection de l\u2019environnement) et, en raison de la nature de ses op\u00e9rations, d\u00e9tient des licences de protection de l\u2019environnement (EPL) pour la majorit\u00e9 de ses sites d\u2019extraction et de traitement en Australie.<\/p>\n<p>Le syst\u00e8me de gestion environnementale de Graymont vise une am\u00e9lioration continue pour limiter les impacts de ses activit\u00e9s sur l\u2019environnement. Gr\u00e2ce \u00e0 une surveillance r\u00e9guli\u00e8re et \u00e0 des plans d\u2019intervention adapt\u00e9s \u00e0 chaque site, l\u2019entreprise peut r\u00e9agir rapidement et efficacement en cas d\u2019incident de pollution. Ces plans identifient les risques de pollution pr\u00e9sents sur les sites, les mesures de pr\u00e9vention mises en place, ainsi que le processus \u00e0 suivre en cas d\u2019incident.<\/p>\n<p>Un \u00e9l\u00e9ment essentiel du processus d\u2019intervention est la notification rapide aux parties prenantes concern\u00e9es, y compris les autorit\u00e9s r\u00e9glementaires et les occupant\u00b7e\u00b7s des propri\u00e9t\u00e9s voisines.<\/p>\n<p>Les liens ci-dessous donnent acc\u00e8s aux donn\u00e9es de surveillance environnementale de Graymont ainsi qu\u2019aux plans de gestion des interventions en cas d\u2019incident de pollution, y compris les proc\u00e9dures de notification publique, conform\u00e9ment \u00e0 la Protection of the Environment Operations Act 1997 et au Protection of the Environment Operations (General) Regulation 2009. Les donn\u00e9es sont disponibles depuis mars\u00a02012 et sont mises \u00e0 jour au fur et \u00e0 mesure de leur r\u00e9ception.[\/vc_column_text][vc_column_text css=&#8221;&#8221;]<!-- Gridbuilder \u1d42\u1d3e Plugin (https:\/\/wpgridbuilder.com) -->\n<div class=\"wp-grid-builder wpgb-grid-12\" data-options=\"{&quot;id&quot;:12,&quot;type&quot;:&quot;masonry&quot;,&quot;source&quot;:&quot;post_type&quot;,&quot;loader&quot;:false,&quot;layout&quot;:&quot;vertical&quot;,&quot;reveal&quot;:0,&quot;isMainQuery&quot;:0,&quot;lazyLoad&quot;:false,&quot;cardSizes&quot;:{&quot;9999&quot;:{&quot;columns&quot;:3,&quot;height&quot;:240,&quot;gutter&quot;:16,&quot;ratio&quot;:&quot;1.33333&quot;},&quot;1280&quot;:{&quot;columns&quot;:3,&quot;height&quot;:220,&quot;gutter&quot;:16,&quot;ratio&quot;:&quot;1.33333&quot;},&quot;1024&quot;:{&quot;columns&quot;:2,&quot;height&quot;:200,&quot;gutter&quot;:16,&quot;ratio&quot;:&quot;1.33333&quot;},&quot;640&quot;:{&quot;columns&quot;:1,&quot;height&quot;:200,&quot;gutter&quot;:16,&quot;ratio&quot;:&quot;1.33333&quot;}},&quot;fitRows&quot;:false,&quot;equalRows&quot;:0,&quot;equalColumns&quot;:true,&quot;fillLastRow&quot;:0,&quot;centerLastRow&quot;:0,&quot;horizontalOrder&quot;:false,&quot;fullWidth&quot;:false,&quot;transitionDelay&quot;:100,&quot;gallerySlideshow&quot;:false,&quot;rowsNumber&quot;:1,&quot;slideAlign&quot;:&quot;left&quot;,&quot;groupCells&quot;:1,&quot;draggable&quot;:true,&quot;initialIndex&quot;:0,&quot;contain&quot;:false,&quot;freeScroll&quot;:false,&quot;freeFriction&quot;:&quot;0.075&quot;,&quot;friction&quot;:&quot;0.285&quot;,&quot;attraction&quot;:&quot;0.025&quot;,&quot;autoPlay&quot;:0,&quot;pageDotAriaLabel&quot;:&quot;Point de page %d&quot;,&quot;isPreview&quot;:false,&quot;isGutenberg&quot;:false,&quot;rightToLeft&quot;:false}\"><div class=\"wpgb-svg-icons\" hidden>\n\t<svg viewBox=\"0 0 120 24\" width=\"0\" height=\"0\">\n\t<defs>\n        <polygon id=\"wpgb-star-svg\" points=\"12 2.5 15.1 8.8 22 9.8 17 14.6 18.2 21.5 12 18.3 5.8 21.5 7 14.6 2 9.8 8.9 8.8\"><\/polygon>\n    <\/defs>\n    <symbol id=\"wpgb-rating-stars-svg\">\n        <use xlink:href=\"#wpgb-star-svg\"><\/use>\n        <use xlink:href=\"#wpgb-star-svg\" x=\"24\"><\/use>\n        <use xlink:href=\"#wpgb-star-svg\" x=\"48\"><\/use>\n        <use xlink:href=\"#wpgb-star-svg\" x=\"72\"><\/use>\n        <use xlink:href=\"#wpgb-star-svg\" x=\"96\"><\/use>\n    <\/symbol>\n<\/svg>\n<\/div>\n<div class=\"wpgb-wrapper\">\n\t<div class=\"wpgb-main\">\n\t<div class=\"wpgb-area wpgb-area-top-1\">\n\t<div class=\"wpgb-facet wpgb-loading wpgb-facet-6\" data-facet=\"6\" data-grid=\"12\"><\/div><div class=\"wpgb-facet wpgb-loading wpgb-facet-5\" data-facet=\"5\" data-grid=\"12\"><\/div><div class=\"wpgb-facet wpgb-loading wpgb-facet-1\" data-facet=\"1\" data-grid=\"12\"><\/div><\/div>\n<div class=\"wpgb-layout\">\n\t<div class=\"wpgb-viewport\">\n\t\t<div class=\"wpgb-masonry\">\n\t\t\t<article class=\"wpgb-card wpgb-card-3 wpgb-post-8233\" data-col=\"1\" data-row=\"1\" data-format=\"standard\"><div class=\"wpgb-card-wrapper\"><div class=\"wpgb-card-inner\" data-action><div class=\"wpgb-card-content wpgb-scheme-dark\"><div class=\"wpgb-card-body\"><h3 class=\"wpgb-block-1\"><a href=\"https:\/\/www.graymont.com\/fr\/rapport-transparence\/galong-publication-des-donnees-de-surveillance-de-la-qualite-de-leau\/\">Galong \u2013 Publication des donn\u00e9es de surveillance de la qualit\u00e9 de l&#8217;eau<\/a><\/h3><div class=\"wpgb-block-5\"><span class=\"wpgb-block-term\" data-id=\"340\">Rapports \u2013 Nouvelle-Galles du Sud<\/span><\/div><div class=\"wpgb-block-2\"><span class=\"wpgb-block-term\" data-id=\"585\">Fiches de donn\u00e9es de surveillance de la qualit\u00e9 de l&#039;eau<\/span><\/div><\/div><\/div><a class=\"wpgb-card-layer-link\" target=\"_blank\" rel=\"external noopener noreferrer\" href=\"https:\/\/www.graymont.com\/fr\/rapport-transparence\/galong-publication-des-donnees-de-surveillance-de-la-qualite-de-leau\/\"><\/a><\/div><\/div><\/article><article class=\"wpgb-card wpgb-card-3 wpgb-post-8061\" data-col=\"1\" data-row=\"1\" data-format=\"standard\"><div class=\"wpgb-card-wrapper\"><div class=\"wpgb-card-inner\" data-action><div class=\"wpgb-card-content wpgb-scheme-dark\"><div class=\"wpgb-card-body\"><h3 class=\"wpgb-block-1\"><a href=\"https:\/\/www.graymont.com\/fr\/rapport-transparence\/excelsior-publication-des-donnees-de-surveillance-de-la-pollution\/\">Excelsior &#8211; Publication des donn\u00e9es de surveillance de la pollution<\/a><\/h3><div class=\"wpgb-block-5\"><span class=\"wpgb-block-term\" data-id=\"340\">Rapports \u2013 Nouvelle-Galles du Sud<\/span><\/div><div class=\"wpgb-block-2\"><span class=\"wpgb-block-term\" data-id=\"358\">Fiches de donn\u00e9es de surveillance de la pollution<\/span><\/div><\/div><\/div><a class=\"wpgb-card-layer-link\" target=\"_blank\" rel=\"external noopener noreferrer\" href=\"https:\/\/www.graymont.com\/fr\/rapport-transparence\/excelsior-publication-des-donnees-de-surveillance-de-la-pollution\/\"><\/a><\/div><\/div><\/article><article class=\"wpgb-card wpgb-card-3 wpgb-post-6003\" data-col=\"1\" data-row=\"1\" data-format=\"standard\"><div class=\"wpgb-card-wrapper\"><div class=\"wpgb-card-inner\" data-action><div class=\"wpgb-card-content wpgb-scheme-dark\"><div class=\"wpgb-card-body\"><h3 class=\"wpgb-block-1\"><a href=\"https:\/\/www.graymont.com\/fr\/rapport-transparence\/attunga-plans-dintervention-en-cas-dincident\/\">Attunga \u2013 Plans d\u2019intervention en cas d\u2019incident<\/a><\/h3><div class=\"wpgb-block-5\"><span class=\"wpgb-block-term\" data-id=\"340\">Rapports \u2013 Nouvelle-Galles du Sud<\/span><\/div><div class=\"wpgb-block-2\"><span class=\"wpgb-block-term\" data-id=\"356\">Plans d\u2019intervention en cas d\u2019incident<\/span><\/div><\/div><\/div><a class=\"wpgb-card-layer-link\" target=\"_blank\" rel=\"external noopener noreferrer\" href=\"https:\/\/www.graymont.com\/fr\/rapport-transparence\/attunga-plans-dintervention-en-cas-dincident\/\"><\/a><\/div><\/div><\/article><article class=\"wpgb-card wpgb-card-3 wpgb-post-6004\" data-col=\"1\" data-row=\"1\" data-format=\"standard\"><div class=\"wpgb-card-wrapper\"><div class=\"wpgb-card-inner\" data-action><div class=\"wpgb-card-content wpgb-scheme-dark\"><div class=\"wpgb-card-body\"><h3 class=\"wpgb-block-1\"><a href=\"https:\/\/www.graymont.com\/fr\/rapport-transparence\/charbon-plans-dintervention-en-cas-dincident\/\">Charbon \u2013 Plans d\u2019intervention en cas d\u2019incident<\/a><\/h3><div class=\"wpgb-block-5\"><span class=\"wpgb-block-term\" data-id=\"340\">Rapports \u2013 Nouvelle-Galles du Sud<\/span><\/div><div class=\"wpgb-block-2\"><span class=\"wpgb-block-term\" data-id=\"356\">Plans d\u2019intervention en cas d\u2019incident<\/span><\/div><\/div><\/div><a class=\"wpgb-card-layer-link\" target=\"_blank\" rel=\"external noopener noreferrer\" href=\"https:\/\/www.graymont.com\/fr\/rapport-transparence\/charbon-plans-dintervention-en-cas-dincident\/\"><\/a><\/div><\/div><\/article><article class=\"wpgb-card wpgb-card-3 wpgb-post-6005\" data-col=\"1\" data-row=\"1\" data-format=\"standard\"><div class=\"wpgb-card-wrapper\"><div class=\"wpgb-card-inner\" data-action><div class=\"wpgb-card-content wpgb-scheme-dark\"><div class=\"wpgb-card-body\"><h3 class=\"wpgb-block-1\"><a href=\"https:\/\/www.graymont.com\/fr\/rapport-transparence\/excelsior-plans-dintervention-en-cas-dincident\/\">Excelsior \u2013 Plans d\u2019intervention en cas d\u2019incident<\/a><\/h3><div class=\"wpgb-block-5\"><span class=\"wpgb-block-term\" data-id=\"340\">Rapports \u2013 Nouvelle-Galles du Sud<\/span><\/div><div class=\"wpgb-block-2\"><span class=\"wpgb-block-term\" data-id=\"356\">Plans d\u2019intervention en cas d\u2019incident<\/span><\/div><\/div><\/div><a class=\"wpgb-card-layer-link\" target=\"_blank\" rel=\"external noopener noreferrer\" href=\"https:\/\/www.graymont.com\/fr\/rapport-transparence\/excelsior-plans-dintervention-en-cas-dincident\/\"><\/a><\/div><\/div><\/article><article class=\"wpgb-card wpgb-card-3 wpgb-post-6006\" data-col=\"1\" data-row=\"1\" data-format=\"standard\"><div class=\"wpgb-card-wrapper\"><div class=\"wpgb-card-inner\" data-action><div class=\"wpgb-card-content wpgb-scheme-dark\"><div class=\"wpgb-card-body\"><h3 class=\"wpgb-block-1\"><a href=\"https:\/\/www.graymont.com\/fr\/rapport-transparence\/galong-plans-dintervention-en-cas-dincident\/\">Galong \u2013 Plans d\u2019intervention en cas d\u2019incident<\/a><\/h3><div class=\"wpgb-block-5\"><span class=\"wpgb-block-term\" data-id=\"340\">Rapports \u2013 Nouvelle-Galles du Sud<\/span><\/div><div class=\"wpgb-block-2\"><span class=\"wpgb-block-term\" data-id=\"356\">Plans d\u2019intervention en cas d\u2019incident<\/span><\/div><\/div><\/div><a class=\"wpgb-card-layer-link\" target=\"_blank\" rel=\"external noopener noreferrer\" href=\"https:\/\/www.graymont.com\/fr\/rapport-transparence\/galong-plans-dintervention-en-cas-dincident\/\"><\/a><\/div><\/div><\/article><article class=\"wpgb-card wpgb-card-3 wpgb-post-6007\" data-col=\"1\" data-row=\"1\" data-format=\"standard\"><div class=\"wpgb-card-wrapper\"><div class=\"wpgb-card-inner\" data-action><div class=\"wpgb-card-content wpgb-scheme-dark\"><div class=\"wpgb-card-body\"><h3 class=\"wpgb-block-1\"><a href=\"https:\/\/www.graymont.com\/fr\/rapport-transparence\/sulcor-plans-dintervention-en-cas-dincident\/\">Sulcor \u2013 Plans d\u2019intervention en cas d\u2019incident<\/a><\/h3><div class=\"wpgb-block-5\"><span class=\"wpgb-block-term\" data-id=\"340\">Rapports \u2013 Nouvelle-Galles du Sud<\/span><\/div><div class=\"wpgb-block-2\"><span class=\"wpgb-block-term\" data-id=\"356\">Plans d\u2019intervention en cas d\u2019incident<\/span><\/div><\/div><\/div><a class=\"wpgb-card-layer-link\" target=\"_blank\" rel=\"external noopener noreferrer\" href=\"https:\/\/www.graymont.com\/fr\/rapport-transparence\/sulcor-plans-dintervention-en-cas-dincident\/\"><\/a><\/div><\/div><\/article><article class=\"wpgb-card wpgb-card-3 wpgb-post-6012\" data-col=\"1\" data-row=\"1\" data-format=\"standard\"><div class=\"wpgb-card-wrapper\"><div class=\"wpgb-card-inner\" data-action><div class=\"wpgb-card-content wpgb-scheme-dark\"><div class=\"wpgb-card-body\"><h3 class=\"wpgb-block-1\"><a href=\"https:\/\/www.graymont.com\/fr\/rapport-transparence\/attunga-publication-des-donnees-de-surveillance-de-la-pollution\/\">Attunga \u2013 Publication des donn\u00e9es de surveillance de la pollution<\/a><\/h3><div class=\"wpgb-block-5\"><span class=\"wpgb-block-term\" data-id=\"340\">Rapports \u2013 Nouvelle-Galles du Sud<\/span><\/div><div class=\"wpgb-block-2\"><span class=\"wpgb-block-term\" data-id=\"358\">Fiches de donn\u00e9es de surveillance de la pollution<\/span><\/div><\/div><\/div><a class=\"wpgb-card-layer-link\" target=\"_blank\" rel=\"external noopener noreferrer\" href=\"https:\/\/www.graymont.com\/fr\/rapport-transparence\/attunga-publication-des-donnees-de-surveillance-de-la-pollution\/\"><\/a><\/div><\/div><\/article><article class=\"wpgb-card wpgb-card-3 wpgb-post-6011\" data-col=\"1\" data-row=\"1\" data-format=\"standard\"><div class=\"wpgb-card-wrapper\"><div class=\"wpgb-card-inner\" data-action><div class=\"wpgb-card-content wpgb-scheme-dark\"><div class=\"wpgb-card-body\"><h3 class=\"wpgb-block-1\"><a href=\"https:\/\/www.graymont.com\/fr\/rapport-transparence\/charbon-publication-des-donnees-de-surveillance-de-la-pollution\/\">Charbon \u2013 Publication des donn\u00e9es de surveillance de la pollution<\/a><\/h3><div class=\"wpgb-block-5\"><span class=\"wpgb-block-term\" data-id=\"340\">Rapports \u2013 Nouvelle-Galles du Sud<\/span><\/div><div class=\"wpgb-block-2\"><span class=\"wpgb-block-term\" data-id=\"358\">Fiches de donn\u00e9es de surveillance de la pollution<\/span><\/div><\/div><\/div><a class=\"wpgb-card-layer-link\" target=\"_blank\" rel=\"external noopener noreferrer\" href=\"https:\/\/www.graymont.com\/fr\/rapport-transparence\/charbon-publication-des-donnees-de-surveillance-de-la-pollution\/\"><\/a><\/div><\/div><\/article><article class=\"wpgb-card wpgb-card-3 wpgb-post-6010\" data-col=\"1\" data-row=\"1\" data-format=\"standard\"><div class=\"wpgb-card-wrapper\"><div class=\"wpgb-card-inner\" data-action><div class=\"wpgb-card-content wpgb-scheme-dark\"><div class=\"wpgb-card-body\"><h3 class=\"wpgb-block-1\"><a href=\"https:\/\/www.graymont.com\/fr\/rapport-transparence\/galong-publication-des-donnees-de-surveillance-de-la-pollution\/\">Galong \u2013 Publication des donn\u00e9es de surveillance de la pollution<\/a><\/h3><div class=\"wpgb-block-5\"><span class=\"wpgb-block-term\" data-id=\"340\">Rapports \u2013 Nouvelle-Galles du Sud<\/span><\/div><div class=\"wpgb-block-2\"><span class=\"wpgb-block-term\" data-id=\"358\">Fiches de donn\u00e9es de surveillance de la pollution<\/span><\/div><\/div><\/div><a class=\"wpgb-card-layer-link\" target=\"_blank\" rel=\"external noopener noreferrer\" href=\"https:\/\/www.graymont.com\/fr\/rapport-transparence\/galong-publication-des-donnees-de-surveillance-de-la-pollution\/\"><\/a><\/div><\/div><\/article><article class=\"wpgb-card wpgb-card-3 wpgb-post-6009\" data-col=\"1\" data-row=\"1\" data-format=\"standard\"><div class=\"wpgb-card-wrapper\"><div class=\"wpgb-card-inner\" data-action><div class=\"wpgb-card-content wpgb-scheme-dark\"><div class=\"wpgb-card-body\"><h3 class=\"wpgb-block-1\"><a href=\"https:\/\/www.graymont.com\/fr\/rapport-transparence\/sulcor-publication-des-donnees-de-surveillance-de-la-pollution\/\">Sulcor \u2013 Publication des donn\u00e9es de surveillance de la pollution<\/a><\/h3><div class=\"wpgb-block-5\"><span class=\"wpgb-block-term\" data-id=\"340\">Rapports \u2013 Nouvelle-Galles du Sud<\/span><\/div><div class=\"wpgb-block-2\"><span class=\"wpgb-block-term\" data-id=\"358\">Fiches de donn\u00e9es de surveillance de la pollution<\/span><\/div><\/div><\/div><a class=\"wpgb-card-layer-link\" target=\"_blank\" rel=\"external noopener noreferrer\" href=\"https:\/\/www.graymont.com\/fr\/rapport-transparence\/sulcor-publication-des-donnees-de-surveillance-de-la-pollution\/\"><\/a><\/div><\/div><\/article>\t\t<\/div>\n\t<\/div>\n\t<\/div>\n<div class=\"wpgb-area wpgb-area-bottom-1\">\n\t<div class=\"wpgb-facet wpgb-loading wpgb-facet-3\" data-facet=\"3\" data-grid=\"12\"><\/div><\/div>\n\t<\/div>\n\t\t<\/div>\n<\/div>\n[\/vc_column_text][\/vc_column][\/vc_row][\/vc_section][vc_row][vc_column][vc_column_text css=&#8221;.vc_custom_1746723338218{margin-bottom: 0px !important;}&#8221;]<style><\/style><p class=\"attachment\"><a href='https:\/\/www.graymont.com\/wp-content\/uploads\/2025\/03\/Pollution-642-P6.000.04-Public-Notification-of-Pollution-1.pdf'><img decoding=\"async\" width=\"212\" height=\"300\" src=\"https:\/\/www.graymont.com\/wp-content\/uploads\/2025\/03\/Pollution-642-P6.000.04-Public-Notification-of-Pollution-1-pdf-212x300.jpg\" class=\"attachment-medium size-medium\" alt=\"\" \/><\/a><\/p>\n[\/vc_column_text][\/vc_column][\/vc_row]<\/p>\n<\/div>","protected":false},"excerpt":{"rendered":"<p>[vc_row full_width=&#8221;stretch_row&#8221; el_class=&#8221;subheader-hero acf-hero&#8221;][vc_column width=&#8221;2\/3&#8243;][vc_column_text css=&#8221;&#8221;] Rapports \u2013 Nouvelle-Galles du Sud [\/vc_column_text][\/vc_column][vc_column width=&#8221;1\/3&#8243;][\/vc_column][\/vc_row][vc_section full_width=&#8221;stretch_row&#8221; css=&#8221;.vc_custom_1742031307796{margin-top: 20px !important;}&#8221; el_class=&#8221;icon-bg-top-right&#8221;][vc_row css=&#8221;.vc_custom_1741986757463{margin-top: 45px !important;}&#8221;][vc_column width=&#8221;1\/4&#8243;][vc_column_text css=&#8221;&#8221;] CHOISIR UN RAPPORT:<span class=\"excerpt-hellip\"> [\u2026]<\/span><\/p>\n","protected":false},"author":1,"featured_media":-1,"parent":1464,"menu_order":230,"comment_status":"closed","ping_status":"closed","template":"","meta":{"_acf_changed":false,"footnotes":""},"class_list":["post-1544","page","type-page","status-publish","has-post-thumbnail","hentry"],"acf":[],"_links":{"self":[{"href":"https:\/\/www.graymont.com\/fr\/wp-json\/wp\/v2\/pages\/1544","targetHints":{"allow":["GET"]}}],"collection":[{"href":"https:\/\/www.graymont.com\/fr\/wp-json\/wp\/v2\/pages"}],"about":[{"href":"https:\/\/www.graymont.com\/fr\/wp-json\/wp\/v2\/types\/page"}],"author":[{"embeddable":true,"href":"https:\/\/www.graymont.com\/fr\/wp-json\/wp\/v2\/users\/1"}],"replies":[{"embeddable":true,"href":"https:\/\/www.graymont.com\/fr\/wp-json\/wp\/v2\/comments?post=1544"}],"version-history":[{"count":0,"href":"https:\/\/www.graymont.com\/fr\/wp-json\/wp\/v2\/pages\/1544\/revisions"}],"up":[{"embeddable":true,"href":"https:\/\/www.graymont.com\/fr\/wp-json\/wp\/v2\/pages\/1464"}],"wp:featuredmedia":[{"embeddable":true,"href":"https:\/\/www.graymont.com\/fr\/wp-json\/"}],"wp:attachment":[{"href":"https:\/\/www.graymont.com\/fr\/wp-json\/wp\/v2\/media?parent=1544"}],"curies":[{"name":"wp","href":"https:\/\/api.w.org\/{rel}","templated":true}]}}